{"id":21401,"date":"2023-07-10T09:36:31","date_gmt":"2023-07-10T02:36:31","guid":{"rendered":"https:\/\/safari.mx\/?page_id=21401"},"modified":"2024-10-07T17:36:48","modified_gmt":"2024-10-07T17:36:48","slug":"about","status":"publish","type":"page","link":"https:\/\/safari.mx\/index.php\/about\/","title":{"rendered":"About"},"content":{"rendered":"\t\t<div data-elementor-type=\"wp-page\" data-elementor-id=\"21401\" class=\"elementor elementor-21401\">\n\t\t\t\t<div class=\"elementor-element elementor-element-658c2d6 e-con-full e-flex e-con e-parent\" data-id=\"658c2d6\" data-element_type=\"container\" data-settings=\"{&quot;background_background&quot;:&quot;classic&quot;}\">\n\t\t<div class=\"elementor-element elementor-element-286da64 e-con-full e-flex e-con e-child\" data-id=\"286da64\" data-element_type=\"container\">\n\t\t\t\t<div class=\"elementor-element elementor-element-d860923 elementor-widget elementor-widget-image\" data-id=\"d860923\" data-element_type=\"widget\" data-widget_type=\"image.default\">\n\t\t\t\t<div class=\"elementor-widget-container\">\n\t\t\t<style>\/*! elementor - v3.23.0 - 23-07-2024 *\/\n.elementor-widget-image{text-align:center}.elementor-widget-image a{display:inline-block}.elementor-widget-image a img[src$=\".svg\"]{width:48px}.elementor-widget-image img{vertical-align:middle;display:inline-block}<\/style>\t\t\t\t\t\t\t\t\t\t<img decoding=\"async\" width=\"200\" height=\"108\" src=\"https:\/\/safari.mx\/wp-content\/uploads\/2015\/01\/SAFARI-LOGO.png\" class=\"attachment-full size-full wp-image-41305\" alt=\"\" \/>\t\t\t\t\t\t\t\t\t\t\t\t\t<\/div>\n\t\t\t\t<\/div>\n\t\t\t\t<div class=\"elementor-element elementor-element-c96d000 elementor-widget__width-initial elementor-widget elementor-widget-heading\" data-id=\"c96d000\" data-element_type=\"widget\" data-widget_type=\"heading.default\">\n\t\t\t\t<div class=\"elementor-widget-container\">\n\t\t\t<style>\/*! elementor - v3.23.0 - 23-07-2024 *\/\n.elementor-heading-title{padding:0;margin:0;line-height:1}.elementor-widget-heading .elementor-heading-title[class*=elementor-size-]>a{color:inherit;font-size:inherit;line-height:inherit}.elementor-widget-heading .elementor-heading-title.elementor-size-small{font-size:15px}.elementor-widget-heading .elementor-heading-title.elementor-size-medium{font-size:19px}.elementor-widget-heading .elementor-heading-title.elementor-size-large{font-size:29px}.elementor-widget-heading .elementor-heading-title.elementor-size-xl{font-size:39px}.elementor-widget-heading .elementor-heading-title.elementor-size-xxl{font-size:59px}<\/style><h2 class=\"elementor-heading-title elementor-size-default\">\u00a1Bienvenido a \n<b>Safari<\/b> Perfumeria y Decanst<\/h2>\t\t<\/div>\n\t\t\t\t<\/div>\n\t\t\t\t<div class=\"elementor-element elementor-element-7d1b4cc elementor-widget elementor-widget-heading\" data-id=\"7d1b4cc\" data-element_type=\"widget\" data-widget_type=\"heading.default\">\n\t\t\t\t<div class=\"elementor-widget-container\">\n\t\t\t<div class=\"elementor-heading-title elementor-size-default\">\n\nSomos una tienda en l\u00ednea mexicana especializada en la venta de Perfumes de las mejores marcas y dise\u00f1adores. En nuestra selecci\u00f3n podr\u00e1s encontrar una amplia variedad de fragancias, desde cl\u00e1sicas hasta las m\u00e1s recientes en el mercado.\n\n<\/div>\t\t<\/div>\n\t\t\t\t<\/div>\n\t\t\t\t<div class=\"elementor-element elementor-element-a2d7473 elementor-icon-list--layout-inline elementor-mobile-align-center elementor-list-item-link-full_width elementor-widget elementor-widget-icon-list\" data-id=\"a2d7473\" data-element_type=\"widget\" data-widget_type=\"icon-list.default\">\n\t\t\t\t<div class=\"elementor-widget-container\">\n\t\t\t<link rel=\"stylesheet\" href=\"https:\/\/safari.mx\/wp-content\/uploads\/elementor\/css\/custom-widget-icon-list.min.css?ver=1746058290\">\t\t<ul class=\"elementor-icon-list-items elementor-inline-items\">\n\t\t\t\t\t\t\t<li class=\"elementor-icon-list-item elementor-inline-item\">\n\t\t\t\t\t\t\t\t\t\t\t<span class=\"elementor-icon-list-icon\">\n\t\t\t\t\t\t\t<svg aria-hidden=\"true\" class=\"e-font-icon-svg e-fas-spray-can\" viewBox=\"0 0 512 512\" xmlns=\"http:\/\/www.w3.org\/2000\/svg\"><path d=\"M224 32c0-17.67-14.33-32-32-32h-64c-17.67 0-32 14.33-32 32v96h128V32zm256 96c-17.67 0-32 14.33-32 32s14.33 32 32 32 32-14.33 32-32-14.33-32-32-32zm-256 32H96c-53.02 0-96 42.98-96 96v224c0 17.67 14.33 32 32 32h256c17.67 0 32-14.33 32-32V256c0-53.02-42.98-96-96-96zm-64 256c-44.18 0-80-35.82-80-80s35.82-80 80-80 80 35.82 80 80-35.82 80-80 80zM480 96c17.67 0 32-14.33 32-32s-14.33-32-32-32-32 14.33-32 32 14.33 32 32 32zm-96 32c-17.67 0-32 14.33-32 32s14.33 32 32 32 32-14.33 32-32-14.33-32-32-32zm-96-96c-17.67 0-32 14.33-32 32s14.33 32 32 32 32-14.33 32-32-14.33-32-32-32zm96 0c-17.67 0-32 14.33-32 32s14.33 32 32 32 32-14.33 32-32-14.33-32-32-32zm96 192c-17.67 0-32 14.33-32 32s14.33 32 32 32 32-14.33 32-32-14.33-32-32-32z\"><\/path><\/svg>\t\t\t\t\t\t<\/span>\n\t\t\t\t\t\t\t\t\t\t<span class=\"elementor-icon-list-text\">100% Originales<\/span>\n\t\t\t\t\t\t\t\t\t<\/li>\n\t\t\t\t\t\t<\/ul>\n\t\t\t\t<\/div>\n\t\t\t\t<\/div>\n\t\t\t\t<div class=\"elementor-element elementor-element-606461f elementor-widget__width-initial elementor-widget elementor-widget-heading\" data-id=\"606461f\" data-element_type=\"widget\" data-widget_type=\"heading.default\">\n\t\t\t\t<div class=\"elementor-widget-container\">\n\t\t\t<div class=\"elementor-heading-title elementor-size-default\">En <b>Safari M\u00e9xico<\/b> nos apasiona el mundo de la perfumer\u00eda y por eso nos esforzamos por ofrecer a nuestros clientes productos de la m\u00e1s alta calidad y al mejor precio. Trabajamos directamente con los fabricantes y distribuidores para garantizar que cada perfume que vendemos sea aut\u00e9ntico y original.\n\nAdem\u00e1s encontrar\u00e1s una selecci\u00f3n de fragancias tarster, \u00e1rabes y exclusivas de dise\u00f1ador, para satisfacer todos los gustos y preferencias. Nuestro cat\u00e1logo se actualiza constantemente para ofrecerte las \u00faltimas novedades y tendencias en el mundo de la perfumer\u00eda. <BR>\n\nRealizamos env\u00edos a toda la Rep\u00fablica Mexicana, para que puedas disfrutar de tu fragancia favorita sin importar d\u00f3nde te encuentres. <BR> Nuestro equipo est\u00e1 comprometido en brindarte un excelente servicio al cliente, para que tu experiencia de compra sea r\u00e1pida, segura y satisfactoria.\n<\/div>\t\t<\/div>\n\t\t\t\t<\/div>\n\t\t\t\t<div class=\"elementor-element elementor-element-df50105 elementor-icon-list--layout-traditional elementor-list-item-link-full_width elementor-widget elementor-widget-icon-list\" data-id=\"df50105\" data-element_type=\"widget\" data-widget_type=\"icon-list.default\">\n\t\t\t\t<div class=\"elementor-widget-container\">\n\t\t\t\t\t<ul class=\"elementor-icon-list-items\">\n\t\t\t\t\t\t\t<li class=\"elementor-icon-list-item\">\n\t\t\t\t\t\t\t\t\t\t\t<span class=\"elementor-icon-list-icon\">\n\t\t\t\t\t\t\t<svg aria-hidden=\"true\" class=\"e-font-icon-svg e-fas-shipping-fast\" viewBox=\"0 0 640 512\" xmlns=\"http:\/\/www.w3.org\/2000\/svg\"><path d=\"M624 352h-16V243.9c0-12.7-5.1-24.9-14.1-33.9L494 110.1c-9-9-21.2-14.1-33.9-14.1H416V48c0-26.5-21.5-48-48-48H112C85.5 0 64 21.5 64 48v48H8c-4.4 0-8 3.6-8 8v16c0 4.4 3.6 8 8 8h272c4.4 0 8 3.6 8 8v16c0 4.4-3.6 8-8 8H40c-4.4 0-8 3.6-8 8v16c0 4.4 3.6 8 8 8h208c4.4 0 8 3.6 8 8v16c0 4.4-3.6 8-8 8H8c-4.4 0-8 3.6-8 8v16c0 4.4 3.6 8 8 8h208c4.4 0 8 3.6 8 8v16c0 4.4-3.6 8-8 8H64v128c0 53 43 96 96 96s96-43 96-96h128c0 53 43 96 96 96s96-43 96-96h48c8.8 0 16-7.2 16-16v-32c0-8.8-7.2-16-16-16zM160 464c-26.5 0-48-21.5-48-48s21.5-48 48-48 48 21.5 48 48-21.5 48-48 48zm320 0c-26.5 0-48-21.5-48-48s21.5-48 48-48 48 21.5 48 48-21.5 48-48 48zm80-208H416V144h44.1l99.9 99.9V256z\"><\/path><\/svg>\t\t\t\t\t\t<\/span>\n\t\t\t\t\t\t\t\t\t\t<span class=\"elementor-icon-list-text\">ENVIOS A TODA LA REPUBLICA M\u00c9XICANA<\/span>\n\t\t\t\t\t\t\t\t\t<\/li>\n\t\t\t\t\t\t\t\t<li class=\"elementor-icon-list-item\">\n\t\t\t\t\t\t\t\t\t\t\t<span class=\"elementor-icon-list-icon\">\n\t\t\t\t\t\t\t<svg aria-hidden=\"true\" class=\"e-font-icon-svg e-fas-comment-dots\" viewBox=\"0 0 512 512\" xmlns=\"http:\/\/www.w3.org\/2000\/svg\"><path d=\"M256 32C114.6 32 0 125.1 0 240c0 49.6 21.4 95 57 130.7C44.5 421.1 2.7 466 2.2 466.5c-2.2 2.3-2.8 5.7-1.5 8.7S4.8 480 8 480c66.3 0 116-31.8 140.6-51.4 32.7 12.3 69 19.4 107.4 19.4 141.4 0 256-93.1 256-208S397.4 32 256 32zM128 272c-17.7 0-32-14.3-32-32s14.3-32 32-32 32 14.3 32 32-14.3 32-32 32zm128 0c-17.7 0-32-14.3-32-32s14.3-32 32-32 32 14.3 32 32-14.3 32-32 32zm128 0c-17.7 0-32-14.3-32-32s14.3-32 32-32 32 14.3 32 32-14.3 32-32 32z\"><\/path><\/svg>\t\t\t\t\t\t<\/span>\n\t\t\t\t\t\t\t\t\t\t<span class=\"elementor-icon-list-text\">SERVICIO AL CLIENTE 24\/7<\/span>\n\t\t\t\t\t\t\t\t\t<\/li>\n\t\t\t\t\t\t<\/ul>\n\t\t\t\t<\/div>\n\t\t\t\t<\/div>\n\t\t\t\t<\/div>\n\t\t<div class=\"elementor-element elementor-element-c0f40e7 e-con-full e-flex e-con e-child\" data-id=\"c0f40e7\" data-element_type=\"container\">\n\t\t\t\t<div class=\"elementor-element elementor-element-cf4b98b elementor-widget elementor-widget-image\" data-id=\"cf4b98b\" data-element_type=\"widget\" data-widget_type=\"image.default\">\n\t\t\t\t<div class=\"elementor-widget-container\">\n\t\t\t\t\t\t\t\t\t\t\t\t\t<img fetchpriority=\"high\" decoding=\"async\" width=\"1818\" height=\"1822\" src=\"https:\/\/safari.mx\/wp-content\/uploads\/2024\/10\/Captura-de-pantalla-2024-10-04-a-las-5.12.03\u202fp.m.png\" class=\"attachment-full size-full wp-image-41312\" alt=\"\" srcset=\"https:\/\/safari.mx\/wp-content\/uploads\/2024\/10\/Captura-de-pantalla-2024-10-04-a-las-5.12.03\u202fp.m.png 1818w, https:\/\/safari.mx\/wp-content\/uploads\/2024\/10\/Captura-de-pantalla-2024-10-04-a-las-5.12.03\u202fp.m-300x300.png 300w, https:\/\/safari.mx\/wp-content\/uploads\/2024\/10\/Captura-de-pantalla-2024-10-04-a-las-5.12.03\u202fp.m-1022x1024.png 1022w, https:\/\/safari.mx\/wp-content\/uploads\/2024\/10\/Captura-de-pantalla-2024-10-04-a-las-5.12.03\u202fp.m-150x150.png 150w, https:\/\/safari.mx\/wp-content\/uploads\/2024\/10\/Captura-de-pantalla-2024-10-04-a-las-5.12.03\u202fp.m-768x770.png 768w, https:\/\/safari.mx\/wp-content\/uploads\/2024\/10\/Captura-de-pantalla-2024-10-04-a-las-5.12.03\u202fp.m-340x341.png 340w, https:\/\/safari.mx\/wp-content\/uploads\/2024\/10\/Captura-de-pantalla-2024-10-04-a-las-5.12.03\u202fp.m-120x120.png 120w, https:\/\/safari.mx\/wp-content\/uploads\/2024\/10\/Captura-de-pantalla-2024-10-04-a-las-5.12.03\u202fp.m-1533x1536.png 1533w, https:\/\/safari.mx\/wp-content\/uploads\/2024\/10\/Captura-de-pantalla-2024-10-04-a-las-5.12.03\u202fp.m-48x48.png 48w, https:\/\/safari.mx\/wp-content\/uploads\/2024\/10\/Captura-de-pantalla-2024-10-04-a-las-5.12.03\u202fp.m-1000x1002.png 1000w, https:\/\/safari.mx\/wp-content\/uploads\/2024\/10\/Captura-de-pantalla-2024-10-04-a-las-5.12.03\u202fp.m-100x100.png 100w, https:\/\/safari.mx\/wp-content\/uploads\/2024\/10\/Captura-de-pantalla-2024-10-04-a-las-5.12.03\u202fp.m-46x46.png 46w, https:\/\/safari.mx\/wp-content\/uploads\/2024\/10\/Captura-de-pantalla-2024-10-04-a-las-5.12.03\u202fp.m-1300x1303.png 1300w\" sizes=\"(max-width: 1818px) 100vw, 1818px\" \/>\t\t\t\t\t\t\t\t\t\t\t\t\t<\/div>\n\t\t\t\t<\/div>\n\t\t\t\t<\/div>\n\t\t\t\t<\/div>\n\t\t<div class=\"elementor-element elementor-element-c3006be e-flex e-con-boxed e-con e-parent\" data-id=\"c3006be\" data-element_type=\"container\">\n\t\t\t\t\t<div class=\"e-con-inner\">\n\t\t\t\t<div class=\"elementor-element elementor-element-33b1e94 elementor-widget elementor-widget-heading\" data-id=\"33b1e94\" data-element_type=\"widget\" data-widget_type=\"heading.default\">\n\t\t\t\t<div class=\"elementor-widget-container\">\n\t\t\t<h3 class=\"elementor-heading-title elementor-size-default\">En <b>Safari<\/b> creemos que cada perfume tiene el poder de evocar recuerdos, emociones y sensaciones \u00fanicas. Por eso nos dedicamos a ofrecerte las mejores opciones en perfumer\u00eda, para que puedas encontrar la fragancia perfecta que refleje tu personalidad y estilo.\n<BR>\n\n\u00a1Gracias por visitar Safari y confiar en nosotros para encontrar tu perfume ideal! \u00a1Esperamos que disfrutes de tu experiencia de compra con nosotros!<\/h3>\t\t<\/div>\n\t\t\t\t<\/div>\n\t\t\t\t\t<\/div>\n\t\t\t\t<\/div>\n\t\t<div class=\"elementor-element elementor-element-c5e3d43 e-con-full e-flex e-con e-parent\" data-id=\"c5e3d43\" data-element_type=\"container\">\n\t\t\t\t<div class=\"elementor-element elementor-element-2873346 elementor-widget-divider--view-line elementor-widget elementor-widget-divider\" data-id=\"2873346\" data-element_type=\"widget\" data-widget_type=\"divider.default\">\n\t\t\t\t<div class=\"elementor-widget-container\">\n\t\t\t<style>\/*! elementor - v3.23.0 - 23-07-2024 *\/\n.elementor-widget-divider{--divider-border-style:none;--divider-border-width:1px;--divider-color:#0c0d0e;--divider-icon-size:20px;--divider-element-spacing:10px;--divider-pattern-height:24px;--divider-pattern-size:20px;--divider-pattern-url:none;--divider-pattern-repeat:repeat-x}.elementor-widget-divider .elementor-divider{display:flex}.elementor-widget-divider .elementor-divider__text{font-size:15px;line-height:1;max-width:95%}.elementor-widget-divider .elementor-divider__element{margin:0 var(--divider-element-spacing);flex-shrink:0}.elementor-widget-divider .elementor-icon{font-size:var(--divider-icon-size)}.elementor-widget-divider .elementor-divider-separator{display:flex;margin:0;direction:ltr}.elementor-widget-divider--view-line_icon .elementor-divider-separator,.elementor-widget-divider--view-line_text .elementor-divider-separator{align-items:center}.elementor-widget-divider--view-line_icon .elementor-divider-separator:after,.elementor-widget-divider--view-line_icon .elementor-divider-separator:before,.elementor-widget-divider--view-line_text .elementor-divider-separator:after,.elementor-widget-divider--view-line_text .elementor-divider-separator:before{display:block;content:\"\";border-block-end:0;flex-grow:1;border-block-start:var(--divider-border-width) var(--divider-border-style) var(--divider-color)}.elementor-widget-divider--element-align-left .elementor-divider .elementor-divider-separator>.elementor-divider__svg:first-of-type{flex-grow:0;flex-shrink:100}.elementor-widget-divider--element-align-left .elementor-divider-separator:before{content:none}.elementor-widget-divider--element-align-left .elementor-divider__element{margin-left:0}.elementor-widget-divider--element-align-right .elementor-divider .elementor-divider-separator>.elementor-divider__svg:last-of-type{flex-grow:0;flex-shrink:100}.elementor-widget-divider--element-align-right .elementor-divider-separator:after{content:none}.elementor-widget-divider--element-align-right .elementor-divider__element{margin-right:0}.elementor-widget-divider--element-align-start .elementor-divider .elementor-divider-separator>.elementor-divider__svg:first-of-type{flex-grow:0;flex-shrink:100}.elementor-widget-divider--element-align-start .elementor-divider-separator:before{content:none}.elementor-widget-divider--element-align-start .elementor-divider__element{margin-inline-start:0}.elementor-widget-divider--element-align-end .elementor-divider .elementor-divider-separator>.elementor-divider__svg:last-of-type{flex-grow:0;flex-shrink:100}.elementor-widget-divider--element-align-end .elementor-divider-separator:after{content:none}.elementor-widget-divider--element-align-end .elementor-divider__element{margin-inline-end:0}.elementor-widget-divider:not(.elementor-widget-divider--view-line_text):not(.elementor-widget-divider--view-line_icon) .elementor-divider-separator{border-block-start:var(--divider-border-width) var(--divider-border-style) var(--divider-color)}.elementor-widget-divider--separator-type-pattern{--divider-border-style:none}.elementor-widget-divider--separator-type-pattern.elementor-widget-divider--view-line .elementor-divider-separator,.elementor-widget-divider--separator-type-pattern:not(.elementor-widget-divider--view-line) .elementor-divider-separator:after,.elementor-widget-divider--separator-type-pattern:not(.elementor-widget-divider--view-line) .elementor-divider-separator:before,.elementor-widget-divider--separator-type-pattern:not([class*=elementor-widget-divider--view]) .elementor-divider-separator{width:100%;min-height:var(--divider-pattern-height);-webkit-mask-size:var(--divider-pattern-size) 100%;mask-size:var(--divider-pattern-size) 100%;-webkit-mask-repeat:var(--divider-pattern-repeat);mask-repeat:var(--divider-pattern-repeat);background-color:var(--divider-color);-webkit-mask-image:var(--divider-pattern-url);mask-image:var(--divider-pattern-url)}.elementor-widget-divider--no-spacing{--divider-pattern-size:auto}.elementor-widget-divider--bg-round{--divider-pattern-repeat:round}.rtl .elementor-widget-divider .elementor-divider__text{direction:rtl}.e-con-inner>.elementor-widget-divider,.e-con>.elementor-widget-divider{width:var(--container-widget-width,100%);--flex-grow:var(--container-widget-flex-grow)}<\/style>\t\t<div class=\"elementor-divider\">\n\t\t\t<span class=\"elementor-divider-separator\">\n\t\t\t\t\t\t<\/span>\n\t\t<\/div>\n\t\t\t\t<\/div>\n\t\t\t\t<\/div>\n\t\t\t\t<\/div>\n\t\t<div class=\"elementor-element elementor-element-4aeab1d e-con-full e-flex e-con e-parent\" data-id=\"4aeab1d\" data-element_type=\"container\">\n\t\t\t\t<div class=\"elementor-element elementor-element-3ae7540 elementor-widget-divider--view-line elementor-widget elementor-widget-divider\" data-id=\"3ae7540\" data-element_type=\"widget\" data-widget_type=\"divider.default\">\n\t\t\t\t<div class=\"elementor-widget-container\">\n\t\t\t\t\t<div class=\"elementor-divider\">\n\t\t\t<span class=\"elementor-divider-separator\">\n\t\t\t\t\t\t<\/span>\n\t\t<\/div>\n\t\t\t\t<\/div>\n\t\t\t\t<\/div>\n\t\t\t\t<\/div>\n\t\t<div class=\"elementor-element elementor-element-3f11351 e-flex e-con-boxed e-con e-parent\" data-id=\"3f11351\" data-element_type=\"container\">\n\t\t\t\t\t<div class=\"e-con-inner\">\n\t\t\t\t<div class=\"elementor-element elementor-element-42636ae elementor-widget elementor-widget-ts-instagram\" data-id=\"42636ae\" data-element_type=\"widget\" data-widget_type=\"ts-instagram.default\">\n\t\t\t\t<div class=\"elementor-widget-container\">\n\t\t\t\t\t<div class=\"ts-instagram-elementor-widget style-ziczac title-center\">\n\t\t\t<header class=\"shortcode-heading-wrapper\">\n\t\t\t\t\t\t\t\t<h2 class=\"shortcode-title\">\n\t\t\t\t\tSiguenos en Instagram\t\t\t\t<\/h2>\n\t\t\t\t\t\t\t<\/header>\n\t\t<section class=\"widget-container ts-instagram-widget\">Can not refresh Instagram token. It may be incorrect.<\/section>\t\t<\/div>\n\t\t\t\t<\/div>\n\t\t\t\t<\/div>\n\t\t<div class=\"elementor-element elementor-element-91a44cc e-con-full e-flex e-con e-child\" data-id=\"91a44cc\" data-element_type=\"container\">\n\t\t\t\t<\/div>\n\t\t\t\t\t<\/div>\n\t\t\t\t<\/div>\n\t\t\t\t<\/div>\n\t\t","protected":false},"excerpt":{"rendered":"<p>\u00a1Bienvenido a Safari Perfumeria y Decanst Somos una tienda en l\u00ednea mexicana especializada en la venta de Perfumes de las mejores marcas y dise\u00f1adores. En nuestra selecci\u00f3n podr\u00e1s encontrar una amplia variedad de fragancias, desde cl\u00e1sicas hasta las m\u00e1s recientes en el mercado. 100% Originales En Safari M\u00e9xico nos apasiona el mundo de la perfumer\u00eda [&hellip;]<\/p>\n","protected":false},"author":1,"featured_media":0,"parent":0,"menu_order":0,"comment_status":"closed","ping_status":"closed","template":"","meta":{"footnotes":""},"class_list":["post-21401","page","type-page","status-publish","hentry"],"aioseo_notices":[],"_links":{"self":[{"href":"https:\/\/safari.mx\/index.php\/wp-json\/wp\/v2\/pages\/21401","targetHints":{"allow":["GET"]}}],"collection":[{"href":"https:\/\/safari.mx\/index.php\/wp-json\/wp\/v2\/pages"}],"about":[{"href":"https:\/\/safari.mx\/index.php\/wp-json\/wp\/v2\/types\/page"}],"author":[{"embeddable":true,"href":"https:\/\/safari.mx\/index.php\/wp-json\/wp\/v2\/users\/1"}],"replies":[{"embeddable":true,"href":"https:\/\/safari.mx\/index.php\/wp-json\/wp\/v2\/comments?post=21401"}],"version-history":[{"count":22,"href":"https:\/\/safari.mx\/index.php\/wp-json\/wp\/v2\/pages\/21401\/revisions"}],"predecessor-version":[{"id":41415,"href":"https:\/\/safari.mx\/index.php\/wp-json\/wp\/v2\/pages\/21401\/revisions\/41415"}],"wp:attachment":[{"href":"https:\/\/safari.mx\/index.php\/wp-json\/wp\/v2\/media?parent=21401"}],"curies":[{"name":"wp","href":"https:\/\/api.w.org\/{rel}","templated":true}]}}