{"id":31743,"date":"2024-08-13T08:04:42","date_gmt":"2024-08-13T08:04:42","guid":{"rendered":"https:\/\/safari.mx\/index.php\/product\/club-de-nuit-intense-eau-de-toilette-105ml-armaf\/"},"modified":"2024-08-13T08:04:47","modified_gmt":"2024-08-13T08:04:47","slug":"club-de-nuit-intense-eau-de-toilette-105ml-armaf","status":"publish","type":"product","link":"https:\/\/safari.mx\/index.php\/product\/club-de-nuit-intense-eau-de-toilette-105ml-armaf\/","title":{"rendered":"Club De Nuit Intense Eau De Toilette &#8211; 105ml- Armaf"},"content":{"rendered":"<p>Acordes: Citrico, Afrutado, Cuero, Ahumado, Amaderado, Aromatico, Dulce.<\/p>\n","protected":false},"excerpt":{"rendered":"<p><b>Club de Nuit Intense Man<\/b>\u00a0de\u00a0<b>Armaf<\/b>\u00a0es una fragancia de la familia olfativa Amaderada Especiada para Hombres.\u00a0<b>Club de Nuit Intense Man<\/b>\u00a0se lanz\u00f3 en 2015. Las Notas de Salida son lim\u00f3n (lima \u00e1cida), pi\u00f1a, bergamota, grosellas negras y manzana; las Notas de Coraz\u00f3n son abedul, jazm\u00edn y rosa; las Notas de Fondo son almizcle, \u00e1mbar gris, pachul\u00ed y vainilla.<\/p>\n","protected":false},"featured_media":31745,"comment_status":"open","ping_status":"open","template":"","meta":[],"product_cat":[633,372,373,342,340,354,343,339,351,428,430],"product_tag":[],"class_list":{"0":"post-31743","1":"product","2":"type-product","3":"status-publish","4":"has-post-thumbnail","6":"product_cat-perfumes-arabes-perfumes-de-linea","7":"product_cat-arabe-clasificacion","8":"product_cat-armaf-marca","9":"product_cat-clasificacion","10":"product_cat-concentracion","11":"product_cat-eau-de-toilette-concentracion","12":"product_cat-genero","13":"product_cat-marca","14":"product_cat-masculino-genero","15":"product_cat-perfumes-de-linea","16":"product_cat-perfumes-de-linea-caballero","17":"ts_product_brand-armaf","19":"first","20":"instock","21":"purchasable","22":"product-type-simple","23":"add-to-wishlist-after_add_to_cart"},"aioseo_notices":[],"_links":{"self":[{"href":"https:\/\/safari.mx\/index.php\/wp-json\/wp\/v2\/product\/31743","targetHints":{"allow":["GET"]}}],"collection":[{"href":"https:\/\/safari.mx\/index.php\/wp-json\/wp\/v2\/product"}],"about":[{"href":"https:\/\/safari.mx\/index.php\/wp-json\/wp\/v2\/types\/product"}],"replies":[{"embeddable":true,"href":"https:\/\/safari.mx\/index.php\/wp-json\/wp\/v2\/comments?post=31743"}],"wp:featuredmedia":[{"embeddable":true,"href":"https:\/\/safari.mx\/index.php\/wp-json\/wp\/v2\/media\/31745"}],"wp:attachment":[{"href":"https:\/\/safari.mx\/index.php\/wp-json\/wp\/v2\/media?parent=31743"}],"wp:term":[{"taxonomy":"product_cat","embeddable":true,"href":"https:\/\/safari.mx\/index.php\/wp-json\/wp\/v2\/product_cat?post=31743"},{"taxonomy":"product_tag","embeddable":true,"href":"https:\/\/safari.mx\/index.php\/wp-json\/wp\/v2\/product_tag?post=31743"}],"curies":[{"name":"wp","href":"https:\/\/api.w.org\/{rel}","templated":true}]}}