{"id":31771,"date":"2024-08-13T08:05:33","date_gmt":"2024-08-13T08:05:33","guid":{"rendered":"https:\/\/safari.mx\/index.php\/product\/club-de-nuit-urban-elixir-105ml-armaf\/"},"modified":"2024-08-13T08:05:37","modified_gmt":"2024-08-13T08:05:37","slug":"club-de-nuit-sillage-105ml-armaf-2","status":"publish","type":"product","link":"https:\/\/safari.mx\/index.php\/product\/club-de-nuit-sillage-105ml-armaf-2\/","title":{"rendered":"Club de Nuit Sillage &#8211; 105ml &#8211; Armaf"},"content":{"rendered":"<p>Acordes: Citrico, Amaderado, Almizclado, Atalcado, Afrutados, Aromaticos.<\/p>\n","protected":false},"excerpt":{"rendered":"<p><b>Club de Nuit Sillage<\/b>\u00a0de\u00a0<b>Armaf<\/b>\u00a0es una fragancia de la familia olfativa Almizcle Floral Amaderado para Hombres y Mujeres. Esta fragrancia es nueva.\u00a0<b>Club de Nuit Sillage<\/b>\u00a0se lanz\u00f3 en 2020. Las Notas de Salida son bergamota, grosellas negras, lim\u00f3n (lima \u00e1cida), lima (lim\u00f3n verde), hojas de violeta y jengibre; las Notas de Coraz\u00f3n son rosa, iris y jazm\u00edn; las Notas de Fondo son ambroxan, almizcle, s\u00e1ndalo y cedro.<\/p>\n","protected":false},"featured_media":31772,"comment_status":"open","ping_status":"open","template":"","meta":[],"product_cat":[633,372,373,342,340,362,343,339,428,430,348],"product_tag":[],"class_list":{"0":"post-31771","1":"product","2":"type-product","3":"status-publish","4":"has-post-thumbnail","6":"product_cat-perfumes-arabes-perfumes-de-linea","7":"product_cat-arabe-clasificacion","8":"product_cat-armaf-marca","9":"product_cat-clasificacion","10":"product_cat-concentracion","11":"product_cat-eau-de-parfum-concentracion","12":"product_cat-genero","13":"product_cat-marca","14":"product_cat-perfumes-de-linea","15":"product_cat-perfumes-de-linea-caballero","16":"product_cat-unisex-genero","17":"ts_product_brand-armaf","19":"first","20":"instock","21":"purchasable","22":"product-type-simple","23":"add-to-wishlist-after_add_to_cart"},"aioseo_notices":[],"_links":{"self":[{"href":"https:\/\/safari.mx\/index.php\/wp-json\/wp\/v2\/product\/31771","targetHints":{"allow":["GET"]}}],"collection":[{"href":"https:\/\/safari.mx\/index.php\/wp-json\/wp\/v2\/product"}],"about":[{"href":"https:\/\/safari.mx\/index.php\/wp-json\/wp\/v2\/types\/product"}],"replies":[{"embeddable":true,"href":"https:\/\/safari.mx\/index.php\/wp-json\/wp\/v2\/comments?post=31771"}],"wp:featuredmedia":[{"embeddable":true,"href":"https:\/\/safari.mx\/index.php\/wp-json\/wp\/v2\/media\/31772"}],"wp:attachment":[{"href":"https:\/\/safari.mx\/index.php\/wp-json\/wp\/v2\/media?parent=31771"}],"wp:term":[{"taxonomy":"product_cat","embeddable":true,"href":"https:\/\/safari.mx\/index.php\/wp-json\/wp\/v2\/product_cat?post=31771"},{"taxonomy":"product_tag","embeddable":true,"href":"https:\/\/safari.mx\/index.php\/wp-json\/wp\/v2\/product_tag?post=31771"}],"curies":[{"name":"wp","href":"https:\/\/api.w.org\/{rel}","templated":true}]}}