{"id":31773,"date":"2024-08-13T08:05:25","date_gmt":"2024-08-13T08:05:25","guid":{"rendered":"https:\/\/safari.mx\/index.php\/product\/club-de-nuit-white-imperiale-105ml-armaf\/"},"modified":"2024-08-13T08:05:29","modified_gmt":"2024-08-13T08:05:29","slug":"club-de-nuit-white-imperiale-105ml-armaf","status":"publish","type":"product","link":"https:\/\/safari.mx\/index.php\/product\/club-de-nuit-white-imperiale-105ml-armaf\/","title":{"rendered":"Club de Nuit White Imperiale &#8211; 105ml &#8211; Armaf"},"content":{"rendered":"<p>Acordes: Rosas, Florales, Avainillado, Fresco, Atalcado, Almizclado.<\/p>\n","protected":false},"excerpt":{"rendered":"<p><b>Club de Nuit White Imperiale<\/b>\u00a0de\u00a0<b>Armaf<\/b>\u00a0es una fragancia de la familia olfativa para Mujeres. Esta fragrancia es nueva.\u00a0<b>Club de Nuit White Imperiale<\/b>\u00a0se lanz\u00f3 en 2022. Las Notas de Salida son lichi, bergamota y nuez moscada; las Notas de Coraz\u00f3n son rosa turca, vainilla, peon\u00eda y almizcle; las Notas de Fondo son vainilla, cachemira, incienso y cedro.<\/p>\n","protected":false},"featured_media":31080,"comment_status":"open","ping_status":"open","template":"","meta":[],"product_cat":[633,639,372,373,342,340,362,370,343,339,428],"product_tag":[],"class_list":{"0":"post-31773","1":"product","2":"type-product","3":"status-publish","4":"has-post-thumbnail","6":"product_cat-perfumes-arabes-perfumes-de-linea","7":"product_cat-perfumes-de-linea-dama-perfumes-de-linea","8":"product_cat-arabe-clasificacion","9":"product_cat-armaf-marca","10":"product_cat-clasificacion","11":"product_cat-concentracion","12":"product_cat-eau-de-parfum-concentracion","13":"product_cat-femenino-genero","14":"product_cat-genero","15":"product_cat-marca","16":"product_cat-perfumes-de-linea","17":"ts_product_brand-armaf","19":"first","20":"instock","21":"purchasable","22":"product-type-simple","23":"add-to-wishlist-after_add_to_cart"},"aioseo_notices":[],"_links":{"self":[{"href":"https:\/\/safari.mx\/index.php\/wp-json\/wp\/v2\/product\/31773","targetHints":{"allow":["GET"]}}],"collection":[{"href":"https:\/\/safari.mx\/index.php\/wp-json\/wp\/v2\/product"}],"about":[{"href":"https:\/\/safari.mx\/index.php\/wp-json\/wp\/v2\/types\/product"}],"replies":[{"embeddable":true,"href":"https:\/\/safari.mx\/index.php\/wp-json\/wp\/v2\/comments?post=31773"}],"wp:featuredmedia":[{"embeddable":true,"href":"https:\/\/safari.mx\/index.php\/wp-json\/wp\/v2\/media\/31080"}],"wp:attachment":[{"href":"https:\/\/safari.mx\/index.php\/wp-json\/wp\/v2\/media?parent=31773"}],"wp:term":[{"taxonomy":"product_cat","embeddable":true,"href":"https:\/\/safari.mx\/index.php\/wp-json\/wp\/v2\/product_cat?post=31773"},{"taxonomy":"product_tag","embeddable":true,"href":"https:\/\/safari.mx\/index.php\/wp-json\/wp\/v2\/product_tag?post=31773"}],"curies":[{"name":"wp","href":"https:\/\/api.w.org\/{rel}","templated":true}]}}