{"id":31833,"date":"2024-08-13T08:10:20","date_gmt":"2024-08-13T08:10:20","guid":{"rendered":"https:\/\/safari.mx\/index.php\/product\/versace-bright-crystal-90ml-edt-versace\/"},"modified":"2024-08-13T08:10:24","modified_gmt":"2024-08-13T08:10:24","slug":"versace-bright-crystal-90ml-edt-versace","status":"publish","type":"product","link":"https:\/\/safari.mx\/index.php\/product\/versace-bright-crystal-90ml-edt-versace\/","title":{"rendered":"Versace Bright Crystal 90ml EDT &#8211; Versace"},"content":{"rendered":"<p>Acordes: Florales, Fresco, Citrico, Acuatico, Amaderado.<\/p>\n","protected":false},"excerpt":{"rendered":"<p><b>Bright Crystal<\/b>\u00a0de\u00a0<b>Versace<\/b>\u00a0es una fragancia de la familia olfativa Floral Frutal para Mujeres.\u00a0<b>Bright Crystal<\/b>\u00a0se lanz\u00f3 en 2006. La Nariz detr\u00e1s de esta fragrancia es Alberto Morillas. Las Notas de Salida son yuzu, granada y Hielo; las Notas de Coraz\u00f3n son peon\u00eda, flor de loto y magnolia; las Notas de Fondo son almizcle, caoba y \u00e1mbar.<\/p>\n","protected":false},"featured_media":31834,"comment_status":"open","ping_status":"open","template":"","meta":[],"product_cat":[639,495,342,340,353,354,370,343,339,428,431],"product_tag":[],"class_list":{"0":"post-31833","1":"product","2":"type-product","3":"status-publish","4":"has-post-thumbnail","6":"product_cat-perfumes-de-linea-dama-perfumes-de-linea","7":"product_cat-versace-marca","8":"product_cat-clasificacion","9":"product_cat-concentracion","10":"product_cat-disenador-clasificacion","11":"product_cat-eau-de-toilette-concentracion","12":"product_cat-femenino-genero","13":"product_cat-genero","14":"product_cat-marca","15":"product_cat-perfumes-de-linea","16":"product_cat-perfumes-disenador-perfumes-de-linea","17":"ts_product_brand-versace","19":"first","20":"instock","21":"purchasable","22":"product-type-simple","23":"add-to-wishlist-after_add_to_cart"},"aioseo_notices":[],"_links":{"self":[{"href":"https:\/\/safari.mx\/index.php\/wp-json\/wp\/v2\/product\/31833","targetHints":{"allow":["GET"]}}],"collection":[{"href":"https:\/\/safari.mx\/index.php\/wp-json\/wp\/v2\/product"}],"about":[{"href":"https:\/\/safari.mx\/index.php\/wp-json\/wp\/v2\/types\/product"}],"replies":[{"embeddable":true,"href":"https:\/\/safari.mx\/index.php\/wp-json\/wp\/v2\/comments?post=31833"}],"wp:featuredmedia":[{"embeddable":true,"href":"https:\/\/safari.mx\/index.php\/wp-json\/wp\/v2\/media\/31834"}],"wp:attachment":[{"href":"https:\/\/safari.mx\/index.php\/wp-json\/wp\/v2\/media?parent=31833"}],"wp:term":[{"taxonomy":"product_cat","embeddable":true,"href":"https:\/\/safari.mx\/index.php\/wp-json\/wp\/v2\/product_cat?post=31833"},{"taxonomy":"product_tag","embeddable":true,"href":"https:\/\/safari.mx\/index.php\/wp-json\/wp\/v2\/product_tag?post=31833"}],"curies":[{"name":"wp","href":"https:\/\/api.w.org\/{rel}","templated":true}]}}