{"id":31946,"date":"2024-08-13T08:17:06","date_gmt":"2024-08-13T08:17:06","guid":{"rendered":"https:\/\/safari.mx\/index.php\/product\/cloud-100ml-edp-ariana-grande\/"},"modified":"2024-08-13T08:17:11","modified_gmt":"2024-08-13T08:17:11","slug":"cloud-100ml-edp-ariana-grande","status":"publish","type":"product","link":"https:\/\/safari.mx\/index.php\/product\/cloud-100ml-edp-ariana-grande\/","title":{"rendered":"Cloud 100ml EDP &#8211; Ariana Grande"},"content":{"rendered":"<p><strong>Acordes:<\/strong> Dulce, Lactonico, Avainillado, Coco, Almizclado.<\/p>\n","protected":false},"excerpt":{"rendered":"<p><b>Cloud<\/b>\u00a0de\u00a0<b>Ariana Grande<\/b>\u00a0es una fragancia de la familia olfativa Floral Frutal Gourmand para Mujeres.\u00a0<b>Cloud<\/b>\u00a0se lanz\u00f3 en 2018. La Nariz detr\u00e1s de esta fragrancia es Clement Gavarry. Las Notas de Salida son lavanda, pera y bergamota; las Notas de Coraz\u00f3n son crema batida, pralin\u00e9, coco y orqu\u00eddea de vainilla; las Notas de Fondo son almizcle y notas amaderadas.<\/p>\n","protected":false},"featured_media":31938,"comment_status":"open","ping_status":"open","template":"","meta":[],"product_cat":[639,367,368,342,340,362,370,343,339,428,431],"product_tag":[],"class_list":{"0":"post-31946","1":"product","2":"type-product","3":"status-publish","4":"has-post-thumbnail","6":"product_cat-perfumes-de-linea-dama-perfumes-de-linea","7":"product_cat-ariana-grande-marca","8":"product_cat-celebridad-clasificacion","9":"product_cat-clasificacion","10":"product_cat-concentracion","11":"product_cat-eau-de-parfum-concentracion","12":"product_cat-femenino-genero","13":"product_cat-genero","14":"product_cat-marca","15":"product_cat-perfumes-de-linea","16":"product_cat-perfumes-disenador-perfumes-de-linea","17":"ts_product_brand-ariana-grande","19":"first","20":"instock","21":"purchasable","22":"product-type-simple","23":"add-to-wishlist-after_add_to_cart"},"aioseo_notices":[],"_links":{"self":[{"href":"https:\/\/safari.mx\/index.php\/wp-json\/wp\/v2\/product\/31946","targetHints":{"allow":["GET"]}}],"collection":[{"href":"https:\/\/safari.mx\/index.php\/wp-json\/wp\/v2\/product"}],"about":[{"href":"https:\/\/safari.mx\/index.php\/wp-json\/wp\/v2\/types\/product"}],"replies":[{"embeddable":true,"href":"https:\/\/safari.mx\/index.php\/wp-json\/wp\/v2\/comments?post=31946"}],"wp:featuredmedia":[{"embeddable":true,"href":"https:\/\/safari.mx\/index.php\/wp-json\/wp\/v2\/media\/31938"}],"wp:attachment":[{"href":"https:\/\/safari.mx\/index.php\/wp-json\/wp\/v2\/media?parent=31946"}],"wp:term":[{"taxonomy":"product_cat","embeddable":true,"href":"https:\/\/safari.mx\/index.php\/wp-json\/wp\/v2\/product_cat?post=31946"},{"taxonomy":"product_tag","embeddable":true,"href":"https:\/\/safari.mx\/index.php\/wp-json\/wp\/v2\/product_tag?post=31946"}],"curies":[{"name":"wp","href":"https:\/\/api.w.org\/{rel}","templated":true}]}}