{"id":31947,"date":"2024-08-13T08:17:15","date_gmt":"2024-08-13T08:17:15","guid":{"rendered":"https:\/\/safari.mx\/index.php\/product\/r-e-m-edp-100-ml-ariana-grande\/"},"modified":"2024-08-13T08:17:17","modified_gmt":"2024-08-13T08:17:17","slug":"r-e-m-edp-100-ml-ariana-grande","status":"publish","type":"product","link":"https:\/\/safari.mx\/index.php\/product\/r-e-m-edp-100-ml-ariana-grande\/","title":{"rendered":"R.E.M EDP 100 ml &#8211; Ariana Grande"},"content":{"rendered":"<p><strong>Acordes:<\/strong> Dulce, Lavanda, Atalcado, Caramelo, Afrutado, Salado, Aromatico.<\/p>\n","protected":false},"excerpt":{"rendered":"<p><b>R.E.M.<\/b>\u00a0de\u00a0<b>Ariana Grande<\/b>\u00a0es una fragancia de la familia olfativa \u00c1mbar Vainilla para Mujeres. Esta fragrancia es nueva.\u00a0<b>R.E.M.<\/b>\u00a0se lanz\u00f3 en 2020. Las Notas de Salida son Zefir, caramelo, sal, higo y membrillo; las Notas de Coraz\u00f3n son lavanda y flor del peral; las Notas de Fondo son almizcle, haba tonka y s\u00e1ndalo.<\/p>\n","protected":false},"featured_media":31937,"comment_status":"open","ping_status":"open","template":"","meta":[],"product_cat":[639,367,368,342,340,362,370,343,339,428,431],"product_tag":[],"class_list":{"0":"post-31947","1":"product","2":"type-product","3":"status-publish","4":"has-post-thumbnail","6":"product_cat-perfumes-de-linea-dama-perfumes-de-linea","7":"product_cat-ariana-grande-marca","8":"product_cat-celebridad-clasificacion","9":"product_cat-clasificacion","10":"product_cat-concentracion","11":"product_cat-eau-de-parfum-concentracion","12":"product_cat-femenino-genero","13":"product_cat-genero","14":"product_cat-marca","15":"product_cat-perfumes-de-linea","16":"product_cat-perfumes-disenador-perfumes-de-linea","17":"ts_product_brand-ariana-grande","19":"first","20":"instock","21":"purchasable","22":"product-type-simple","23":"add-to-wishlist-after_add_to_cart"},"aioseo_notices":[],"_links":{"self":[{"href":"https:\/\/safari.mx\/index.php\/wp-json\/wp\/v2\/product\/31947","targetHints":{"allow":["GET"]}}],"collection":[{"href":"https:\/\/safari.mx\/index.php\/wp-json\/wp\/v2\/product"}],"about":[{"href":"https:\/\/safari.mx\/index.php\/wp-json\/wp\/v2\/types\/product"}],"replies":[{"embeddable":true,"href":"https:\/\/safari.mx\/index.php\/wp-json\/wp\/v2\/comments?post=31947"}],"wp:featuredmedia":[{"embeddable":true,"href":"https:\/\/safari.mx\/index.php\/wp-json\/wp\/v2\/media\/31937"}],"wp:attachment":[{"href":"https:\/\/safari.mx\/index.php\/wp-json\/wp\/v2\/media?parent=31947"}],"wp:term":[{"taxonomy":"product_cat","embeddable":true,"href":"https:\/\/safari.mx\/index.php\/wp-json\/wp\/v2\/product_cat?post=31947"},{"taxonomy":"product_tag","embeddable":true,"href":"https:\/\/safari.mx\/index.php\/wp-json\/wp\/v2\/product_tag?post=31947"}],"curies":[{"name":"wp","href":"https:\/\/api.w.org\/{rel}","templated":true}]}}