{"id":31969,"date":"2024-08-13T16:16:52","date_gmt":"2024-08-13T16:16:52","guid":{"rendered":"https:\/\/safari.mx\/index.php\/product\/olympea-80ml-edp-paco-rabanne\/"},"modified":"2024-08-13T16:17:01","modified_gmt":"2024-08-13T16:17:01","slug":"olympea-80ml-edp-paco-rabanne","status":"publish","type":"product","link":"https:\/\/safari.mx\/index.php\/product\/olympea-80ml-edp-paco-rabanne\/","title":{"rendered":"Olympea 80ml EDP &#8211; Paco Rabanne"},"content":{"rendered":"<p><strong>ACORDES:<\/strong> Avainillado, salado, floral blanco, amaderado, \u00e1mbar, atalcado, c\u00edtrico, c\u00e1lido especiado, bals\u00e1mico, marino.<\/p>\n","protected":false},"excerpt":{"rendered":"<p>Olymp\u00e9a de Paco Rabanne es una fragancia de la familia olfativa \u00c1mbar Floral para Mujeres. Olymp\u00e9a se lanz\u00f3 en 2015. Olymp\u00e9a fue creada por Loc Dong, Anne Flipo y Dominique Ropion. Las Notas de Salida son jazm\u00edn de agua, mandarina verde y flor de jengibre; las Notas de Coraz\u00f3n son vainilla y sal; las Notas de Fondo son \u00e1mbar gris, madera de cachemira y s\u00e1ndalo.<\/p>\n","protected":false},"featured_media":39250,"comment_status":"open","ping_status":"open","template":"","meta":[],"product_cat":[471,639,342,340,353,362,370,343,339,428,431],"product_tag":[],"class_list":{"0":"post-31969","1":"product","2":"type-product","3":"status-publish","4":"has-post-thumbnail","6":"product_cat-paco-rabanne-marca","7":"product_cat-perfumes-de-linea-dama-perfumes-de-linea","8":"product_cat-clasificacion","9":"product_cat-concentracion","10":"product_cat-disenador-clasificacion","11":"product_cat-eau-de-parfum-concentracion","12":"product_cat-femenino-genero","13":"product_cat-genero","14":"product_cat-marca","15":"product_cat-perfumes-de-linea","16":"product_cat-perfumes-disenador-perfumes-de-linea","17":"ts_product_brand-paco-rabanne","19":"first","20":"instock","21":"purchasable","22":"product-type-simple","23":"add-to-wishlist-after_add_to_cart"},"aioseo_notices":[],"_links":{"self":[{"href":"https:\/\/safari.mx\/index.php\/wp-json\/wp\/v2\/product\/31969","targetHints":{"allow":["GET"]}}],"collection":[{"href":"https:\/\/safari.mx\/index.php\/wp-json\/wp\/v2\/product"}],"about":[{"href":"https:\/\/safari.mx\/index.php\/wp-json\/wp\/v2\/types\/product"}],"replies":[{"embeddable":true,"href":"https:\/\/safari.mx\/index.php\/wp-json\/wp\/v2\/comments?post=31969"}],"wp:featuredmedia":[{"embeddable":true,"href":"https:\/\/safari.mx\/index.php\/wp-json\/wp\/v2\/media\/39250"}],"wp:attachment":[{"href":"https:\/\/safari.mx\/index.php\/wp-json\/wp\/v2\/media?parent=31969"}],"wp:term":[{"taxonomy":"product_cat","embeddable":true,"href":"https:\/\/safari.mx\/index.php\/wp-json\/wp\/v2\/product_cat?post=31969"},{"taxonomy":"product_tag","embeddable":true,"href":"https:\/\/safari.mx\/index.php\/wp-json\/wp\/v2\/product_tag?post=31969"}],"curies":[{"name":"wp","href":"https:\/\/api.w.org\/{rel}","templated":true}]}}