{"id":33092,"date":"2024-08-13T10:00:34","date_gmt":"2024-08-13T10:00:34","guid":{"rendered":"https:\/\/safari.mx\/index.php\/product\/explorer-100ml-edp-montblanc-2\/"},"modified":"2024-08-13T10:00:39","modified_gmt":"2024-08-13T10:00:39","slug":"explorer-100ml-edp-montblanc-2","status":"publish","type":"product","link":"https:\/\/safari.mx\/index.php\/product\/explorer-100ml-edp-montblanc-2\/","title":{"rendered":"Explorer 100ml EDP &#8211; Montblanc"},"content":{"rendered":"<p><strong>Acordes:<\/strong> Amaderado, Citrico, Aromatico, Ambar, Almizclado.<\/p>\n","protected":false},"excerpt":{"rendered":"<p><b>Explorer<\/b>\u00a0de\u00a0<b>Montblanc<\/b>\u00a0es una fragancia de la familia olfativa Amaderada Arom\u00e1tica para Hombres.\u00a0<b>Explorer<\/b>\u00a0se lanz\u00f3 en 2019. Explorer fue creada por J\u00f3rdi Fernandez, Antoine Maisondieu y Olivier Pescheux. Las Notas de Salida son bergamota, pimienta rosa y esclarea; las Notas de Coraz\u00f3n son vetiver de Hait\u00ed y cuero; las Notas de Fondo son ambroxan, Akigalawood, hojas de pachul\u00ed de Indonesia y vaina de cacao.<\/p>\n","protected":false},"featured_media":33093,"comment_status":"open","ping_status":"open","template":"","meta":[],"product_cat":[342,340,353,362,343,339,351,455,428,430,431],"product_tag":[],"class_list":{"0":"post-33092","1":"product","2":"type-product","3":"status-publish","4":"has-post-thumbnail","6":"product_cat-clasificacion","7":"product_cat-concentracion","8":"product_cat-disenador-clasificacion","9":"product_cat-eau-de-parfum-concentracion","10":"product_cat-genero","11":"product_cat-marca","12":"product_cat-masculino-genero","13":"product_cat-montblanc-marca","14":"product_cat-perfumes-de-linea","15":"product_cat-perfumes-de-linea-caballero","16":"product_cat-perfumes-disenador-perfumes-de-linea","17":"ts_product_brand-paco-rabanne","19":"first","20":"instock","21":"purchasable","22":"product-type-simple","23":"add-to-wishlist-after_add_to_cart"},"aioseo_notices":[],"_links":{"self":[{"href":"https:\/\/safari.mx\/index.php\/wp-json\/wp\/v2\/product\/33092","targetHints":{"allow":["GET"]}}],"collection":[{"href":"https:\/\/safari.mx\/index.php\/wp-json\/wp\/v2\/product"}],"about":[{"href":"https:\/\/safari.mx\/index.php\/wp-json\/wp\/v2\/types\/product"}],"replies":[{"embeddable":true,"href":"https:\/\/safari.mx\/index.php\/wp-json\/wp\/v2\/comments?post=33092"}],"wp:featuredmedia":[{"embeddable":true,"href":"https:\/\/safari.mx\/index.php\/wp-json\/wp\/v2\/media\/33093"}],"wp:attachment":[{"href":"https:\/\/safari.mx\/index.php\/wp-json\/wp\/v2\/media?parent=33092"}],"wp:term":[{"taxonomy":"product_cat","embeddable":true,"href":"https:\/\/safari.mx\/index.php\/wp-json\/wp\/v2\/product_cat?post=33092"},{"taxonomy":"product_tag","embeddable":true,"href":"https:\/\/safari.mx\/index.php\/wp-json\/wp\/v2\/product_tag?post=33092"}],"curies":[{"name":"wp","href":"https:\/\/api.w.org\/{rel}","templated":true}]}}