{"id":33122,"date":"2024-08-13T16:09:26","date_gmt":"2024-08-13T16:09:26","guid":{"rendered":"https:\/\/safari.mx\/index.php\/product\/signature-90ml-edp-montblanc\/"},"modified":"2024-08-13T16:09:34","modified_gmt":"2024-08-13T16:09:34","slug":"signature-90ml-edp-montblanc","status":"publish","type":"product","link":"https:\/\/safari.mx\/index.php\/product\/signature-90ml-edp-montblanc\/","title":{"rendered":"Signature 90Ml EDP &#8211; Montblanc"},"content":{"rendered":"<p><strong>ACORDES:<\/strong> Avainillado, florales, almizclado, c\u00edtrico, dulce, atalcado, Floral amarillo, \u00e1mbar.<\/p>\n","protected":false},"excerpt":{"rendered":"<p>Signature de Montblanc es una fragancia de la familia olfativa \u00c1mbar Floral para Mujeres. Signature se lanz\u00f3 en 2020. Signature fue creada por Guillaume Flavigny y Natalie Gracia-Cetto. La Nota de Salida es clementina; las Notas de Coraz\u00f3n son magnolia, ylang-ylang y peon\u00eda; las Notas de Fondo son vainilla, almizcle blanco y benju\u00ed.<\/p>\n","protected":false},"featured_media":39145,"comment_status":"open","ping_status":"open","template":"","meta":[],"product_cat":[639,342,340,353,362,370,343,339,455,428,431],"product_tag":[],"class_list":{"0":"post-33122","1":"product","2":"type-product","3":"status-publish","4":"has-post-thumbnail","6":"product_cat-perfumes-de-linea-dama-perfumes-de-linea","7":"product_cat-clasificacion","8":"product_cat-concentracion","9":"product_cat-disenador-clasificacion","10":"product_cat-eau-de-parfum-concentracion","11":"product_cat-femenino-genero","12":"product_cat-genero","13":"product_cat-marca","14":"product_cat-montblanc-marca","15":"product_cat-perfumes-de-linea","16":"product_cat-perfumes-disenador-perfumes-de-linea","17":"ts_product_brand-montblanc","19":"first","20":"instock","21":"purchasable","22":"product-type-simple","23":"add-to-wishlist-after_add_to_cart"},"aioseo_notices":[],"_links":{"self":[{"href":"https:\/\/safari.mx\/index.php\/wp-json\/wp\/v2\/product\/33122","targetHints":{"allow":["GET"]}}],"collection":[{"href":"https:\/\/safari.mx\/index.php\/wp-json\/wp\/v2\/product"}],"about":[{"href":"https:\/\/safari.mx\/index.php\/wp-json\/wp\/v2\/types\/product"}],"replies":[{"embeddable":true,"href":"https:\/\/safari.mx\/index.php\/wp-json\/wp\/v2\/comments?post=33122"}],"wp:featuredmedia":[{"embeddable":true,"href":"https:\/\/safari.mx\/index.php\/wp-json\/wp\/v2\/media\/39145"}],"wp:attachment":[{"href":"https:\/\/safari.mx\/index.php\/wp-json\/wp\/v2\/media?parent=33122"}],"wp:term":[{"taxonomy":"product_cat","embeddable":true,"href":"https:\/\/safari.mx\/index.php\/wp-json\/wp\/v2\/product_cat?post=33122"},{"taxonomy":"product_tag","embeddable":true,"href":"https:\/\/safari.mx\/index.php\/wp-json\/wp\/v2\/product_tag?post=33122"}],"curies":[{"name":"wp","href":"https:\/\/api.w.org\/{rel}","templated":true}]}}