{"id":35086,"date":"2024-08-13T12:13:19","date_gmt":"2024-08-13T12:13:19","guid":{"rendered":"https:\/\/safari.mx\/index.php\/product\/perfumero-5ml-autorecargable-oro-rosado\/"},"modified":"2024-08-13T12:13:20","modified_gmt":"2024-08-13T12:13:20","slug":"perfumero-5ml-autorecargable-oro-rosado","status":"publish","type":"product","link":"https:\/\/safari.mx\/index.php\/product\/perfumero-5ml-autorecargable-oro-rosado\/","title":{"rendered":"Perfumero 5ml Autorecargable Oro Rosado"},"content":{"rendered":"<p>Dise\u00f1o Visual y Capacidad: La ventana transparente del frasco de perfume te permite controlar la cantidad de l\u00edquido y reponerlo a tiempo<\/p>\n<p>Pr\u00e1ctico tama\u00f1o de viaje: el portaperfumes mini de 5 ml es un buen compa\u00f1ero para salir o viajar. Conveniente para guardar en su bolsillo, mochila, bolsa de viaje, neceser o en el autom\u00f3vil.<\/p>\n<p>Muy peque\u00f1o y ligero: muy f\u00e1cil de guardar tus perfumes favoritos y llevarlos contigo al trabajo, fiestas, vida social y viajes. El atomizador es seguro y compacto, adecuado para viajes a\u00e9reos, el tama\u00f1o de bolsillo se puede poner en una bolsa de cosm\u00e9ticos, puede contener una gran cantidad de perfume, la capacidad es de 5 ml<\/p>\n","protected":false},"excerpt":{"rendered":"<p>Perfumero de bolsillo auto recargable de 5ml.<\/p>\n<p>&nbsp;<\/p>\n","protected":false},"featured_media":33723,"comment_status":"open","ping_status":"open","template":"","meta":[],"product_cat":[651,653],"product_tag":[],"class_list":{"0":"post-35086","1":"product","2":"type-product","3":"status-publish","4":"has-post-thumbnail","6":"product_cat-perfumeros","7":"product_cat-perfumeros-autorecargables-perfumeros","9":"first","10":"instock","11":"purchasable","12":"product-type-simple","13":"add-to-wishlist-after_add_to_cart"},"aioseo_notices":[],"_links":{"self":[{"href":"https:\/\/safari.mx\/index.php\/wp-json\/wp\/v2\/product\/35086","targetHints":{"allow":["GET"]}}],"collection":[{"href":"https:\/\/safari.mx\/index.php\/wp-json\/wp\/v2\/product"}],"about":[{"href":"https:\/\/safari.mx\/index.php\/wp-json\/wp\/v2\/types\/product"}],"replies":[{"embeddable":true,"href":"https:\/\/safari.mx\/index.php\/wp-json\/wp\/v2\/comments?post=35086"}],"wp:featuredmedia":[{"embeddable":true,"href":"https:\/\/safari.mx\/index.php\/wp-json\/wp\/v2\/media\/33723"}],"wp:attachment":[{"href":"https:\/\/safari.mx\/index.php\/wp-json\/wp\/v2\/media?parent=35086"}],"wp:term":[{"taxonomy":"product_cat","embeddable":true,"href":"https:\/\/safari.mx\/index.php\/wp-json\/wp\/v2\/product_cat?post=35086"},{"taxonomy":"product_tag","embeddable":true,"href":"https:\/\/safari.mx\/index.php\/wp-json\/wp\/v2\/product_tag?post=35086"}],"curies":[{"name":"wp","href":"https:\/\/api.w.org\/{rel}","templated":true}]}}