{"id":35112,"date":"2024-08-13T12:13:24","date_gmt":"2024-08-13T12:13:24","guid":{"rendered":"https:\/\/safari.mx\/index.php\/product\/paquete-12-mini-embudos-plastico\/"},"modified":"2024-08-13T12:13:24","modified_gmt":"2024-08-13T12:13:24","slug":"paquete-12-mini-embudos-plastico","status":"publish","type":"product","link":"https:\/\/safari.mx\/index.php\/product\/paquete-12-mini-embudos-plastico\/","title":{"rendered":"Paquete 12 Mini Embudos Plastico"},"content":{"rendered":"<p>Paquete de 12 embudos<\/p>\n<ul>\n<li>4 Rosas<\/li>\n<li>4 Azules<\/li>\n<li>4 Sin color<\/li>\n<\/ul>\n","protected":false},"excerpt":{"rendered":"<p>100% nuevo y de alta calidad, selecci\u00f3n de materiales, duradero y reutilizable<br \/>\nDise\u00f1o simple, f\u00e1cil de usar, no t\u00f3xico, ins\u00edpido y seguro de usar<br \/>\nBuena calidad y bajo precio, vale la pena tenerlo<br \/>\nCaracter\u00edsticas: adecuado para esas botellas de cuello estrecho.<br \/>\nSe utiliza para transferir perfume de Botellas grandes, botellas peque\u00f1as y spray.<br \/>\nDise\u00f1o peque\u00f1o y claro.<br \/>\nTipo de art\u00edculo: Herramientas de belleza<br \/>\nMaterial: pl\u00e1stico<\/p>\n","protected":false},"featured_media":35113,"comment_status":"open","ping_status":"open","template":"","meta":[],"product_cat":[652,651],"product_tag":[],"class_list":{"0":"post-35112","1":"product","2":"type-product","3":"status-publish","4":"has-post-thumbnail","6":"product_cat-paquete-promocion-perfumeros","7":"product_cat-perfumeros","9":"first","10":"instock","11":"purchasable","12":"product-type-simple","13":"add-to-wishlist-after_add_to_cart"},"aioseo_notices":[],"_links":{"self":[{"href":"https:\/\/safari.mx\/index.php\/wp-json\/wp\/v2\/product\/35112","targetHints":{"allow":["GET"]}}],"collection":[{"href":"https:\/\/safari.mx\/index.php\/wp-json\/wp\/v2\/product"}],"about":[{"href":"https:\/\/safari.mx\/index.php\/wp-json\/wp\/v2\/types\/product"}],"replies":[{"embeddable":true,"href":"https:\/\/safari.mx\/index.php\/wp-json\/wp\/v2\/comments?post=35112"}],"wp:featuredmedia":[{"embeddable":true,"href":"https:\/\/safari.mx\/index.php\/wp-json\/wp\/v2\/media\/35113"}],"wp:attachment":[{"href":"https:\/\/safari.mx\/index.php\/wp-json\/wp\/v2\/media?parent=35112"}],"wp:term":[{"taxonomy":"product_cat","embeddable":true,"href":"https:\/\/safari.mx\/index.php\/wp-json\/wp\/v2\/product_cat?post=35112"},{"taxonomy":"product_tag","embeddable":true,"href":"https:\/\/safari.mx\/index.php\/wp-json\/wp\/v2\/product_tag?post=35112"}],"curies":[{"name":"wp","href":"https:\/\/api.w.org\/{rel}","templated":true}]}}