{"id":35268,"date":"2024-08-13T12:17:01","date_gmt":"2024-08-13T12:17:01","guid":{"rendered":"https:\/\/safari.mx\/index.php\/product\/halloween-man-hero-125ml-halloween\/"},"modified":"2024-10-04T00:32:31","modified_gmt":"2024-10-04T00:32:31","slug":"halloween-man-hero-125ml-halloween","status":"publish","type":"product","link":"https:\/\/safari.mx\/index.php\/product\/halloween-man-hero-125ml-halloween\/","title":{"rendered":"Halloween Man Hero &#8211; 125ml &#8211; Halloween"},"content":{"rendered":"<p><strong>ACORDES:<\/strong> C\u00edtrico, Arom\u00e1tico, Marino, Amaderado, \u00c1mbar, C\u00e1lido Especiado, Lavanda, Fresco, Acu\u00e1tico, Fresco Especiado.<\/p>\n","protected":false},"excerpt":{"rendered":"<p><b>Halloween Man Shot\u00a0<\/b>de\u00a0<b>Halloween<\/b>\u00a0es una fragancia de la familia olfativa \u00c1mbar Especiada para Hombres.\u00a0<b>Halloween Man Shot\u00a0<\/b>se lanz\u00f3 en 2016. Las Notas de Salida son cardamomo, Daiquiri, pimienta negra y lim\u00f3n (lima \u00e1cida); las Notas de Coraz\u00f3n son iris y salvia; las Notas de Fondo son vainilla, cuero y Amberwood.<\/p>\n","protected":false},"featured_media":26233,"comment_status":"open","ping_status":"closed","template":"","meta":[],"product_cat":[342,340,353,354,343,426,339,351,428,430,431],"product_tag":[],"class_list":{"0":"post-35268","1":"product","2":"type-product","3":"status-publish","4":"has-post-thumbnail","6":"product_cat-clasificacion","7":"product_cat-concentracion","8":"product_cat-disenador-clasificacion","9":"product_cat-eau-de-toilette-concentracion","10":"product_cat-genero","11":"product_cat-halloween-marca","12":"product_cat-marca","13":"product_cat-masculino-genero","14":"product_cat-perfumes-de-linea","15":"product_cat-perfumes-de-linea-caballero","16":"product_cat-perfumes-disenador-perfumes-de-linea","17":"ts_product_brand-halloween","19":"first","20":"instock","21":"purchasable","22":"product-type-simple","23":"add-to-wishlist-after_add_to_cart"},"aioseo_notices":[],"_links":{"self":[{"href":"https:\/\/safari.mx\/index.php\/wp-json\/wp\/v2\/product\/35268","targetHints":{"allow":["GET"]}}],"collection":[{"href":"https:\/\/safari.mx\/index.php\/wp-json\/wp\/v2\/product"}],"about":[{"href":"https:\/\/safari.mx\/index.php\/wp-json\/wp\/v2\/types\/product"}],"replies":[{"embeddable":true,"href":"https:\/\/safari.mx\/index.php\/wp-json\/wp\/v2\/comments?post=35268"}],"wp:featuredmedia":[{"embeddable":true,"href":"https:\/\/safari.mx\/index.php\/wp-json\/wp\/v2\/media\/26233"}],"wp:attachment":[{"href":"https:\/\/safari.mx\/index.php\/wp-json\/wp\/v2\/media?parent=35268"}],"wp:term":[{"taxonomy":"product_cat","embeddable":true,"href":"https:\/\/safari.mx\/index.php\/wp-json\/wp\/v2\/product_cat?post=35268"},{"taxonomy":"product_tag","embeddable":true,"href":"https:\/\/safari.mx\/index.php\/wp-json\/wp\/v2\/product_tag?post=35268"}],"curies":[{"name":"wp","href":"https:\/\/api.w.org\/{rel}","templated":true}]}}