{"id":35372,"date":"2024-08-13T12:23:48","date_gmt":"2024-08-13T12:23:48","guid":{"rendered":"https:\/\/safari.mx\/index.php\/product\/pour-homme-100ml-edt-tester-versace\/"},"modified":"2025-12-26T19:45:57","modified_gmt":"2025-12-26T19:45:57","slug":"pack-minnie-mouse","status":"publish","type":"product","link":"https:\/\/safari.mx\/index.php\/product\/pack-minnie-mouse\/","title":{"rendered":"Pack Minnie Mouse"},"content":{"rendered":"","protected":false},"excerpt":{"rendered":"<ul>\n<li><strong>Eau de toilette\u00a0Minnie Mouse 100 ml:<\/strong>\u00a0fragancia fresca con notas olfativas como la bergamota, el melocot\u00f3n, la pi\u00f1a, la grosella o el s\u00e1ndalo, entre otras<\/li>\n<\/ul>\n<ul>\n<li><strong>LLavero con brillo de labios 7 ml<\/strong><\/li>\n<\/ul>\n","protected":false},"featured_media":35381,"comment_status":"open","ping_status":"closed","template":"","meta":[],"product_cat":[368,342,340,354,343,716,717,715],"product_tag":[],"class_list":{"0":"post-35372","1":"product","2":"type-product","3":"status-publish","4":"has-post-thumbnail","6":"product_cat-celebridad-clasificacion","7":"product_cat-clasificacion","8":"product_cat-concentracion","9":"product_cat-eau-de-toilette-concentracion","10":"product_cat-genero","11":"product_cat-infantil-genero","12":"product_cat-p-infantiles-nina","13":"product_cat-perfumes-infantiles","14":"ts_product_brand-versace","16":"first","17":"outofstock","18":"purchasable","19":"product-type-simple","20":"add-to-wishlist-after_add_to_cart"},"aioseo_notices":[],"_links":{"self":[{"href":"https:\/\/safari.mx\/index.php\/wp-json\/wp\/v2\/product\/35372","targetHints":{"allow":["GET"]}}],"collection":[{"href":"https:\/\/safari.mx\/index.php\/wp-json\/wp\/v2\/product"}],"about":[{"href":"https:\/\/safari.mx\/index.php\/wp-json\/wp\/v2\/types\/product"}],"replies":[{"embeddable":true,"href":"https:\/\/safari.mx\/index.php\/wp-json\/wp\/v2\/comments?post=35372"}],"wp:featuredmedia":[{"embeddable":true,"href":"https:\/\/safari.mx\/index.php\/wp-json\/wp\/v2\/media\/35381"}],"wp:attachment":[{"href":"https:\/\/safari.mx\/index.php\/wp-json\/wp\/v2\/media?parent=35372"}],"wp:term":[{"taxonomy":"product_cat","embeddable":true,"href":"https:\/\/safari.mx\/index.php\/wp-json\/wp\/v2\/product_cat?post=35372"},{"taxonomy":"product_tag","embeddable":true,"href":"https:\/\/safari.mx\/index.php\/wp-json\/wp\/v2\/product_tag?post=35372"}],"curies":[{"name":"wp","href":"https:\/\/api.w.org\/{rel}","templated":true}]}}