{"id":35373,"date":"2024-08-13T12:23:36","date_gmt":"2024-08-13T12:23:36","guid":{"rendered":"https:\/\/safari.mx\/index.php\/product\/pour-homme-100ml-edt-tester-versace-2\/"},"modified":"2026-03-23T22:09:34","modified_gmt":"2026-03-23T22:09:34","slug":"pour-homme-100ml-edt-tester-versace","status":"publish","type":"product","link":"https:\/\/safari.mx\/index.php\/product\/pour-homme-100ml-edt-tester-versace\/","title":{"rendered":"Pour Homme &#8211; 100ml EDT Tester- Versace"},"content":{"rendered":"<p>Acordes: C\u00edtrico, Arom\u00e1tico, Fresco Espaciado,<\/p>\n","protected":false},"excerpt":{"rendered":"<p><b>Versace Pour Homme<\/b>\u00a0de\u00a0<b>Versace<\/b>\u00a0es una fragancia de la familia olfativa Arom\u00e1tica Foug\u00e8re para Hombres.\u00a0<b>Versace Pour Homme<\/b>\u00a0se lanz\u00f3 en 2008. La Nariz detr\u00e1s de esta fragrancia es Alberto Morillas. Las Notas de Salida son lim\u00f3n (lima \u00e1cida), bergamota, neroli y rosa de Mai; las Notas de Coraz\u00f3n son jacinto, cedro, esclarea y geranio; las Notas de Fondo son haba tonka, almizcle y \u00e1mbar.<\/p>\n","protected":false},"featured_media":35374,"comment_status":"open","ping_status":"closed","template":"","meta":[],"product_cat":[719,720,721,495,342,340,353,354,343,339,351,713,714],"product_tag":[],"class_list":{"0":"post-35373","1":"product","2":"type-product","3":"status-publish","4":"has-post-thumbnail","6":"product_cat-tester-caballero-tester-2","7":"product_cat-tester-caballero-tester-3","8":"product_cat-tester-caballero-tester-4","9":"product_cat-versace-marca","10":"product_cat-clasificacion","11":"product_cat-concentracion","12":"product_cat-disenador-clasificacion","13":"product_cat-eau-de-toilette-concentracion","14":"product_cat-genero","15":"product_cat-marca","16":"product_cat-masculino-genero","17":"product_cat-tester","18":"product_cat-tester-caballero-tester","19":"ts_product_brand-versace","21":"first","22":"outofstock","23":"purchasable","24":"product-type-simple","25":"add-to-wishlist-after_add_to_cart"},"aioseo_notices":[],"_links":{"self":[{"href":"https:\/\/safari.mx\/index.php\/wp-json\/wp\/v2\/product\/35373","targetHints":{"allow":["GET"]}}],"collection":[{"href":"https:\/\/safari.mx\/index.php\/wp-json\/wp\/v2\/product"}],"about":[{"href":"https:\/\/safari.mx\/index.php\/wp-json\/wp\/v2\/types\/product"}],"replies":[{"embeddable":true,"href":"https:\/\/safari.mx\/index.php\/wp-json\/wp\/v2\/comments?post=35373"}],"wp:featuredmedia":[{"embeddable":true,"href":"https:\/\/safari.mx\/index.php\/wp-json\/wp\/v2\/media\/35374"}],"wp:attachment":[{"href":"https:\/\/safari.mx\/index.php\/wp-json\/wp\/v2\/media?parent=35373"}],"wp:term":[{"taxonomy":"product_cat","embeddable":true,"href":"https:\/\/safari.mx\/index.php\/wp-json\/wp\/v2\/product_cat?post=35373"},{"taxonomy":"product_tag","embeddable":true,"href":"https:\/\/safari.mx\/index.php\/wp-json\/wp\/v2\/product_tag?post=35373"}],"curies":[{"name":"wp","href":"https:\/\/api.w.org\/{rel}","templated":true}]}}