{"id":35393,"date":"2024-08-13T12:25:09","date_gmt":"2024-08-13T12:25:09","guid":{"rendered":"https:\/\/safari.mx\/index.php\/product\/khamrah-qahwa-100ml-lattafa\/"},"modified":"2024-10-04T01:34:26","modified_gmt":"2024-10-04T01:34:26","slug":"khamrah-qahwa-100ml-lattafa","status":"publish","type":"product","link":"https:\/\/safari.mx\/index.php\/product\/khamrah-qahwa-100ml-lattafa\/","title":{"rendered":"Khamrah Qahwa &#8211; 100ml &#8211; Lattafa"},"content":{"rendered":"<p><strong>ACORDES:<\/strong> Calido especiado, Dulce, Avainillado, Cafe, Ambar, Canela, Atalcado.<\/p>\n<p>&nbsp;<\/p>\n","protected":false},"excerpt":{"rendered":"<p><b>Khamrah Qahwa<\/b>\u00a0de\u00a0<b>Lattafa Perfumes<\/b>\u00a0es una fragancia de la familia olfativa para Hombres y Mujeres. Esta fragrancia es nueva.\u00a0<b>Khamrah Qahwa<\/b>\u00a0se lanz\u00f3 en 2023. Las Notas de Salida son canela, cardamomo y jengibre; las Notas de Coraz\u00f3n son pralin\u00e9, Frutas confitadas y flores blancas; las Notas de Fondo son caf\u00e9, vainilla, haba tonka, benju\u00ed y almizcle.<\/p>\n","protected":false},"featured_media":34478,"comment_status":"open","ping_status":"closed","template":"","meta":[],"product_cat":[633,342,340,362,343,447,339,347,428,430,348],"product_tag":[],"class_list":{"0":"post-35393","1":"product","2":"type-product","3":"status-publish","4":"has-post-thumbnail","6":"product_cat-perfumes-arabes-perfumes-de-linea","7":"product_cat-clasificacion","8":"product_cat-concentracion","9":"product_cat-eau-de-parfum-concentracion","10":"product_cat-genero","11":"product_cat-lattafa-marca","12":"product_cat-marca","13":"product_cat-niche-clasificacion","14":"product_cat-perfumes-de-linea","15":"product_cat-perfumes-de-linea-caballero","16":"product_cat-unisex-genero","17":"ts_product_brand-lattafa","19":"first","20":"instock","21":"purchasable","22":"product-type-simple","23":"add-to-wishlist-after_add_to_cart"},"aioseo_notices":[],"_links":{"self":[{"href":"https:\/\/safari.mx\/index.php\/wp-json\/wp\/v2\/product\/35393","targetHints":{"allow":["GET"]}}],"collection":[{"href":"https:\/\/safari.mx\/index.php\/wp-json\/wp\/v2\/product"}],"about":[{"href":"https:\/\/safari.mx\/index.php\/wp-json\/wp\/v2\/types\/product"}],"replies":[{"embeddable":true,"href":"https:\/\/safari.mx\/index.php\/wp-json\/wp\/v2\/comments?post=35393"}],"wp:featuredmedia":[{"embeddable":true,"href":"https:\/\/safari.mx\/index.php\/wp-json\/wp\/v2\/media\/34478"}],"wp:attachment":[{"href":"https:\/\/safari.mx\/index.php\/wp-json\/wp\/v2\/media?parent=35393"}],"wp:term":[{"taxonomy":"product_cat","embeddable":true,"href":"https:\/\/safari.mx\/index.php\/wp-json\/wp\/v2\/product_cat?post=35393"},{"taxonomy":"product_tag","embeddable":true,"href":"https:\/\/safari.mx\/index.php\/wp-json\/wp\/v2\/product_tag?post=35393"}],"curies":[{"name":"wp","href":"https:\/\/api.w.org\/{rel}","templated":true}]}}