{"id":35408,"date":"2024-08-13T12:26:12","date_gmt":"2024-08-13T12:26:12","guid":{"rendered":"https:\/\/safari.mx\/index.php\/product\/al-qiam-silver-100ml-lattafa\/"},"modified":"2024-10-03T19:27:24","modified_gmt":"2024-10-03T19:27:24","slug":"al-qiam-silver-100ml-lattafa","status":"publish","type":"product","link":"https:\/\/safari.mx\/index.php\/product\/al-qiam-silver-100ml-lattafa\/","title":{"rendered":"Al Qiam Silver &#8211; 100ml &#8211; Lattafa"},"content":{"rendered":"<p><strong>ACORDES:<\/strong> C\u00edtrico, \u00c1mbar, Almizclado, C\u00e1lido Especiado, Arom\u00e1tico, Amaderado, Fresco Especiado.<\/p>\n<p>&nbsp;<\/p>\n<table class=\" aligncenter\" width=\"277\">\n<tbody>\n<tr>\n<td width=\"80\">\n<h4><b>Notas de Salida<\/b><\/h4>\n<\/td>\n<td width=\"197\">\n<div>\n<div>\n<div><img decoding=\"async\" src=\"https:\/\/safari.mx\/wp-content\/uploads\/2024\/08\/t.76.jpg\" \/><\/div>\n<div>toronja (pomelo)<\/div>\n<\/div>\n<div>\n<div><img decoding=\"async\" src=\"https:\/\/safari.mx\/wp-content\/uploads\/2024\/08\/t.62.jpg\" \/><\/div>\n<div>jengibre<\/div>\n<\/div>\n<\/div>\n<\/td>\n<\/tr>\n<tr>\n<td>\n<h4><b>Coraz\u00f3n<\/b><\/h4>\n<\/td>\n<td>\n<div>\n<div>\n<div><\/div>\n<div>\n<div>\n<div>\n<div><img decoding=\"async\" src=\"https:\/\/safari.mx\/wp-content\/uploads\/2024\/08\/t.563.jpg\" \/><\/div>\n<div>ambroxan<\/div>\n<\/div>\n<div>\n<div><img decoding=\"async\" src=\"https:\/\/safari.mx\/wp-content\/uploads\/2024\/08\/t.33.jpg\" \/><\/div>\n<div>s\u00e1ndalo<\/div>\n<\/div>\n<\/div>\n<\/div>\n<\/div>\n<\/div>\n<\/td>\n<\/tr>\n<tr>\n<td>\n<h4><b>Base<\/b><\/h4>\n<\/td>\n<td>\n<div><\/div>\n<div>\n<div>\n<div>\n<div><img decoding=\"async\" src=\"https:\/\/safari.mx\/wp-content\/uploads\/2024\/08\/t.2.jpg\" \/><\/div>\n<div>vetiver<\/div>\n<\/div>\n<div>\n<div><img decoding=\"async\" src=\"https:\/\/safari.mx\/wp-content\/uploads\/2024\/08\/t.4.jpg\" \/><\/div>\n<div>almizcle<\/div>\n<\/div>\n<\/div>\n<\/div>\n<\/td>\n<\/tr>\n<\/tbody>\n<\/table>\n","protected":false},"excerpt":{"rendered":"<p><b>Al Qiam Silver\u00a0<\/b>de\u00a0<b>Lattafa Perfumes<\/b>\u00a0es una fragancia de la familia olfativa para Hombres y Mujeres. Esta fragrancia es nueva.\u00a0<b>Al Qiam Silver\u00a0<\/b>se lanz\u00f3 en 2022. Las Notas de Salida son toronja (pomelo) y jengibre; las Notas de Coraz\u00f3n son ambroxan y s\u00e1ndalo; las Notas de Fondo son vetiver y almizcle.<\/p>\n<p>&nbsp;<\/p>\n","protected":false},"featured_media":35413,"comment_status":"open","ping_status":"closed","template":"","meta":[],"product_cat":[633,342,340,362,343,447,339,347,428,430,348],"product_tag":[],"class_list":{"0":"post-35408","1":"product","2":"type-product","3":"status-publish","4":"has-post-thumbnail","6":"product_cat-perfumes-arabes-perfumes-de-linea","7":"product_cat-clasificacion","8":"product_cat-concentracion","9":"product_cat-eau-de-parfum-concentracion","10":"product_cat-genero","11":"product_cat-lattafa-marca","12":"product_cat-marca","13":"product_cat-niche-clasificacion","14":"product_cat-perfumes-de-linea","15":"product_cat-perfumes-de-linea-caballero","16":"product_cat-unisex-genero","17":"ts_product_brand-lattafa","19":"first","20":"instock","21":"purchasable","22":"product-type-simple","23":"add-to-wishlist-after_add_to_cart"},"aioseo_notices":[],"_links":{"self":[{"href":"https:\/\/safari.mx\/index.php\/wp-json\/wp\/v2\/product\/35408","targetHints":{"allow":["GET"]}}],"collection":[{"href":"https:\/\/safari.mx\/index.php\/wp-json\/wp\/v2\/product"}],"about":[{"href":"https:\/\/safari.mx\/index.php\/wp-json\/wp\/v2\/types\/product"}],"replies":[{"embeddable":true,"href":"https:\/\/safari.mx\/index.php\/wp-json\/wp\/v2\/comments?post=35408"}],"wp:featuredmedia":[{"embeddable":true,"href":"https:\/\/safari.mx\/index.php\/wp-json\/wp\/v2\/media\/35413"}],"wp:attachment":[{"href":"https:\/\/safari.mx\/index.php\/wp-json\/wp\/v2\/media?parent=35408"}],"wp:term":[{"taxonomy":"product_cat","embeddable":true,"href":"https:\/\/safari.mx\/index.php\/wp-json\/wp\/v2\/product_cat?post=35408"},{"taxonomy":"product_tag","embeddable":true,"href":"https:\/\/safari.mx\/index.php\/wp-json\/wp\/v2\/product_tag?post=35408"}],"curies":[{"name":"wp","href":"https:\/\/api.w.org\/{rel}","templated":true}]}}