{"id":35462,"date":"2024-08-13T12:30:28","date_gmt":"2024-08-13T12:30:28","guid":{"rendered":"https:\/\/safari.mx\/index.php\/product\/hawas-for-him-100ml-rasasi\/"},"modified":"2024-10-04T00:41:39","modified_gmt":"2024-10-04T00:41:39","slug":"hawas-for-him-100ml-rasasi","status":"publish","type":"product","link":"https:\/\/safari.mx\/index.php\/product\/hawas-for-him-100ml-rasasi\/","title":{"rendered":"Hawas for Him &#8211; 100ml &#8211;  Rasasi"},"content":{"rendered":"<p><strong>ACORDES:<\/strong> C\u00edtrico, acu\u00e1tico, afrutados, \u00e1mbar, fresco, c\u00e1lido especiado, anim\u00e1lico, amaderado, dulce, almizclado.<\/p>\n","protected":false},"excerpt":{"rendered":"<p><b>Hawas for Him<\/b>\u00a0de\u00a0<b>Rasasi<\/b>\u00a0es una fragancia de la familia olfativa Arom\u00e1tica Acu\u00e1tica para Hombres.\u00a0<b>Hawas for Him<\/b>\u00a0se lanz\u00f3 en 2015. Las Notas de Salida son manzana, bergamota, canela y lim\u00f3n (lima \u00e1cida); las Notas de Coraz\u00f3n son notas acuosas, ciruela, flor de azahar del naranjo y cardamomo; las Notas de Fondo son \u00e1mbar gris, almizcle, trozos de madera a la deriva y pachul\u00ed.<\/p>\n","protected":false},"featured_media":24549,"comment_status":"open","ping_status":"closed","template":"","meta":[],"product_cat":[633,479,342,340,362,343,339,351,347,428,430],"product_tag":[],"class_list":{"0":"post-35462","1":"product","2":"type-product","3":"status-publish","4":"has-post-thumbnail","6":"product_cat-perfumes-arabes-perfumes-de-linea","7":"product_cat-rasasi-marca","8":"product_cat-clasificacion","9":"product_cat-concentracion","10":"product_cat-eau-de-parfum-concentracion","11":"product_cat-genero","12":"product_cat-marca","13":"product_cat-masculino-genero","14":"product_cat-niche-clasificacion","15":"product_cat-perfumes-de-linea","16":"product_cat-perfumes-de-linea-caballero","17":"ts_product_brand-rasasi","19":"first","20":"instock","21":"purchasable","22":"product-type-simple","23":"add-to-wishlist-after_add_to_cart"},"aioseo_notices":[],"_links":{"self":[{"href":"https:\/\/safari.mx\/index.php\/wp-json\/wp\/v2\/product\/35462","targetHints":{"allow":["GET"]}}],"collection":[{"href":"https:\/\/safari.mx\/index.php\/wp-json\/wp\/v2\/product"}],"about":[{"href":"https:\/\/safari.mx\/index.php\/wp-json\/wp\/v2\/types\/product"}],"replies":[{"embeddable":true,"href":"https:\/\/safari.mx\/index.php\/wp-json\/wp\/v2\/comments?post=35462"}],"wp:featuredmedia":[{"embeddable":true,"href":"https:\/\/safari.mx\/index.php\/wp-json\/wp\/v2\/media\/24549"}],"wp:attachment":[{"href":"https:\/\/safari.mx\/index.php\/wp-json\/wp\/v2\/media?parent=35462"}],"wp:term":[{"taxonomy":"product_cat","embeddable":true,"href":"https:\/\/safari.mx\/index.php\/wp-json\/wp\/v2\/product_cat?post=35462"},{"taxonomy":"product_tag","embeddable":true,"href":"https:\/\/safari.mx\/index.php\/wp-json\/wp\/v2\/product_tag?post=35462"}],"curies":[{"name":"wp","href":"https:\/\/api.w.org\/{rel}","templated":true}]}}