{"id":35495,"date":"2024-08-13T12:33:00","date_gmt":"2024-08-13T12:33:00","guid":{"rendered":"https:\/\/safari.mx\/index.php\/product\/ishq-al-shuyukh-gold-100ml-lattafa\/"},"modified":"2024-10-03T19:51:24","modified_gmt":"2024-10-03T19:51:24","slug":"ishq-al-shuyukh-gold-100ml-lattafa","status":"publish","type":"product","link":"https:\/\/safari.mx\/index.php\/product\/ishq-al-shuyukh-gold-100ml-lattafa\/","title":{"rendered":"Ishq Al Shuyukh Gold &#8211; 100ml &#8211; Lattafa"},"content":{"rendered":"<p><strong>ACORDES:<\/strong> Cuero, Avainillado, Atalcado, Almizclado, Dulce, Ambar, Caramelo<\/p>\n<p>&nbsp;<\/p>\n<table class=\" aligncenter\" width=\"277\">\n<tbody>\n<tr>\n<td width=\"80\">\n<h4><b>Notas de Salida<\/b><\/h4>\n<\/td>\n<td width=\"197\">\n<div>\n<div><img decoding=\"async\" src=\"https:\/\/safari.mx\/wp-content\/uploads\/2024\/08\/t.183.jpg\" \/><\/div>\n<div>caramelo<\/div>\n<\/div>\n<div>\n<div><img decoding=\"async\" src=\"https:\/\/safari.mx\/wp-content\/uploads\/2024\/08\/t.55.jpg\" \/><\/div>\n<div>azafr\u00e1n<\/div>\n<\/div>\n<\/td>\n<\/tr>\n<tr>\n<td>\n<h4><b>Coraz\u00f3n<\/b><\/h4>\n<\/td>\n<td>\n<div>\n<div><img decoding=\"async\" src=\"https:\/\/safari.mx\/wp-content\/uploads\/2024\/08\/t.196.jpg\" \/><\/div>\n<div>gamuza<\/div>\n<\/div>\n<div>\n<div><img decoding=\"async\" src=\"https:\/\/safari.mx\/wp-content\/uploads\/2024\/08\/t.156.jpg\" \/><\/div>\n<div>cuero<\/div>\n<\/div>\n<div>\n<div><img decoding=\"async\" src=\"https:\/\/safari.mx\/wp-content\/uploads\/2024\/08\/t.73.jpg\" \/><\/div>\n<div>haba tonka<\/div>\n<\/div>\n<\/td>\n<\/tr>\n<tr>\n<td>\n<h4><b>Base<\/b><\/h4>\n<\/td>\n<td>\n<div><\/div>\n<div>\n<div>\n<div><img decoding=\"async\" src=\"https:\/\/safari.mx\/wp-content\/uploads\/2024\/08\/t.74.jpg\" \/><\/div>\n<div>vainilla<\/div>\n<\/div>\n<div>\n<div><img decoding=\"async\" src=\"https:\/\/safari.mx\/wp-content\/uploads\/2024\/08\/t.54.jpg\" \/><\/div>\n<div>\u00e1mbar<\/div>\n<\/div>\n<div>\n<div><img decoding=\"async\" src=\"https:\/\/safari.mx\/wp-content\/uploads\/2024\/08\/t.4.jpg\" \/><\/div>\n<div>almizcle<\/div>\n<\/div>\n<\/div>\n<\/td>\n<\/tr>\n<\/tbody>\n<\/table>\n<p>&nbsp;<\/p>\n","protected":false},"excerpt":{"rendered":"<p><b>Ishq Al Shuyukh Gold<\/b>\u00a0de\u00a0<b>Lattafa Perfumes<\/b>\u00a0es una fragancia de la familia olfativa \u00c1mbar Vainilla para Hombres y Mujeres. Esta fragrancia es nueva.\u00a0<b>Ishq Al Shuyukh Gold<\/b>\u00a0se lanz\u00f3 en 2022. Las Notas de Salida son caramelo y azafr\u00e1n; las Notas de Coraz\u00f3n son gamuza, cuero y haba tonka; las Notas de Fondo son vainilla, \u00e1mbar y almizcle.<\/p>\n<p>&nbsp;<\/p>\n","protected":false},"featured_media":35498,"comment_status":"open","ping_status":"closed","template":"","meta":[],"product_cat":[633,342,340,362,343,447,339,347,428,430,348],"product_tag":[],"class_list":{"0":"post-35495","1":"product","2":"type-product","3":"status-publish","4":"has-post-thumbnail","6":"product_cat-perfumes-arabes-perfumes-de-linea","7":"product_cat-clasificacion","8":"product_cat-concentracion","9":"product_cat-eau-de-parfum-concentracion","10":"product_cat-genero","11":"product_cat-lattafa-marca","12":"product_cat-marca","13":"product_cat-niche-clasificacion","14":"product_cat-perfumes-de-linea","15":"product_cat-perfumes-de-linea-caballero","16":"product_cat-unisex-genero","17":"ts_product_brand-lattafa","19":"first","20":"instock","21":"purchasable","22":"product-type-simple","23":"add-to-wishlist-after_add_to_cart"},"aioseo_notices":[],"_links":{"self":[{"href":"https:\/\/safari.mx\/index.php\/wp-json\/wp\/v2\/product\/35495","targetHints":{"allow":["GET"]}}],"collection":[{"href":"https:\/\/safari.mx\/index.php\/wp-json\/wp\/v2\/product"}],"about":[{"href":"https:\/\/safari.mx\/index.php\/wp-json\/wp\/v2\/types\/product"}],"replies":[{"embeddable":true,"href":"https:\/\/safari.mx\/index.php\/wp-json\/wp\/v2\/comments?post=35495"}],"wp:featuredmedia":[{"embeddable":true,"href":"https:\/\/safari.mx\/index.php\/wp-json\/wp\/v2\/media\/35498"}],"wp:attachment":[{"href":"https:\/\/safari.mx\/index.php\/wp-json\/wp\/v2\/media?parent=35495"}],"wp:term":[{"taxonomy":"product_cat","embeddable":true,"href":"https:\/\/safari.mx\/index.php\/wp-json\/wp\/v2\/product_cat?post=35495"},{"taxonomy":"product_tag","embeddable":true,"href":"https:\/\/safari.mx\/index.php\/wp-json\/wp\/v2\/product_tag?post=35495"}],"curies":[{"name":"wp","href":"https:\/\/api.w.org\/{rel}","templated":true}]}}