{"id":35791,"date":"2024-08-13T12:58:29","date_gmt":"2024-08-13T12:58:29","guid":{"rendered":"https:\/\/safari.mx\/index.php\/product\/perfumero-metalico-10ml-rosca-hello-kitty\/"},"modified":"2024-10-05T19:27:28","modified_gmt":"2024-10-05T19:27:28","slug":"perfumero-metalico-10ml-rosca-hello-kitty","status":"publish","type":"product","link":"https:\/\/safari.mx\/index.php\/product\/perfumero-metalico-10ml-rosca-hello-kitty\/","title":{"rendered":"Perfumero Met\u00e1lico 10ml Rosca Hello Kitty"},"content":{"rendered":"<p>&nbsp;<\/p>\n<ul class=\"a-unordered-list a-vertical a-spacing-mini\">\n<li class=\"a-spacing-mini\"><span class=\"a-list-item\">\u3010F\u00e1cil de transportar\u3011 La botella para perfume con una capacidad de\u00a0 ml, que es el tama\u00f1o perfecto para viajar, por lo que puede ponerlo f\u00e1cilmente en su bolsillo, bolso y maleta para llevarlo a cualquier parte.<\/span><\/li>\n<li class=\"a-spacing-mini\"><span class=\"a-list-item\">\u3010Materiales de alta calidad\u3011 La carcasa exterior de este frasco de perfume est\u00e1 hecha de aluminio de alta calidad, y la carcasa interior est\u00e1 hecha de pl\u00e1stico pp de alta calidad, que no gotear\u00e1, rayar\u00e1 o da\u00f1ar\u00e1 f\u00e1cilmente. Incluso si se cae accidentalmente al suelo, no se romper\u00e1.<\/span><\/li>\n<li class=\"a-spacing-mini\"><span class=\"a-list-item\">\u3010F\u00e1cil de usar\u3011Esta botella perfume en spray no tiene tap\u00f3n, simplemente gire la botella en el sentido de las agujas del reloj. Una vez que salga la boquilla, podr\u00e1 utilizarla. Y despu\u00e9s de eso, simplemente tire de la boquilla y g\u00edrela para abrirla y rellenar el l\u00edquido.<\/span><\/li>\n<\/ul>\n","protected":false},"excerpt":{"rendered":"<ul class=\"a-unordered-list a-vertical a-spacing-mini\">\n<li class=\"a-spacing-mini\"><span class=\"a-list-item\">\u3010Mini botella de perfume en spray\u3011Este frasco de perfume tiene un aspecto delicado y compacto, adecuado para salidas diarias y viajes. Se puede utilizar para contener muchos l\u00edquidos, como perfume, t\u00f3nico, desmaquillante, etc. Es un buen ayudante para viajes y salidas diarias .<\/span><\/li>\n<\/ul>\n","protected":false},"featured_media":41370,"comment_status":"open","ping_status":"closed","template":"","meta":[],"product_cat":[680,651],"product_tag":[],"class_list":{"0":"post-35791","1":"product","2":"type-product","3":"status-publish","4":"has-post-thumbnail","6":"product_cat-perfumeros-metalicos-perfumeros","7":"product_cat-perfumeros","9":"first","10":"instock","11":"purchasable","12":"product-type-simple","13":"add-to-wishlist-after_add_to_cart"},"aioseo_notices":[],"_links":{"self":[{"href":"https:\/\/safari.mx\/index.php\/wp-json\/wp\/v2\/product\/35791","targetHints":{"allow":["GET"]}}],"collection":[{"href":"https:\/\/safari.mx\/index.php\/wp-json\/wp\/v2\/product"}],"about":[{"href":"https:\/\/safari.mx\/index.php\/wp-json\/wp\/v2\/types\/product"}],"replies":[{"embeddable":true,"href":"https:\/\/safari.mx\/index.php\/wp-json\/wp\/v2\/comments?post=35791"}],"wp:featuredmedia":[{"embeddable":true,"href":"https:\/\/safari.mx\/index.php\/wp-json\/wp\/v2\/media\/41370"}],"wp:attachment":[{"href":"https:\/\/safari.mx\/index.php\/wp-json\/wp\/v2\/media?parent=35791"}],"wp:term":[{"taxonomy":"product_cat","embeddable":true,"href":"https:\/\/safari.mx\/index.php\/wp-json\/wp\/v2\/product_cat?post=35791"},{"taxonomy":"product_tag","embeddable":true,"href":"https:\/\/safari.mx\/index.php\/wp-json\/wp\/v2\/product_tag?post=35791"}],"curies":[{"name":"wp","href":"https:\/\/api.w.org\/{rel}","templated":true}]}}