{"id":36317,"date":"2024-08-13T13:33:06","date_gmt":"2024-08-13T13:33:06","guid":{"rendered":"https:\/\/safari.mx\/index.php\/product\/tiras-de-perfume-para-aromaterapia-100-piezas-2\/"},"modified":"2024-08-13T13:33:06","modified_gmt":"2024-08-13T13:33:06","slug":"tiras-de-perfume-para-aromaterapia-100-piezas-2","status":"publish","type":"product","link":"https:\/\/safari.mx\/index.php\/product\/tiras-de-perfume-para-aromaterapia-100-piezas-2\/","title":{"rendered":"Tiras de Perfume para aromaterapia 100 piezas."},"content":{"rendered":"","protected":false},"excerpt":{"rendered":"<p><b data-spm-anchor-id=\"a2g0o.detail.1000023.i0.77d960c7Y4RZFz\">Caracter\u00edstica:<\/b><\/p>\n<p>1. Paquete incluido: un total de 100 de tiras reactivas de perfume, que es una cantidad suficiente para satisfacer sus necesidades diarias o de reemplazo.<br \/>\n2. Uso: las tiras reactivas de papel de perfume pueden ayudarlo a clasificar r\u00e1pidamente los l\u00edquidos y tambi\u00e9n se pueden usar para determinar si alguien ha perdido el sentido del olfato.<br \/>\n3. F\u00e1cil de usar: simplemente sumerja el extremo estrecho de las tiras reactivas en aceite esencial o deje caer 2-3 gotas, despu\u00e9s de unos segundos coloque 3-5 pulgadas de distancia de su nariz para oler.<br \/>\n4. Uso generalizado: las tiras de prueba de perfume adoptaron un dise\u00f1o de uso desechable, que son ideales para probar aceites de aromaterapia, perfumes, aceites esenciales, etc.<br \/>\n5. Excelente papel: las tiras reactivas est\u00e1n hechas de material de papel de aceites esenciales, grueso y ligero para facilitar su transporte, adecuado para el hogar y para perfumer\u00edas.<\/p>\n<p><b>Especificaci\u00f3n:<\/b><\/p>\n<p data-spm-anchor-id=\"a2g0o.detail.1000023.i1.77d960c7Y4RZFz\">Tipo de art\u00edculo: Tiras de prueba de perfume<br \/>\nMaterial: papel<br \/>\nTama\u00f1o \u00fanico: aprox. 0,8x8cm\/0,3&#215;3,1 pulgadas<\/p>\n","protected":false},"featured_media":36319,"comment_status":"open","ping_status":"open","template":"","meta":[],"product_cat":[651],"product_tag":[],"class_list":{"0":"post-36317","1":"product","2":"type-product","3":"status-publish","4":"has-post-thumbnail","6":"product_cat-perfumeros","8":"first","9":"instock","10":"purchasable","11":"product-type-simple","12":"add-to-wishlist-after_add_to_cart"},"aioseo_notices":[],"_links":{"self":[{"href":"https:\/\/safari.mx\/index.php\/wp-json\/wp\/v2\/product\/36317","targetHints":{"allow":["GET"]}}],"collection":[{"href":"https:\/\/safari.mx\/index.php\/wp-json\/wp\/v2\/product"}],"about":[{"href":"https:\/\/safari.mx\/index.php\/wp-json\/wp\/v2\/types\/product"}],"replies":[{"embeddable":true,"href":"https:\/\/safari.mx\/index.php\/wp-json\/wp\/v2\/comments?post=36317"}],"wp:featuredmedia":[{"embeddable":true,"href":"https:\/\/safari.mx\/index.php\/wp-json\/wp\/v2\/media\/36319"}],"wp:attachment":[{"href":"https:\/\/safari.mx\/index.php\/wp-json\/wp\/v2\/media?parent=36317"}],"wp:term":[{"taxonomy":"product_cat","embeddable":true,"href":"https:\/\/safari.mx\/index.php\/wp-json\/wp\/v2\/product_cat?post=36317"},{"taxonomy":"product_tag","embeddable":true,"href":"https:\/\/safari.mx\/index.php\/wp-json\/wp\/v2\/product_tag?post=36317"}],"curies":[{"name":"wp","href":"https:\/\/api.w.org\/{rel}","templated":true}]}}