{"id":36455,"date":"2024-08-13T13:33:18","date_gmt":"2024-08-13T13:33:18","guid":{"rendered":"https:\/\/safari.mx\/index.php\/product\/perfumero-5ml-autorecargable-de-seguridad-roja\/"},"modified":"2024-08-13T13:33:19","modified_gmt":"2024-08-13T13:33:19","slug":"perfumero-5ml-autorecargable-de-seguridad-roja","status":"publish","type":"product","link":"https:\/\/safari.mx\/index.php\/product\/perfumero-5ml-autorecargable-de-seguridad-roja\/","title":{"rendered":"Perfumero 5ml Autorecargable De Seguridad Roja"},"content":{"rendered":"<p align=\"start\">\u2764\u00a0<span id=\"tl_2\">Cuerpo de botella desmontable, no tiene que preocuparse por la fuga de su perfume.<\/span><br \/>\n\u2764\u00a0<span id=\"tl_3\">Actualice la nanoboquilla, haga que la niebla sea m\u00e1s delicada, roc\u00ede un \u00e1rea m\u00e1s amplia de perfume y ahorre m\u00e1s perfume.<\/span><br \/>\n\u2764\u00a0<span id=\"tl_4\">Fondo de botella mejorado con dise\u00f1o de pilar de gu\u00eda integrado, sellado multicapa, m\u00e1s a prueba de fugas.<\/span><br \/>\n\u2764\u00a0<span id=\"tl_5\">El material de revestimiento respetuoso con el medio ambiente permite que el perfume conserve mejor su sabor.<\/span><\/p>\n<p align=\"start\"><strong><span id=\"tl_6\">Caracter\u00edstica:<\/span><\/strong><\/p>\n<p align=\"start\">\u2764\u00a0\u00a0\u00a0<span id=\"tl_7\">La mini botella de spray de perfume es lo suficientemente peque\u00f1a y ligera como para llevarla en el bolsillo o bolso, lo que le hace disfrutar de una fragancia maravillosa en cada momento. Cuando asiste a una fiesta, pasa tiempo de vacaciones o en un viaje de negocios, es una gran herramienta para mantenerte fresco y darte confianza.<\/span><br \/>\n\u2764\u00a0\u00a0 <span id=\"tl_8\">Peque\u00f1o orificio atomizador para reducir el malgasto de perfume y hacer espray m\u00e1s fino.<\/span><br \/>\n\u2764\u00a0\u00a0 <span id=\"tl_9\">Tama\u00f1o de l\u00e1piz labial, lo suficientemente peque\u00f1o y ligero como para ponerlo en el bolsillo o bolso.<\/span><br \/>\n\u2764\u00a0\u00a0 <span id=\"tl_10\">Dise\u00f1o recargable, reciclable y respetuoso con el medio ambiente.<\/span><br \/>\n\u2764\u00a0\u00a0 <span id=\"tl_11\">Material de aluminio de alta calidad, duradero y ligero. Conveniente de llevar y mantener, f\u00e1cil de usar, adecuado para fiestas, viajes y actividades al aire libre.<\/span><\/p>\n<p align=\"start\"><strong style=\"color: #1b1919; font-size: 24px;\"><span id=\"tl_12\">Especificaciones:<\/span><\/strong><\/p>\n<p align=\"start\" data-spm-anchor-id=\"a2g0o.detail.1000023.i0.2cfaM7JFM7JFFn\">\u2764<span id=\"tl_13\">Nombre: botellas de spray recargables de viaje con perfume<\/span><br \/>\n\u2764<span id=\"tl_14\">Boquilla de pulverizaci\u00f3n: boquilla de niebla nano fina<\/span><br \/>\n\u2764<span id=\"tl_15\">Material de la botella interior: material de alta transparencia PCTG, antica\u00edda y antiexplosi\u00f3n.<\/span><br \/>\n\u2764<span id=\"tl_16\">Material base: metal galvanizado\/oxidaci\u00f3n<\/span><br \/>\n\u2764<span id=\"tl_17\">Material de la carcasa: aleaci\u00f3n de aluminio<\/span><br \/>\n\u2764<span id=\"tl_19\">Capacidad: 5ml<\/span><\/p>\n","protected":false},"excerpt":{"rendered":"<p>Perfumero de bolsillo auto recargable de 5ml.<\/p>\n<p>&nbsp;<\/p>\n","protected":false},"featured_media":36452,"comment_status":"open","ping_status":"open","template":"","meta":[],"product_cat":[651,653],"product_tag":[],"class_list":{"0":"post-36455","1":"product","2":"type-product","3":"status-publish","4":"has-post-thumbnail","6":"product_cat-perfumeros","7":"product_cat-perfumeros-autorecargables-perfumeros","9":"first","10":"instock","11":"purchasable","12":"product-type-simple","13":"add-to-wishlist-after_add_to_cart"},"aioseo_notices":[],"_links":{"self":[{"href":"https:\/\/safari.mx\/index.php\/wp-json\/wp\/v2\/product\/36455","targetHints":{"allow":["GET"]}}],"collection":[{"href":"https:\/\/safari.mx\/index.php\/wp-json\/wp\/v2\/product"}],"about":[{"href":"https:\/\/safari.mx\/index.php\/wp-json\/wp\/v2\/types\/product"}],"replies":[{"embeddable":true,"href":"https:\/\/safari.mx\/index.php\/wp-json\/wp\/v2\/comments?post=36455"}],"wp:featuredmedia":[{"embeddable":true,"href":"https:\/\/safari.mx\/index.php\/wp-json\/wp\/v2\/media\/36452"}],"wp:attachment":[{"href":"https:\/\/safari.mx\/index.php\/wp-json\/wp\/v2\/media?parent=36455"}],"wp:term":[{"taxonomy":"product_cat","embeddable":true,"href":"https:\/\/safari.mx\/index.php\/wp-json\/wp\/v2\/product_cat?post=36455"},{"taxonomy":"product_tag","embeddable":true,"href":"https:\/\/safari.mx\/index.php\/wp-json\/wp\/v2\/product_tag?post=36455"}],"curies":[{"name":"wp","href":"https:\/\/api.w.org\/{rel}","templated":true}]}}