{"id":36517,"date":"2024-08-13T13:34:06","date_gmt":"2024-08-13T13:34:06","guid":{"rendered":"https:\/\/safari.mx\/index.php\/product\/coach-for-men-100ml-tester-coach\/"},"modified":"2024-10-12T03:18:33","modified_gmt":"2024-10-12T03:18:33","slug":"coach-for-men-100ml-tester-coach","status":"publish","type":"product","link":"https:\/\/safari.mx\/index.php\/product\/coach-for-men-100ml-tester-coach\/","title":{"rendered":"Coach For Men &#8211; 100ml Tester &#8211; Coach"},"content":{"rendered":"<p><strong>ACORDES:<\/strong> Citrico, Amaderado, Ambar, Fresco Especiado, Afrutado, Dulce, Amaderado, Calido especiado.<\/p>\n","protected":false},"excerpt":{"rendered":"<p><b>Coach for Men<\/b>\u00a0de\u00a0<b>Coach<\/b>\u00a0es una fragancia de la familia olfativa Amaderada Arom\u00e1tica para Hombres.\u00a0<b>Coach for Men<\/b>\u00a0se lanz\u00f3 en 2017. Coach for Men fue creada por Anne Flipo y Bruno Jovanovic. Las Notas de Salida son pera, kumquat (naranja enana), bergamota, lavanda y toronja (pomelo); las Notas de Coraz\u00f3n son cardamomo, geranio y cilantro; las Notas de Fondo son \u00e1mbar gris, gamuza, Amberwood y vetiver de Hait\u00ed.<\/p>\n","protected":false},"featured_media":36518,"comment_status":"open","ping_status":"closed","template":"","meta":[],"product_cat":[521,342,340,353,362,343,339,351,713,714],"product_tag":[],"class_list":{"0":"post-36517","1":"product","2":"type-product","3":"status-publish","4":"has-post-thumbnail","6":"product_cat-coach-marca","7":"product_cat-clasificacion","8":"product_cat-concentracion","9":"product_cat-disenador-clasificacion","10":"product_cat-eau-de-parfum-concentracion","11":"product_cat-genero","12":"product_cat-marca","13":"product_cat-masculino-genero","14":"product_cat-tester","15":"product_cat-tester-caballero-tester","16":"ts_product_brand-coach","18":"first","19":"outofstock","20":"purchasable","21":"product-type-simple","22":"add-to-wishlist-after_add_to_cart"},"aioseo_notices":[],"_links":{"self":[{"href":"https:\/\/safari.mx\/index.php\/wp-json\/wp\/v2\/product\/36517","targetHints":{"allow":["GET"]}}],"collection":[{"href":"https:\/\/safari.mx\/index.php\/wp-json\/wp\/v2\/product"}],"about":[{"href":"https:\/\/safari.mx\/index.php\/wp-json\/wp\/v2\/types\/product"}],"replies":[{"embeddable":true,"href":"https:\/\/safari.mx\/index.php\/wp-json\/wp\/v2\/comments?post=36517"}],"wp:featuredmedia":[{"embeddable":true,"href":"https:\/\/safari.mx\/index.php\/wp-json\/wp\/v2\/media\/36518"}],"wp:attachment":[{"href":"https:\/\/safari.mx\/index.php\/wp-json\/wp\/v2\/media?parent=36517"}],"wp:term":[{"taxonomy":"product_cat","embeddable":true,"href":"https:\/\/safari.mx\/index.php\/wp-json\/wp\/v2\/product_cat?post=36517"},{"taxonomy":"product_tag","embeddable":true,"href":"https:\/\/safari.mx\/index.php\/wp-json\/wp\/v2\/product_tag?post=36517"}],"curies":[{"name":"wp","href":"https:\/\/api.w.org\/{rel}","templated":true}]}}