{"id":36693,"date":"2024-08-13T13:48:57","date_gmt":"2024-08-13T13:48:57","guid":{"rendered":"https:\/\/safari.mx\/index.php\/product\/viking-dubai-100ml-bharara\/"},"modified":"2024-08-13T13:49:04","modified_gmt":"2024-08-13T13:49:04","slug":"viking-dubai-100ml-bharara","status":"publish","type":"product","link":"https:\/\/safari.mx\/index.php\/product\/viking-dubai-100ml-bharara\/","title":{"rendered":"Viking Dubai &#8211; 100ml &#8211; Bharara"},"content":{"rendered":"<p><strong>ACORDES:<\/strong> Citrico, Afrutado, Dulce.<\/p>\n<p>Viking Dubai es una fragancia premium que emana un esp\u00edritu vibrante y aventurero por el que los vikingos eran conocidos.<\/p>\n","protected":false},"excerpt":{"rendered":"<p>Con una mezcla de notas de cabeza c\u00edtricas y especiadas, esta fragancia se abre con una explosi\u00f3n de energ\u00eda que es a la vez vigorizante y refrescante. La combinaci\u00f3n de bergamota, naranja dulce, lim\u00f3n, pomelo y jengibre crea un aroma inolvidable que es a la vez sabroso y c\u00e1lido. A medida que la fragancia evoluciona, revela un coraz\u00f3n rico y complejo de madera de cachemira, magnolia blanca, violeta y haba tonka. Estas notas amaderadas y florales a\u00f1aden profundidad y complejidad a la fragancia, creando una sensaci\u00f3n de intriga y misterio. Las notas base de la fragancia se componen de \u00e1mbar terroso y sensual, pachul\u00ed, beriberi y almizcle blanco.<\/p>\n","protected":false},"featured_media":31800,"comment_status":"open","ping_status":"open","template":"","meta":[],"product_cat":[603,633,372,342,340,362,343,339,428,430,348],"product_tag":[],"class_list":{"0":"post-36693","1":"product","2":"type-product","3":"status-publish","4":"has-post-thumbnail","6":"product_cat-bharara-marca","7":"product_cat-perfumes-arabes-perfumes-de-linea","8":"product_cat-arabe-clasificacion","9":"product_cat-clasificacion","10":"product_cat-concentracion","11":"product_cat-eau-de-parfum-concentracion","12":"product_cat-genero","13":"product_cat-marca","14":"product_cat-perfumes-de-linea","15":"product_cat-perfumes-de-linea-caballero","16":"product_cat-unisex-genero","17":"ts_product_brand-bharara","19":"first","20":"instock","21":"purchasable","22":"product-type-simple","23":"add-to-wishlist-after_add_to_cart"},"aioseo_notices":[],"_links":{"self":[{"href":"https:\/\/safari.mx\/index.php\/wp-json\/wp\/v2\/product\/36693","targetHints":{"allow":["GET"]}}],"collection":[{"href":"https:\/\/safari.mx\/index.php\/wp-json\/wp\/v2\/product"}],"about":[{"href":"https:\/\/safari.mx\/index.php\/wp-json\/wp\/v2\/types\/product"}],"replies":[{"embeddable":true,"href":"https:\/\/safari.mx\/index.php\/wp-json\/wp\/v2\/comments?post=36693"}],"wp:featuredmedia":[{"embeddable":true,"href":"https:\/\/safari.mx\/index.php\/wp-json\/wp\/v2\/media\/31800"}],"wp:attachment":[{"href":"https:\/\/safari.mx\/index.php\/wp-json\/wp\/v2\/media?parent=36693"}],"wp:term":[{"taxonomy":"product_cat","embeddable":true,"href":"https:\/\/safari.mx\/index.php\/wp-json\/wp\/v2\/product_cat?post=36693"},{"taxonomy":"product_tag","embeddable":true,"href":"https:\/\/safari.mx\/index.php\/wp-json\/wp\/v2\/product_tag?post=36693"}],"curies":[{"name":"wp","href":"https:\/\/api.w.org\/{rel}","templated":true}]}}