{"id":36703,"date":"2024-08-13T13:50:09","date_gmt":"2024-08-13T13:50:09","guid":{"rendered":"https:\/\/safari.mx\/index.php\/product\/king-parfum-100ml-bharara\/"},"modified":"2024-10-03T17:38:09","modified_gmt":"2024-10-03T17:38:09","slug":"king-parfum-100ml-bharara","status":"publish","type":"product","link":"https:\/\/safari.mx\/index.php\/product\/king-parfum-100ml-bharara\/","title":{"rendered":"King Parfum &#8211; 100ml &#8211; Bharara"},"content":{"rendered":"<p><strong>ACORDES:<\/strong> Citrico, Afrutado, Dulce, Avainillado.<\/p>\n","protected":false},"excerpt":{"rendered":"<p><b>King<\/b>\u00a0de\u00a0<b>Bharara<\/b>\u00a0es una fragancia de la familia olfativa para Hombres. Las Notas de Salida son naranja, bergamota y lim\u00f3n (lima \u00e1cida); la Nota de Coraz\u00f3n es notas afrutadas; las Notas de Fondo son vainilla, almizcle blanco y \u00e1mbar.<\/p>\n","protected":false},"featured_media":36701,"comment_status":"open","ping_status":"closed","template":"","meta":[],"product_cat":[603,633,640,372,342,340,362,343,339,428,348],"product_tag":[],"class_list":{"0":"post-36703","1":"product","2":"type-product","3":"status-publish","4":"has-post-thumbnail","6":"product_cat-bharara-marca","7":"product_cat-perfumes-arabes-perfumes-de-linea","8":"product_cat-perfumes-de-linea-unisex-perfumes-de-linea","9":"product_cat-arabe-clasificacion","10":"product_cat-clasificacion","11":"product_cat-concentracion","12":"product_cat-eau-de-parfum-concentracion","13":"product_cat-genero","14":"product_cat-marca","15":"product_cat-perfumes-de-linea","16":"product_cat-unisex-genero","17":"ts_product_brand-bharara","19":"first","20":"instock","21":"purchasable","22":"product-type-simple","23":"add-to-wishlist-after_add_to_cart"},"aioseo_notices":[],"_links":{"self":[{"href":"https:\/\/safari.mx\/index.php\/wp-json\/wp\/v2\/product\/36703","targetHints":{"allow":["GET"]}}],"collection":[{"href":"https:\/\/safari.mx\/index.php\/wp-json\/wp\/v2\/product"}],"about":[{"href":"https:\/\/safari.mx\/index.php\/wp-json\/wp\/v2\/types\/product"}],"replies":[{"embeddable":true,"href":"https:\/\/safari.mx\/index.php\/wp-json\/wp\/v2\/comments?post=36703"}],"wp:featuredmedia":[{"embeddable":true,"href":"https:\/\/safari.mx\/index.php\/wp-json\/wp\/v2\/media\/36701"}],"wp:attachment":[{"href":"https:\/\/safari.mx\/index.php\/wp-json\/wp\/v2\/media?parent=36703"}],"wp:term":[{"taxonomy":"product_cat","embeddable":true,"href":"https:\/\/safari.mx\/index.php\/wp-json\/wp\/v2\/product_cat?post=36703"},{"taxonomy":"product_tag","embeddable":true,"href":"https:\/\/safari.mx\/index.php\/wp-json\/wp\/v2\/product_tag?post=36703"}],"curies":[{"name":"wp","href":"https:\/\/api.w.org\/{rel}","templated":true}]}}