{"id":36843,"date":"2024-08-13T14:00:16","date_gmt":"2024-08-13T14:00:16","guid":{"rendered":"https:\/\/safari.mx\/index.php\/product\/luna-rossa-ocean-100ml-prada-milano\/"},"modified":"2024-10-04T01:23:03","modified_gmt":"2024-10-04T01:23:03","slug":"luna-rossa-ocean-100ml-prada-milano","status":"publish","type":"product","link":"https:\/\/safari.mx\/index.php\/product\/luna-rossa-ocean-100ml-prada-milano\/","title":{"rendered":"Luna Rossa Ocean &#8211; 100ml &#8211; Prada Milano"},"content":{"rendered":"<p><strong>ACORDES:<\/strong> Arom\u00e1tico, almizclado, atalcado.<\/p>\n","protected":false},"excerpt":{"rendered":"<p>Luna Rossa Ocean fue creada por Anne Flipo y Carlos Benaim. Las Notas de Salida son bergamota, abr\u00f3tano y pimienta rosa; las Notas de Coraz\u00f3n son lavanda, iris, salvia, gamuza y azafr\u00e1n; las Notas de Fondo son almizcle, vetiver de Hait\u00ed, pachul\u00ed y caramelo.<\/p>\n","protected":false},"featured_media":24436,"comment_status":"open","ping_status":"closed","template":"","meta":[],"product_cat":[473,342,340,353,354,343,339,351,428,430,431],"product_tag":[],"class_list":{"0":"post-36843","1":"product","2":"type-product","3":"status-publish","4":"has-post-thumbnail","6":"product_cat-prada-marca","7":"product_cat-clasificacion","8":"product_cat-concentracion","9":"product_cat-disenador-clasificacion","10":"product_cat-eau-de-toilette-concentracion","11":"product_cat-genero","12":"product_cat-marca","13":"product_cat-masculino-genero","14":"product_cat-perfumes-de-linea","15":"product_cat-perfumes-de-linea-caballero","16":"product_cat-perfumes-disenador-perfumes-de-linea","17":"ts_product_brand-prada","19":"first","20":"instock","21":"purchasable","22":"product-type-simple","23":"add-to-wishlist-after_add_to_cart"},"aioseo_notices":[],"_links":{"self":[{"href":"https:\/\/safari.mx\/index.php\/wp-json\/wp\/v2\/product\/36843","targetHints":{"allow":["GET"]}}],"collection":[{"href":"https:\/\/safari.mx\/index.php\/wp-json\/wp\/v2\/product"}],"about":[{"href":"https:\/\/safari.mx\/index.php\/wp-json\/wp\/v2\/types\/product"}],"replies":[{"embeddable":true,"href":"https:\/\/safari.mx\/index.php\/wp-json\/wp\/v2\/comments?post=36843"}],"wp:featuredmedia":[{"embeddable":true,"href":"https:\/\/safari.mx\/index.php\/wp-json\/wp\/v2\/media\/24436"}],"wp:attachment":[{"href":"https:\/\/safari.mx\/index.php\/wp-json\/wp\/v2\/media?parent=36843"}],"wp:term":[{"taxonomy":"product_cat","embeddable":true,"href":"https:\/\/safari.mx\/index.php\/wp-json\/wp\/v2\/product_cat?post=36843"},{"taxonomy":"product_tag","embeddable":true,"href":"https:\/\/safari.mx\/index.php\/wp-json\/wp\/v2\/product_tag?post=36843"}],"curies":[{"name":"wp","href":"https:\/\/api.w.org\/{rel}","templated":true}]}}