{"id":36942,"date":"2024-08-13T14:10:01","date_gmt":"2024-08-13T14:10:01","guid":{"rendered":"https:\/\/safari.mx\/index.php\/product\/club-de-nuit-intense-woman-105ml-armaf\/"},"modified":"2024-10-03T18:36:09","modified_gmt":"2024-10-03T18:36:09","slug":"club-de-nuit-intense-woman-105ml-armaf","status":"publish","type":"product","link":"https:\/\/safari.mx\/index.php\/product\/club-de-nuit-intense-woman-105ml-armaf\/","title":{"rendered":"Club De Nuit Intense Woman &#8211; 105ml &#8211; Armaf"},"content":{"rendered":"<p><strong>ACORDES:<\/strong> Rosas, fresco especiado, c\u00e1lido especiado, pachul\u00ed, avainillado, oud, amaderado, florales, \u00e1mbar, atalcado.<\/p>\n","protected":false},"excerpt":{"rendered":"<p>Las Notas de Salida son geranio, azafr\u00e1n y rosa; las Notas de Coraz\u00f3n son alcaravea, nuez moscada, violeta y pimienta; las Notas de Fondo son \u00e1mbar, madera de oud, vainilla y pachul\u00ed.<\/p>\n","protected":false},"featured_media":22244,"comment_status":"open","ping_status":"closed","template":"","meta":[],"product_cat":[633,639,372,373,342,340,362,370,343,339,428],"product_tag":[],"class_list":{"0":"post-36942","1":"product","2":"type-product","3":"status-publish","4":"has-post-thumbnail","6":"product_cat-perfumes-arabes-perfumes-de-linea","7":"product_cat-perfumes-de-linea-dama-perfumes-de-linea","8":"product_cat-arabe-clasificacion","9":"product_cat-armaf-marca","10":"product_cat-clasificacion","11":"product_cat-concentracion","12":"product_cat-eau-de-parfum-concentracion","13":"product_cat-femenino-genero","14":"product_cat-genero","15":"product_cat-marca","16":"product_cat-perfumes-de-linea","17":"ts_product_brand-armaf","19":"first","20":"instock","21":"purchasable","22":"product-type-simple","23":"add-to-wishlist-after_add_to_cart"},"aioseo_notices":[],"_links":{"self":[{"href":"https:\/\/safari.mx\/index.php\/wp-json\/wp\/v2\/product\/36942","targetHints":{"allow":["GET"]}}],"collection":[{"href":"https:\/\/safari.mx\/index.php\/wp-json\/wp\/v2\/product"}],"about":[{"href":"https:\/\/safari.mx\/index.php\/wp-json\/wp\/v2\/types\/product"}],"replies":[{"embeddable":true,"href":"https:\/\/safari.mx\/index.php\/wp-json\/wp\/v2\/comments?post=36942"}],"wp:featuredmedia":[{"embeddable":true,"href":"https:\/\/safari.mx\/index.php\/wp-json\/wp\/v2\/media\/22244"}],"wp:attachment":[{"href":"https:\/\/safari.mx\/index.php\/wp-json\/wp\/v2\/media?parent=36942"}],"wp:term":[{"taxonomy":"product_cat","embeddable":true,"href":"https:\/\/safari.mx\/index.php\/wp-json\/wp\/v2\/product_cat?post=36942"},{"taxonomy":"product_tag","embeddable":true,"href":"https:\/\/safari.mx\/index.php\/wp-json\/wp\/v2\/product_tag?post=36942"}],"curies":[{"name":"wp","href":"https:\/\/api.w.org\/{rel}","templated":true}]}}