{"id":37116,"date":"2024-08-13T14:16:41","date_gmt":"2024-08-13T14:16:41","guid":{"rendered":"https:\/\/safari.mx\/index.php\/product\/paquete-50-perfumeros-5ml-mix-color-autorecargable\/"},"modified":"2024-08-13T14:16:41","modified_gmt":"2024-08-13T14:16:41","slug":"paquete-50-perfumeros-5ml-mix-color-autorecargable-2","status":"publish","type":"product","link":"https:\/\/safari.mx\/index.php\/product\/paquete-50-perfumeros-5ml-mix-color-autorecargable-2\/","title":{"rendered":"Paquete 50 Perfumeros 5ml Mix Color Autorecargable"},"content":{"rendered":"","protected":false},"excerpt":{"rendered":"<p>Dise\u00f1o Visual y Capacidad: La ventana transparente del frasco de perfume te permite controlar la cantidad de l\u00edquido y reponerlo a tiempo.<\/p>\n<p>Pr\u00e1ctico tama\u00f1o de viaje: el portaperfumes mini de 5 ml es un buen compa\u00f1ero para salir o viajar. Conveniente para guardar en su bolsillo, mochila, bolsa de viaje, neceser o en el autom\u00f3vil.<\/p>\n<p>Muy peque\u00f1o y ligero: muy f\u00e1cil de guardar tus perfumes favoritos y llevarlos contigo al trabajo, fiestas, vida social y viajes. El atomizador es seguro y compacto, adecuado para viajes a\u00e9reos, el tama\u00f1o de bolsillo se puede poner en una bolsa de cosm\u00e9ticos, puede contener una gran cantidad de perfume, la capacidad es de 5 ml<\/p>\n","protected":false},"featured_media":33737,"comment_status":"open","ping_status":"open","template":"","meta":[],"product_cat":[652,651,653],"product_tag":[],"class_list":{"0":"post-37116","1":"product","2":"type-product","3":"status-publish","4":"has-post-thumbnail","6":"product_cat-paquete-promocion-perfumeros","7":"product_cat-perfumeros","8":"product_cat-perfumeros-autorecargables-perfumeros","10":"first","11":"instock","12":"purchasable","13":"product-type-simple","14":"add-to-wishlist-after_add_to_cart"},"aioseo_notices":[],"_links":{"self":[{"href":"https:\/\/safari.mx\/index.php\/wp-json\/wp\/v2\/product\/37116","targetHints":{"allow":["GET"]}}],"collection":[{"href":"https:\/\/safari.mx\/index.php\/wp-json\/wp\/v2\/product"}],"about":[{"href":"https:\/\/safari.mx\/index.php\/wp-json\/wp\/v2\/types\/product"}],"replies":[{"embeddable":true,"href":"https:\/\/safari.mx\/index.php\/wp-json\/wp\/v2\/comments?post=37116"}],"wp:featuredmedia":[{"embeddable":true,"href":"https:\/\/safari.mx\/index.php\/wp-json\/wp\/v2\/media\/33737"}],"wp:attachment":[{"href":"https:\/\/safari.mx\/index.php\/wp-json\/wp\/v2\/media?parent=37116"}],"wp:term":[{"taxonomy":"product_cat","embeddable":true,"href":"https:\/\/safari.mx\/index.php\/wp-json\/wp\/v2\/product_cat?post=37116"},{"taxonomy":"product_tag","embeddable":true,"href":"https:\/\/safari.mx\/index.php\/wp-json\/wp\/v2\/product_tag?post=37116"}],"curies":[{"name":"wp","href":"https:\/\/api.w.org\/{rel}","templated":true}]}}