{"id":37403,"date":"2024-08-13T14:35:18","date_gmt":"2024-08-13T14:35:18","guid":{"rendered":"https:\/\/safari.mx\/index.php\/product\/la-belle-paradise-garden-100ml-jean-paul-gaultier\/"},"modified":"2024-10-12T03:59:09","modified_gmt":"2024-10-12T03:59:09","slug":"la-belle-paradise-garden-100ml-jean-paul-gaultier","status":"publish","type":"product","link":"https:\/\/safari.mx\/index.php\/product\/la-belle-paradise-garden-100ml-jean-paul-gaultier\/","title":{"rendered":"La Belle Paradise Garden &#8211; 100ml &#8211; Jean Paul Gaultier"},"content":{"rendered":"<p><strong>ACORDES:<\/strong> Floral Blanco, Dulce, Marino, Acu\u00e1tico, Atalcado, Arom\u00e1tico, Floral Amarillo<\/p>\n","protected":false},"excerpt":{"rendered":"<p><b>Gaultier Divine<\/b>\u00a0de\u00a0<b>Jean Paul Gaultier<\/b>\u00a0es una fragancia de la familia olfativa \u00c1mbar Floral para Mujeres. Esta fragrancia es nueva.\u00a0<b>Gaultier Divine<\/b>\u00a0se lanz\u00f3 en 2023. La Nariz detr\u00e1s de esta fragrancia es Quentin Bisch. Las Notas de Salida son Calipsone, bayas rojas y bergamota; las Notas de Coraz\u00f3n son azucena, ylang-ylang y jazm\u00edn; las Notas de Fondo son merengue, almizcle y pachul\u00ed.<\/p>\n","protected":false},"featured_media":37395,"comment_status":"open","ping_status":"closed","template":"","meta":[],"product_cat":[639,342,340,353,362,370,343,424,339,428,431],"product_tag":[],"class_list":{"0":"post-37403","1":"product","2":"type-product","3":"status-publish","4":"has-post-thumbnail","6":"product_cat-perfumes-de-linea-dama-perfumes-de-linea","7":"product_cat-clasificacion","8":"product_cat-concentracion","9":"product_cat-disenador-clasificacion","10":"product_cat-eau-de-parfum-concentracion","11":"product_cat-femenino-genero","12":"product_cat-genero","13":"product_cat-jean-paul-gaultier-marca","14":"product_cat-marca","15":"product_cat-perfumes-de-linea","16":"product_cat-perfumes-disenador-perfumes-de-linea","17":"ts_product_brand-jean-paul-gaultier","19":"first","20":"outofstock","21":"purchasable","22":"product-type-simple","23":"add-to-wishlist-after_add_to_cart"},"aioseo_notices":[],"_links":{"self":[{"href":"https:\/\/safari.mx\/index.php\/wp-json\/wp\/v2\/product\/37403","targetHints":{"allow":["GET"]}}],"collection":[{"href":"https:\/\/safari.mx\/index.php\/wp-json\/wp\/v2\/product"}],"about":[{"href":"https:\/\/safari.mx\/index.php\/wp-json\/wp\/v2\/types\/product"}],"replies":[{"embeddable":true,"href":"https:\/\/safari.mx\/index.php\/wp-json\/wp\/v2\/comments?post=37403"}],"wp:featuredmedia":[{"embeddable":true,"href":"https:\/\/safari.mx\/index.php\/wp-json\/wp\/v2\/media\/37395"}],"wp:attachment":[{"href":"https:\/\/safari.mx\/index.php\/wp-json\/wp\/v2\/media?parent=37403"}],"wp:term":[{"taxonomy":"product_cat","embeddable":true,"href":"https:\/\/safari.mx\/index.php\/wp-json\/wp\/v2\/product_cat?post=37403"},{"taxonomy":"product_tag","embeddable":true,"href":"https:\/\/safari.mx\/index.php\/wp-json\/wp\/v2\/product_tag?post=37403"}],"curies":[{"name":"wp","href":"https:\/\/api.w.org\/{rel}","templated":true}]}}