{"id":37439,"date":"2024-08-13T14:36:33","date_gmt":"2024-08-13T14:36:33","guid":{"rendered":"https:\/\/safari.mx\/index.php\/product\/the-icon-eau-de-toilette-set-2-piezas-antonio-banderas\/"},"modified":"2024-08-13T14:36:36","modified_gmt":"2024-08-13T14:36:36","slug":"the-icon-eau-de-toilette-set-2-piezas-antonio-banderas","status":"publish","type":"product","link":"https:\/\/safari.mx\/index.php\/product\/the-icon-eau-de-toilette-set-2-piezas-antonio-banderas\/","title":{"rendered":"The Icon Eau de Toilette  &#8211; Set 2 Piezas &#8211; Antonio Banderas"},"content":{"rendered":"<p><strong>ACORDES:<\/strong> Fresco Especiado, Arom\u00e1tico, C\u00edtrico, Lavanda, Amaderado, Herbal, C\u00e1lido Especiado.<\/p>\n","protected":false},"excerpt":{"rendered":"<p><b>The Icon<\/b>\u00a0de\u00a0<b>Antonio Banderas<\/b>\u00a0es una fragancia de la familia olfativa \u00c1mbar Amaderada para Hombres.\u00a0<b>The Icon<\/b>\u00a0se lanz\u00f3 en 2020. Las Notas de Salida son toronja (pomelo) y pimienta negra; las Notas de Coraz\u00f3n son lavanda y salvia; las Notas de Fondo son s\u00e1ndalo y musgo de roble.<\/p>\n","protected":false},"featured_media":37444,"comment_status":"open","ping_status":"open","template":"","meta":[],"product_cat":[589,661,660,368,342,340,362,343,339,351],"product_tag":[],"class_list":{"0":"post-37439","1":"product","2":"type-product","3":"status-publish","4":"has-post-thumbnail","6":"product_cat-antonio-banderas","7":"product_cat-estuche-caballero","8":"product_cat-perfumes-de-linea-en-estuches","9":"product_cat-celebridad-clasificacion","10":"product_cat-clasificacion","11":"product_cat-concentracion","12":"product_cat-eau-de-parfum-concentracion","13":"product_cat-genero","14":"product_cat-marca","15":"product_cat-masculino-genero","16":"ts_product_brand-antonio-banderas","18":"first","19":"instock","20":"purchasable","21":"product-type-simple","22":"add-to-wishlist-after_add_to_cart"},"aioseo_notices":[],"_links":{"self":[{"href":"https:\/\/safari.mx\/index.php\/wp-json\/wp\/v2\/product\/37439","targetHints":{"allow":["GET"]}}],"collection":[{"href":"https:\/\/safari.mx\/index.php\/wp-json\/wp\/v2\/product"}],"about":[{"href":"https:\/\/safari.mx\/index.php\/wp-json\/wp\/v2\/types\/product"}],"replies":[{"embeddable":true,"href":"https:\/\/safari.mx\/index.php\/wp-json\/wp\/v2\/comments?post=37439"}],"wp:featuredmedia":[{"embeddable":true,"href":"https:\/\/safari.mx\/index.php\/wp-json\/wp\/v2\/media\/37444"}],"wp:attachment":[{"href":"https:\/\/safari.mx\/index.php\/wp-json\/wp\/v2\/media?parent=37439"}],"wp:term":[{"taxonomy":"product_cat","embeddable":true,"href":"https:\/\/safari.mx\/index.php\/wp-json\/wp\/v2\/product_cat?post=37439"},{"taxonomy":"product_tag","embeddable":true,"href":"https:\/\/safari.mx\/index.php\/wp-json\/wp\/v2\/product_tag?post=37439"}],"curies":[{"name":"wp","href":"https:\/\/api.w.org\/{rel}","templated":true}]}}