{"id":37964,"date":"2024-08-13T15:05:47","date_gmt":"2024-08-13T15:05:47","guid":{"rendered":"https:\/\/safari.mx\/index.php\/product\/first-instintic-sheer-100ml-abercrombie-y-fitch\/"},"modified":"2024-08-13T15:05:51","modified_gmt":"2024-08-13T15:05:51","slug":"first-instintic-sheer-100ml-abercrombie-y-fitch","status":"publish","type":"product","link":"https:\/\/safari.mx\/index.php\/product\/first-instintic-sheer-100ml-abercrombie-y-fitch\/","title":{"rendered":"First Instintic Sheer &#8211; 100Ml &#8211; Abercrombie Y Fitch"},"content":{"rendered":"<p>Acordes: Floral blanco, c\u00edtrico, fresco, almizclado, florales, fresco especiado, dulce, oz\u00f3nico, \u00e1mbar, jabonoso.<\/p>\n","protected":false},"excerpt":{"rendered":"<p>First Instinct Sheer de Abercrombie &amp; Fitch es una fragancia de la familia olfativa \u00c1mbar Floral para Mujeres. First Instinct Sheer se lanz\u00f3 en 2019. First Instinct Sheer fue creada por Jean-Marc Chaillan y Celine Barel. Las Notas de Salida son aire de monta\u00f1a, bergamota y pimienta rosa; las Notas de Coraz\u00f3n son flor de azahar del naranjo, lirio de los valles (muguete) y hibisco (flor de Jamaica, cayena); las Notas de Fondo son almizcle, \u00e1mbar y notas amaderadas.<\/p>\n","protected":false},"featured_media":37968,"comment_status":"open","ping_status":"open","template":"","meta":[],"product_cat":[639,352,342,340,353,354,370,343,339,428,431],"product_tag":[],"class_list":{"0":"post-37964","1":"product","2":"type-product","3":"status-publish","4":"has-post-thumbnail","6":"product_cat-perfumes-de-linea-dama-perfumes-de-linea","7":"product_cat-abercrombie-fitch-marca","8":"product_cat-clasificacion","9":"product_cat-concentracion","10":"product_cat-disenador-clasificacion","11":"product_cat-eau-de-toilette-concentracion","12":"product_cat-femenino-genero","13":"product_cat-genero","14":"product_cat-marca","15":"product_cat-perfumes-de-linea","16":"product_cat-perfumes-disenador-perfumes-de-linea","18":"first","19":"instock","20":"purchasable","21":"product-type-simple","22":"add-to-wishlist-after_add_to_cart"},"aioseo_notices":[],"_links":{"self":[{"href":"https:\/\/safari.mx\/index.php\/wp-json\/wp\/v2\/product\/37964","targetHints":{"allow":["GET"]}}],"collection":[{"href":"https:\/\/safari.mx\/index.php\/wp-json\/wp\/v2\/product"}],"about":[{"href":"https:\/\/safari.mx\/index.php\/wp-json\/wp\/v2\/types\/product"}],"replies":[{"embeddable":true,"href":"https:\/\/safari.mx\/index.php\/wp-json\/wp\/v2\/comments?post=37964"}],"wp:featuredmedia":[{"embeddable":true,"href":"https:\/\/safari.mx\/index.php\/wp-json\/wp\/v2\/media\/37968"}],"wp:attachment":[{"href":"https:\/\/safari.mx\/index.php\/wp-json\/wp\/v2\/media?parent=37964"}],"wp:term":[{"taxonomy":"product_cat","embeddable":true,"href":"https:\/\/safari.mx\/index.php\/wp-json\/wp\/v2\/product_cat?post=37964"},{"taxonomy":"product_tag","embeddable":true,"href":"https:\/\/safari.mx\/index.php\/wp-json\/wp\/v2\/product_tag?post=37964"}],"curies":[{"name":"wp","href":"https:\/\/api.w.org\/{rel}","templated":true}]}}