{"id":37978,"date":"2024-08-13T15:06:16","date_gmt":"2024-08-13T15:06:16","guid":{"rendered":"https:\/\/safari.mx\/index.php\/product\/cloud-pink-100ml-ariana-grande\/"},"modified":"2024-08-13T15:06:22","modified_gmt":"2024-08-13T15:06:22","slug":"cloud-pink-100ml-ariana-grande","status":"publish","type":"product","link":"https:\/\/safari.mx\/index.php\/product\/cloud-pink-100ml-ariana-grande\/","title":{"rendered":"Cloud Pink &#8211; 100Ml &#8211; Ariana Grande"},"content":{"rendered":"<p>Acordes: Dulce, afrutados, almizclado, tropical, florales, amaderado, lact\u00f3nico, atalcado, \u00e1mbar.<\/p>\n","protected":false},"excerpt":{"rendered":"<p>Cloud Pink de Ariana Grande es una fragancia de la familia olfativa \u00c1mbar Vainilla para Mujeres. Esta fragancia es nueva. Cloud Pink se lanz\u00f3 en 2023. La Nariz detr\u00e1s de esta fragancia es Clement Gavarry. Las Notas de Salida son pitahaya, bayas silvestres y pi\u00f1a; las Notas de Coraz\u00f3n son Agua de coco, orqu\u00eddea de vainilla y almizcle ambreta; las Notas de Fondo son pralin\u00e9, almizcle, Amberwood y musgo.<\/p>\n","protected":false},"featured_media":37981,"comment_status":"open","ping_status":"open","template":"","meta":[],"product_cat":[639,367,342,340,353,362,370,343,339,428,431],"product_tag":[],"class_list":{"0":"post-37978","1":"product","2":"type-product","3":"status-publish","4":"has-post-thumbnail","6":"product_cat-perfumes-de-linea-dama-perfumes-de-linea","7":"product_cat-ariana-grande-marca","8":"product_cat-clasificacion","9":"product_cat-concentracion","10":"product_cat-disenador-clasificacion","11":"product_cat-eau-de-parfum-concentracion","12":"product_cat-femenino-genero","13":"product_cat-genero","14":"product_cat-marca","15":"product_cat-perfumes-de-linea","16":"product_cat-perfumes-disenador-perfumes-de-linea","18":"first","19":"instock","20":"purchasable","21":"product-type-simple","22":"add-to-wishlist-after_add_to_cart"},"aioseo_notices":[],"_links":{"self":[{"href":"https:\/\/safari.mx\/index.php\/wp-json\/wp\/v2\/product\/37978","targetHints":{"allow":["GET"]}}],"collection":[{"href":"https:\/\/safari.mx\/index.php\/wp-json\/wp\/v2\/product"}],"about":[{"href":"https:\/\/safari.mx\/index.php\/wp-json\/wp\/v2\/types\/product"}],"replies":[{"embeddable":true,"href":"https:\/\/safari.mx\/index.php\/wp-json\/wp\/v2\/comments?post=37978"}],"wp:featuredmedia":[{"embeddable":true,"href":"https:\/\/safari.mx\/index.php\/wp-json\/wp\/v2\/media\/37981"}],"wp:attachment":[{"href":"https:\/\/safari.mx\/index.php\/wp-json\/wp\/v2\/media?parent=37978"}],"wp:term":[{"taxonomy":"product_cat","embeddable":true,"href":"https:\/\/safari.mx\/index.php\/wp-json\/wp\/v2\/product_cat?post=37978"},{"taxonomy":"product_tag","embeddable":true,"href":"https:\/\/safari.mx\/index.php\/wp-json\/wp\/v2\/product_tag?post=37978"}],"curies":[{"name":"wp","href":"https:\/\/api.w.org\/{rel}","templated":true}]}}