{"id":37997,"date":"2024-08-13T15:07:01","date_gmt":"2024-08-13T15:07:01","guid":{"rendered":"https:\/\/safari.mx\/index.php\/product\/chrome-edt-200ml-azzaro\/"},"modified":"2024-08-13T15:07:05","modified_gmt":"2024-08-13T15:07:05","slug":"chrome-edt-200ml-azzaro","status":"publish","type":"product","link":"https:\/\/safari.mx\/index.php\/product\/chrome-edt-200ml-azzaro\/","title":{"rendered":"Chrome Edt &#8211; 200Ml &#8211; Azzaro"},"content":{"rendered":"<p>Acordes: C\u00edtrico, arom\u00e1tico, amaderado, fresco especiado, floral blanco, fresco, dulce, florales, afrutados, atalcado.<\/p>\n","protected":false},"excerpt":{"rendered":"<p>Chrome de Azzaro es una fragancia de la familia olfativa C\u00edtrica Arom\u00e1tica para Hombres. Chrome se lanz\u00f3 en 1996. La Nariz detr\u00e1s de esta fragancia es Gerard Haury. Las Notas de Salida son lim\u00f3n (lima \u00e1cida), romero, bergamota, neroli y pi\u00f1a; las Notas de Coraz\u00f3n son jazm\u00edn, musgo de roble, ciclamen (violeta persa) y cilantro; las Notas de Fondo son almizcle, musgo de roble, cedro, s\u00e1ndalo, cardamomo, palo de rosa de Brasil y haba tonka.<\/p>\n","protected":false},"featured_media":38000,"comment_status":"open","ping_status":"open","template":"","meta":[],"product_cat":[375,342,340,353,354,343,339,351,428,430,431],"product_tag":[],"class_list":{"0":"post-37997","1":"product","2":"type-product","3":"status-publish","4":"has-post-thumbnail","6":"product_cat-azzaro","7":"product_cat-clasificacion","8":"product_cat-concentracion","9":"product_cat-disenador-clasificacion","10":"product_cat-eau-de-toilette-concentracion","11":"product_cat-genero","12":"product_cat-marca","13":"product_cat-masculino-genero","14":"product_cat-perfumes-de-linea","15":"product_cat-perfumes-de-linea-caballero","16":"product_cat-perfumes-disenador-perfumes-de-linea","18":"first","19":"instock","20":"purchasable","21":"product-type-simple","22":"add-to-wishlist-after_add_to_cart"},"aioseo_notices":[],"_links":{"self":[{"href":"https:\/\/safari.mx\/index.php\/wp-json\/wp\/v2\/product\/37997","targetHints":{"allow":["GET"]}}],"collection":[{"href":"https:\/\/safari.mx\/index.php\/wp-json\/wp\/v2\/product"}],"about":[{"href":"https:\/\/safari.mx\/index.php\/wp-json\/wp\/v2\/types\/product"}],"replies":[{"embeddable":true,"href":"https:\/\/safari.mx\/index.php\/wp-json\/wp\/v2\/comments?post=37997"}],"wp:featuredmedia":[{"embeddable":true,"href":"https:\/\/safari.mx\/index.php\/wp-json\/wp\/v2\/media\/38000"}],"wp:attachment":[{"href":"https:\/\/safari.mx\/index.php\/wp-json\/wp\/v2\/media?parent=37997"}],"wp:term":[{"taxonomy":"product_cat","embeddable":true,"href":"https:\/\/safari.mx\/index.php\/wp-json\/wp\/v2\/product_cat?post=37997"},{"taxonomy":"product_tag","embeddable":true,"href":"https:\/\/safari.mx\/index.php\/wp-json\/wp\/v2\/product_tag?post=37997"}],"curies":[{"name":"wp","href":"https:\/\/api.w.org\/{rel}","templated":true}]}}