{"id":38002,"date":"2024-08-13T15:07:02","date_gmt":"2024-08-13T15:07:02","guid":{"rendered":"https:\/\/safari.mx\/index.php\/product\/pour-homme-100ml-azzaro-2\/"},"modified":"2024-08-13T15:07:07","modified_gmt":"2024-08-13T15:07:07","slug":"pour-homme-100ml-azzaro-2","status":"publish","type":"product","link":"https:\/\/safari.mx\/index.php\/product\/pour-homme-100ml-azzaro-2\/","title":{"rendered":"Pour Homme &#8211; 100Ml &#8211; Azzaro"},"content":{"rendered":"<p>Acordes: Arom\u00e1tico, amaderado, fresco especiado, terrosos, lavanda, musgoso, cuero, c\u00edtrico, atalcado, c\u00e1lido especiado.<\/p>\n","protected":false},"excerpt":{"rendered":"<p>Azzaro pour Homme de Azzaro es una fragancia de la familia olfativa Arom\u00e1tica Foug\u00e8re para Hombres. Azzaro pour Homme se lanz\u00f3 en 1978. Azzaro pour Homme fue creada por Gerard Anthony y Richard Wirtz. Las Notas de Salida son lavanda, lim\u00f3n (lima \u00e1cida), alcaravea, albahaca, bergamota, esclarea, iris y an\u00eds estrellado; las Notas de Coraz\u00f3n son vetiver, s\u00e1ndalo, pachul\u00ed, cedro, bayas de enebro y cardamomo; las Notas de Fondo son musgo de roble, cuero, \u00e1mbar, almizcle y haba tonka.<\/p>\n","protected":false},"featured_media":38003,"comment_status":"open","ping_status":"open","template":"","meta":[],"product_cat":[375,342,340,353,354,343,339,351,428,430,431],"product_tag":[],"class_list":{"0":"post-38002","1":"product","2":"type-product","3":"status-publish","4":"has-post-thumbnail","6":"product_cat-azzaro","7":"product_cat-clasificacion","8":"product_cat-concentracion","9":"product_cat-disenador-clasificacion","10":"product_cat-eau-de-toilette-concentracion","11":"product_cat-genero","12":"product_cat-marca","13":"product_cat-masculino-genero","14":"product_cat-perfumes-de-linea","15":"product_cat-perfumes-de-linea-caballero","16":"product_cat-perfumes-disenador-perfumes-de-linea","18":"first","19":"instock","20":"purchasable","21":"product-type-simple","22":"add-to-wishlist-after_add_to_cart"},"aioseo_notices":[],"_links":{"self":[{"href":"https:\/\/safari.mx\/index.php\/wp-json\/wp\/v2\/product\/38002","targetHints":{"allow":["GET"]}}],"collection":[{"href":"https:\/\/safari.mx\/index.php\/wp-json\/wp\/v2\/product"}],"about":[{"href":"https:\/\/safari.mx\/index.php\/wp-json\/wp\/v2\/types\/product"}],"replies":[{"embeddable":true,"href":"https:\/\/safari.mx\/index.php\/wp-json\/wp\/v2\/comments?post=38002"}],"wp:featuredmedia":[{"embeddable":true,"href":"https:\/\/safari.mx\/index.php\/wp-json\/wp\/v2\/media\/38003"}],"wp:attachment":[{"href":"https:\/\/safari.mx\/index.php\/wp-json\/wp\/v2\/media?parent=38002"}],"wp:term":[{"taxonomy":"product_cat","embeddable":true,"href":"https:\/\/safari.mx\/index.php\/wp-json\/wp\/v2\/product_cat?post=38002"},{"taxonomy":"product_tag","embeddable":true,"href":"https:\/\/safari.mx\/index.php\/wp-json\/wp\/v2\/product_tag?post=38002"}],"curies":[{"name":"wp","href":"https:\/\/api.w.org\/{rel}","templated":true}]}}