{"id":38033,"date":"2024-08-10T04:40:20","date_gmt":"2024-08-10T04:40:20","guid":{"rendered":"https:\/\/safari.mx\/index.php\/product\/london-100ml-burberry-2\/"},"modified":"2024-08-10T04:40:20","modified_gmt":"2024-08-10T04:40:20","slug":"london-100ml-burberry-2","status":"publish","type":"product","link":"https:\/\/safari.mx\/index.php\/product\/london-100ml-burberry-2\/","title":{"rendered":"London &#8211; 100Ml &#8211; Burberry"},"content":{"rendered":"<p>Acordes: Floral blanco, c\u00edtrico, afrutados, florales, rosas, dulce.<\/p>\n","protected":false},"excerpt":{"rendered":"<p>London for Men de Burberry es una fragancia de la familia olfativa \u00c1mbar Especiada para Hombres. London for Men se lanz\u00f3 en 2006. La Nariz detr\u00e1s de esta fragrancia es Antoine Maisondieu. Las Notas de Salida son canela, lavanda y bergamota; las Notas de Coraz\u00f3n son cuero y mimosa; las Notas de Fondo son hojas de tabaco, madera de gaiac, opop\u00f3naco y musgo de roble.<\/p>\n","protected":false},"featured_media":0,"comment_status":"open","ping_status":"open","template":"","meta":[],"product_cat":[15],"product_tag":[],"class_list":{"0":"post-38033","1":"product","2":"type-product","3":"status-publish","5":"product_cat-uncategorized","7":"first","8":"instock","9":"purchasable","10":"product-type-simple","11":"add-to-wishlist-after_add_to_cart"},"aioseo_notices":[],"_links":{"self":[{"href":"https:\/\/safari.mx\/index.php\/wp-json\/wp\/v2\/product\/38033","targetHints":{"allow":["GET"]}}],"collection":[{"href":"https:\/\/safari.mx\/index.php\/wp-json\/wp\/v2\/product"}],"about":[{"href":"https:\/\/safari.mx\/index.php\/wp-json\/wp\/v2\/types\/product"}],"replies":[{"embeddable":true,"href":"https:\/\/safari.mx\/index.php\/wp-json\/wp\/v2\/comments?post=38033"}],"wp:attachment":[{"href":"https:\/\/safari.mx\/index.php\/wp-json\/wp\/v2\/media?parent=38033"}],"wp:term":[{"taxonomy":"product_cat","embeddable":true,"href":"https:\/\/safari.mx\/index.php\/wp-json\/wp\/v2\/product_cat?post=38033"},{"taxonomy":"product_tag","embeddable":true,"href":"https:\/\/safari.mx\/index.php\/wp-json\/wp\/v2\/product_tag?post=38033"}],"curies":[{"name":"wp","href":"https:\/\/api.w.org\/{rel}","templated":true}]}}