{"id":38059,"date":"2024-08-13T15:09:00","date_gmt":"2024-08-13T15:09:00","guid":{"rendered":"https:\/\/safari.mx\/index.php\/product\/ck-everyone-edt-200ml-calvin-klein\/"},"modified":"2024-08-13T15:09:07","modified_gmt":"2024-08-13T15:09:07","slug":"ck-everyone-edt-200ml-calvin-klein-3","status":"publish","type":"product","link":"https:\/\/safari.mx\/index.php\/product\/ck-everyone-edt-200ml-calvin-klein-3\/","title":{"rendered":"Ck Everyone Edt &#8211; 200Ml &#8211; Calvin Klein"},"content":{"rendered":"<p>Acordes: C\u00edtrico, acu\u00e1tico, fresco, almizclado, c\u00e1lido especiado, amaderado, verde, atalcado, dulce, fresco especiado.<\/p>\n","protected":false},"excerpt":{"rendered":"<p>CK be de Calvin Klein es una fragancia de la familia olfativa Almizcle Floral Amaderado para Hombres y Mujeres. CK be se lanz\u00f3 en 1996. La Nariz detr\u00e1s de esta fragrancia es Ren\u00e9 Morgenthaler. Las Notas de Salida son lavanda, notas verdes, bergamota, menta, enebro de Virginia y mandarina; las Notas de Coraz\u00f3n son hierba verde, durazno (melocot\u00f3n), jazm\u00edn, fresia, magnolia y orqu\u00eddea; las Notas de Fondo son almizcle, s\u00e1ndalo, cedro, vainilla, \u00e1mbar y opop\u00f3naco.<\/p>\n","protected":false},"featured_media":38055,"comment_status":"open","ping_status":"open","template":"","meta":[],"product_cat":[381,342,340,353,354,343,339,351,428,430,431],"product_tag":[],"class_list":{"0":"post-38059","1":"product","2":"type-product","3":"status-publish","4":"has-post-thumbnail","6":"product_cat-calvin-klein-marca","7":"product_cat-clasificacion","8":"product_cat-concentracion","9":"product_cat-disenador-clasificacion","10":"product_cat-eau-de-toilette-concentracion","11":"product_cat-genero","12":"product_cat-marca","13":"product_cat-masculino-genero","14":"product_cat-perfumes-de-linea","15":"product_cat-perfumes-de-linea-caballero","16":"product_cat-perfumes-disenador-perfumes-de-linea","18":"first","19":"instock","20":"purchasable","21":"product-type-simple","22":"add-to-wishlist-after_add_to_cart"},"aioseo_notices":[],"_links":{"self":[{"href":"https:\/\/safari.mx\/index.php\/wp-json\/wp\/v2\/product\/38059","targetHints":{"allow":["GET"]}}],"collection":[{"href":"https:\/\/safari.mx\/index.php\/wp-json\/wp\/v2\/product"}],"about":[{"href":"https:\/\/safari.mx\/index.php\/wp-json\/wp\/v2\/types\/product"}],"replies":[{"embeddable":true,"href":"https:\/\/safari.mx\/index.php\/wp-json\/wp\/v2\/comments?post=38059"}],"wp:featuredmedia":[{"embeddable":true,"href":"https:\/\/safari.mx\/index.php\/wp-json\/wp\/v2\/media\/38055"}],"wp:attachment":[{"href":"https:\/\/safari.mx\/index.php\/wp-json\/wp\/v2\/media?parent=38059"}],"wp:term":[{"taxonomy":"product_cat","embeddable":true,"href":"https:\/\/safari.mx\/index.php\/wp-json\/wp\/v2\/product_cat?post=38059"},{"taxonomy":"product_tag","embeddable":true,"href":"https:\/\/safari.mx\/index.php\/wp-json\/wp\/v2\/product_tag?post=38059"}],"curies":[{"name":"wp","href":"https:\/\/api.w.org\/{rel}","templated":true}]}}