{"id":38083,"date":"2024-08-13T15:10:00","date_gmt":"2024-08-13T15:10:00","guid":{"rendered":"https:\/\/safari.mx\/index.php\/product\/defy-100ml-calvin-klein\/"},"modified":"2024-08-13T15:10:05","modified_gmt":"2024-08-13T15:10:05","slug":"defy-100ml-calvin-klein","status":"publish","type":"product","link":"https:\/\/safari.mx\/index.php\/product\/defy-100ml-calvin-klein\/","title":{"rendered":"Defy &#8211; 100Ml &#8211; Calvin Klein"},"content":{"rendered":"<p>Acordes: Arom\u00e1tico, c\u00edtrico, lavanda, fresco especiado, \u00e1mbar, amaderado, terrosos, florales, verde, herbal.<\/p>\n","protected":false},"excerpt":{"rendered":"<p>Defy de Calvin Klein es una fragancia de la familia olfativa Amaderada Arom\u00e1tica para Hombres. Defy se lanz\u00f3 en 2021. Defy fue creada por Anne Flipo, Pascal Gaurin y Loc Dong. Las Notas de Salida son bergamota y lavanda; la Nota de Coraz\u00f3n es vetiver; la Nota de Fondo es \u00e1mbar.<\/p>\n","protected":false},"featured_media":38085,"comment_status":"open","ping_status":"open","template":"","meta":[],"product_cat":[381,342,340,353,354,343,339,351,428,430,431],"product_tag":[],"class_list":{"0":"post-38083","1":"product","2":"type-product","3":"status-publish","4":"has-post-thumbnail","6":"product_cat-calvin-klein-marca","7":"product_cat-clasificacion","8":"product_cat-concentracion","9":"product_cat-disenador-clasificacion","10":"product_cat-eau-de-toilette-concentracion","11":"product_cat-genero","12":"product_cat-marca","13":"product_cat-masculino-genero","14":"product_cat-perfumes-de-linea","15":"product_cat-perfumes-de-linea-caballero","16":"product_cat-perfumes-disenador-perfumes-de-linea","18":"first","19":"instock","20":"purchasable","21":"product-type-simple","22":"add-to-wishlist-after_add_to_cart"},"aioseo_notices":[],"_links":{"self":[{"href":"https:\/\/safari.mx\/index.php\/wp-json\/wp\/v2\/product\/38083","targetHints":{"allow":["GET"]}}],"collection":[{"href":"https:\/\/safari.mx\/index.php\/wp-json\/wp\/v2\/product"}],"about":[{"href":"https:\/\/safari.mx\/index.php\/wp-json\/wp\/v2\/types\/product"}],"replies":[{"embeddable":true,"href":"https:\/\/safari.mx\/index.php\/wp-json\/wp\/v2\/comments?post=38083"}],"wp:featuredmedia":[{"embeddable":true,"href":"https:\/\/safari.mx\/index.php\/wp-json\/wp\/v2\/media\/38085"}],"wp:attachment":[{"href":"https:\/\/safari.mx\/index.php\/wp-json\/wp\/v2\/media?parent=38083"}],"wp:term":[{"taxonomy":"product_cat","embeddable":true,"href":"https:\/\/safari.mx\/index.php\/wp-json\/wp\/v2\/product_cat?post=38083"},{"taxonomy":"product_tag","embeddable":true,"href":"https:\/\/safari.mx\/index.php\/wp-json\/wp\/v2\/product_tag?post=38083"}],"curies":[{"name":"wp","href":"https:\/\/api.w.org\/{rel}","templated":true}]}}