{"id":38086,"date":"2024-08-13T15:10:18","date_gmt":"2024-08-13T15:10:18","guid":{"rendered":"https:\/\/safari.mx\/index.php\/product\/escape-men-100ml-calvin-klein\/"},"modified":"2024-08-13T15:10:23","modified_gmt":"2024-08-13T15:10:23","slug":"eternity-100ml-calvin-klein","status":"publish","type":"product","link":"https:\/\/safari.mx\/index.php\/product\/eternity-100ml-calvin-klein\/","title":{"rendered":"Eternity &#8211; 100Ml &#8211; Calvin Klein"},"content":{"rendered":"<p>Acordes: Arom\u00e1tico, c\u00edtrico, fresco especiado, amaderado, lavanda, floral blanco, herbal.<\/p>\n","protected":false},"excerpt":{"rendered":"<p>Eternity For Men de Calvin Klein es una fragancia de la familia olfativa Arom\u00e1tica Foug\u00e8re para Hombres. Eternity For Men se lanz\u00f3 en 1990. La Nariz detr\u00e1s de esta fragrancia es Carlos Benaim. Las Notas de Salida son lavanda, lim\u00f3n (lima \u00e1cida), bergamota y mandarina; las Notas de Coraz\u00f3n son salvia, bayas de enebro, albahaca, geranio, jazm\u00edn, cilantro, flor de azahar del naranjo, lirio de los valles (muguete) y azucena; las Notas de Fondo son s\u00e1ndalo, almizcle, vetiver, palo de rosa de Brasil y \u00e1mbar.<\/p>\n","protected":false},"featured_media":38091,"comment_status":"open","ping_status":"open","template":"","meta":[],"product_cat":[381,342,340,353,354,343,339,351,428,430,431],"product_tag":[],"class_list":{"0":"post-38086","1":"product","2":"type-product","3":"status-publish","4":"has-post-thumbnail","6":"product_cat-calvin-klein-marca","7":"product_cat-clasificacion","8":"product_cat-concentracion","9":"product_cat-disenador-clasificacion","10":"product_cat-eau-de-toilette-concentracion","11":"product_cat-genero","12":"product_cat-marca","13":"product_cat-masculino-genero","14":"product_cat-perfumes-de-linea","15":"product_cat-perfumes-de-linea-caballero","16":"product_cat-perfumes-disenador-perfumes-de-linea","18":"first","19":"instock","20":"purchasable","21":"product-type-simple","22":"add-to-wishlist-after_add_to_cart"},"aioseo_notices":[],"_links":{"self":[{"href":"https:\/\/safari.mx\/index.php\/wp-json\/wp\/v2\/product\/38086","targetHints":{"allow":["GET"]}}],"collection":[{"href":"https:\/\/safari.mx\/index.php\/wp-json\/wp\/v2\/product"}],"about":[{"href":"https:\/\/safari.mx\/index.php\/wp-json\/wp\/v2\/types\/product"}],"replies":[{"embeddable":true,"href":"https:\/\/safari.mx\/index.php\/wp-json\/wp\/v2\/comments?post=38086"}],"wp:featuredmedia":[{"embeddable":true,"href":"https:\/\/safari.mx\/index.php\/wp-json\/wp\/v2\/media\/38091"}],"wp:attachment":[{"href":"https:\/\/safari.mx\/index.php\/wp-json\/wp\/v2\/media?parent=38086"}],"wp:term":[{"taxonomy":"product_cat","embeddable":true,"href":"https:\/\/safari.mx\/index.php\/wp-json\/wp\/v2\/product_cat?post=38086"},{"taxonomy":"product_tag","embeddable":true,"href":"https:\/\/safari.mx\/index.php\/wp-json\/wp\/v2\/product_tag?post=38086"}],"curies":[{"name":"wp","href":"https:\/\/api.w.org\/{rel}","templated":true}]}}