{"id":38094,"date":"2024-08-13T15:10:29","date_gmt":"2024-08-13T15:10:29","guid":{"rendered":"https:\/\/safari.mx\/index.php\/product\/eternity-edp-100ml-calvin-klein\/"},"modified":"2024-08-13T15:10:35","modified_gmt":"2024-08-13T15:10:35","slug":"eternity-edp-100ml-calvin-klein-2","status":"publish","type":"product","link":"https:\/\/safari.mx\/index.php\/product\/eternity-edp-100ml-calvin-klein-2\/","title":{"rendered":"Eternity EDP &#8211; 100ml &#8211; Calvin Klein"},"content":{"rendered":"<p>Acordes: Arom\u00e1tico, fresco especiado, amaderado, herbal, lavanda, afrutados, oz\u00f3nico, \u00e1mbar, almizclado.<\/p>\n","protected":false},"excerpt":{"rendered":"<p>Eternity for Men Eau de Parfum de Calvin Klein es una fragancia de la familia olfativa Arom\u00e1tica Foug\u00e8re para Hombres. Eternity for Men Eau de Parfum se lanz\u00f3 en 2019. Las Notas de Salida son salvia, manzana y notas oz\u00f3nicas; las Notas de Coraz\u00f3n son cipr\u00e9s, lavanda, geranio y nuez moscada; las Notas de Fondo son gamuza, \u00e1mbar gris, cipriol (nagarmota) y ra\u00edz de lirio.<\/p>\n","protected":false},"featured_media":38098,"comment_status":"open","ping_status":"open","template":"","meta":[],"product_cat":[381,342,340,353,362,343,339,351,428,430,431],"product_tag":[],"class_list":{"0":"post-38094","1":"product","2":"type-product","3":"status-publish","4":"has-post-thumbnail","6":"product_cat-calvin-klein-marca","7":"product_cat-clasificacion","8":"product_cat-concentracion","9":"product_cat-disenador-clasificacion","10":"product_cat-eau-de-parfum-concentracion","11":"product_cat-genero","12":"product_cat-marca","13":"product_cat-masculino-genero","14":"product_cat-perfumes-de-linea","15":"product_cat-perfumes-de-linea-caballero","16":"product_cat-perfumes-disenador-perfumes-de-linea","18":"first","19":"instock","20":"purchasable","21":"product-type-simple","22":"add-to-wishlist-after_add_to_cart"},"aioseo_notices":[],"_links":{"self":[{"href":"https:\/\/safari.mx\/index.php\/wp-json\/wp\/v2\/product\/38094","targetHints":{"allow":["GET"]}}],"collection":[{"href":"https:\/\/safari.mx\/index.php\/wp-json\/wp\/v2\/product"}],"about":[{"href":"https:\/\/safari.mx\/index.php\/wp-json\/wp\/v2\/types\/product"}],"replies":[{"embeddable":true,"href":"https:\/\/safari.mx\/index.php\/wp-json\/wp\/v2\/comments?post=38094"}],"wp:featuredmedia":[{"embeddable":true,"href":"https:\/\/safari.mx\/index.php\/wp-json\/wp\/v2\/media\/38098"}],"wp:attachment":[{"href":"https:\/\/safari.mx\/index.php\/wp-json\/wp\/v2\/media?parent=38094"}],"wp:term":[{"taxonomy":"product_cat","embeddable":true,"href":"https:\/\/safari.mx\/index.php\/wp-json\/wp\/v2\/product_cat?post=38094"},{"taxonomy":"product_tag","embeddable":true,"href":"https:\/\/safari.mx\/index.php\/wp-json\/wp\/v2\/product_tag?post=38094"}],"curies":[{"name":"wp","href":"https:\/\/api.w.org\/{rel}","templated":true}]}}