{"id":38105,"date":"2024-08-13T15:10:51","date_gmt":"2024-08-13T15:10:51","guid":{"rendered":"https:\/\/safari.mx\/index.php\/product\/ckin2u-for-men-150ml-calvin-klein\/"},"modified":"2024-08-13T15:10:56","modified_gmt":"2024-08-13T15:10:56","slug":"ckin2u-for-men-150ml-calvin-klein","status":"publish","type":"product","link":"https:\/\/safari.mx\/index.php\/product\/ckin2u-for-men-150ml-calvin-klein\/","title":{"rendered":"CKIN2U for Men &#8211; 150ml &#8211; Calvin Klein"},"content":{"rendered":"<p>Acordes: Arom\u00e1tico, fresco especiado, amaderado, herbal, lavanda, afrutados, oz\u00f3nico, \u00e1mbar, almizclado.<\/p>\n","protected":false},"excerpt":{"rendered":"<p>CK IN2U for Him de Calvin Klein es una fragancia de la familia olfativa Arom\u00e1tica Foug\u00e8re para Hombres. CK IN2U for Him se lanz\u00f3 en 2007. CK IN2U for Him fue creada por Carlos Benaim, Bruno Jovanovic, Loc Dong y Jean-Marc Chaillan. Las Notas de Salida son lim\u00f3n (lima \u00e1cida) y hojas de tomatera; la Nota de Coraz\u00f3n es vaina de cacao; las Notas de Fondo son cedro, almizcle blanco y vetiver.<\/p>\n","protected":false},"featured_media":38106,"comment_status":"open","ping_status":"open","template":"","meta":[],"product_cat":[381,342,340,353,354,343,339,351,428,430,431],"product_tag":[],"class_list":{"0":"post-38105","1":"product","2":"type-product","3":"status-publish","4":"has-post-thumbnail","6":"product_cat-calvin-klein-marca","7":"product_cat-clasificacion","8":"product_cat-concentracion","9":"product_cat-disenador-clasificacion","10":"product_cat-eau-de-toilette-concentracion","11":"product_cat-genero","12":"product_cat-marca","13":"product_cat-masculino-genero","14":"product_cat-perfumes-de-linea","15":"product_cat-perfumes-de-linea-caballero","16":"product_cat-perfumes-disenador-perfumes-de-linea","18":"first","19":"instock","20":"purchasable","21":"product-type-simple","22":"add-to-wishlist-after_add_to_cart"},"aioseo_notices":[],"_links":{"self":[{"href":"https:\/\/safari.mx\/index.php\/wp-json\/wp\/v2\/product\/38105","targetHints":{"allow":["GET"]}}],"collection":[{"href":"https:\/\/safari.mx\/index.php\/wp-json\/wp\/v2\/product"}],"about":[{"href":"https:\/\/safari.mx\/index.php\/wp-json\/wp\/v2\/types\/product"}],"replies":[{"embeddable":true,"href":"https:\/\/safari.mx\/index.php\/wp-json\/wp\/v2\/comments?post=38105"}],"wp:featuredmedia":[{"embeddable":true,"href":"https:\/\/safari.mx\/index.php\/wp-json\/wp\/v2\/media\/38106"}],"wp:attachment":[{"href":"https:\/\/safari.mx\/index.php\/wp-json\/wp\/v2\/media?parent=38105"}],"wp:term":[{"taxonomy":"product_cat","embeddable":true,"href":"https:\/\/safari.mx\/index.php\/wp-json\/wp\/v2\/product_cat?post=38105"},{"taxonomy":"product_tag","embeddable":true,"href":"https:\/\/safari.mx\/index.php\/wp-json\/wp\/v2\/product_tag?post=38105"}],"curies":[{"name":"wp","href":"https:\/\/api.w.org\/{rel}","templated":true}]}}