{"id":38131,"date":"2024-08-13T15:11:37","date_gmt":"2024-08-13T15:11:37","guid":{"rendered":"https:\/\/safari.mx\/index.php\/product\/ck-one-shock-100ml-calvin-klein\/"},"modified":"2024-08-13T15:11:41","modified_gmt":"2024-08-13T15:11:41","slug":"ck-one-shock-100ml-calvin-klein","status":"publish","type":"product","link":"https:\/\/safari.mx\/index.php\/product\/ck-one-shock-100ml-calvin-klein\/","title":{"rendered":"CK One Shock &#8211; 100ml &#8211; Calvin Klein"},"content":{"rendered":"<p>Acordes: Dulce, afrutados, avainillado, florales, chocolate, c\u00e1lido especiado, atalcado, cacao, almizclado.<\/p>\n","protected":false},"excerpt":{"rendered":"<p>CK One Shock For Her de Calvin Klein es una fragancia de la familia olfativa \u00c1mbar Especiada para Mujeres. CK One Shock For Her se lanz\u00f3 en 2011. CK One Shock For Her fue creada por Ann Gottlieb y IFF. Las Notas de Salida son flor de pasionaria, amapola roja y peon\u00eda; las Notas de Coraz\u00f3n son chocolate mexicano, zarzamora (frambuesa negra), narciso y jazm\u00edn; las Notas de Fondo son vainilla, almizcle, \u00e1mbar y pachul\u00ed.<\/p>\n","protected":false},"featured_media":38130,"comment_status":"open","ping_status":"open","template":"","meta":[],"product_cat":[639,381,342,340,353,354,370,343,339,428,431],"product_tag":[],"class_list":{"0":"post-38131","1":"product","2":"type-product","3":"status-publish","4":"has-post-thumbnail","6":"product_cat-perfumes-de-linea-dama-perfumes-de-linea","7":"product_cat-calvin-klein-marca","8":"product_cat-clasificacion","9":"product_cat-concentracion","10":"product_cat-disenador-clasificacion","11":"product_cat-eau-de-toilette-concentracion","12":"product_cat-femenino-genero","13":"product_cat-genero","14":"product_cat-marca","15":"product_cat-perfumes-de-linea","16":"product_cat-perfumes-disenador-perfumes-de-linea","18":"first","19":"instock","20":"purchasable","21":"product-type-simple","22":"add-to-wishlist-after_add_to_cart"},"aioseo_notices":[],"_links":{"self":[{"href":"https:\/\/safari.mx\/index.php\/wp-json\/wp\/v2\/product\/38131","targetHints":{"allow":["GET"]}}],"collection":[{"href":"https:\/\/safari.mx\/index.php\/wp-json\/wp\/v2\/product"}],"about":[{"href":"https:\/\/safari.mx\/index.php\/wp-json\/wp\/v2\/types\/product"}],"replies":[{"embeddable":true,"href":"https:\/\/safari.mx\/index.php\/wp-json\/wp\/v2\/comments?post=38131"}],"wp:featuredmedia":[{"embeddable":true,"href":"https:\/\/safari.mx\/index.php\/wp-json\/wp\/v2\/media\/38130"}],"wp:attachment":[{"href":"https:\/\/safari.mx\/index.php\/wp-json\/wp\/v2\/media?parent=38131"}],"wp:term":[{"taxonomy":"product_cat","embeddable":true,"href":"https:\/\/safari.mx\/index.php\/wp-json\/wp\/v2\/product_cat?post=38131"},{"taxonomy":"product_tag","embeddable":true,"href":"https:\/\/safari.mx\/index.php\/wp-json\/wp\/v2\/product_tag?post=38131"}],"curies":[{"name":"wp","href":"https:\/\/api.w.org\/{rel}","templated":true}]}}