{"id":38148,"date":"2024-08-13T15:12:18","date_gmt":"2024-08-13T15:12:18","guid":{"rendered":"https:\/\/safari.mx\/index.php\/product\/euphoria-dama-100ml-calvin-klein\/"},"modified":"2024-08-13T15:12:23","modified_gmt":"2024-08-13T15:12:23","slug":"euphoria-dama-100ml-calvin-klein","status":"publish","type":"product","link":"https:\/\/safari.mx\/index.php\/product\/euphoria-dama-100ml-calvin-klein\/","title":{"rendered":"Euphoria Dama &#8211; 100Ml &#8211; Calvin Klein"},"content":{"rendered":"<p>Acordes: Amaderado, florales, dulce, atalcado, \u00e1mbar, afrutados, violeta, fresco especiado.<\/p>\n","protected":false},"excerpt":{"rendered":"<p>Euphoria de Calvin Klein es una fragancia de la familia olfativa \u00c1mbar Floral para Mujeres. Euphoria se lanz\u00f3 en 2005. Euphoria fue creada por Dominique Ropion, Carlos Benaim y Loc Dong. Las Notas de Salida son granada, caqui (p\u00e9rsimo) y acordes verdes; las Notas de Coraz\u00f3n son orqu\u00eddea negra, flor de loto y champaca; las Notas de Fondo son caoba, \u00e1mbar, violeta negra y crema batida. Este perfume es el ganador del premio FiFi Award Fragrance Of The Year Women`s Luxe 2006.<\/p>\n","protected":false},"featured_media":38149,"comment_status":"open","ping_status":"open","template":"","meta":[],"product_cat":[639,381,342,340,353,362,370,343,339,428,431],"product_tag":[],"class_list":{"0":"post-38148","1":"product","2":"type-product","3":"status-publish","4":"has-post-thumbnail","6":"product_cat-perfumes-de-linea-dama-perfumes-de-linea","7":"product_cat-calvin-klein-marca","8":"product_cat-clasificacion","9":"product_cat-concentracion","10":"product_cat-disenador-clasificacion","11":"product_cat-eau-de-parfum-concentracion","12":"product_cat-femenino-genero","13":"product_cat-genero","14":"product_cat-marca","15":"product_cat-perfumes-de-linea","16":"product_cat-perfumes-disenador-perfumes-de-linea","18":"first","19":"instock","20":"purchasable","21":"product-type-simple","22":"add-to-wishlist-after_add_to_cart"},"aioseo_notices":[],"_links":{"self":[{"href":"https:\/\/safari.mx\/index.php\/wp-json\/wp\/v2\/product\/38148","targetHints":{"allow":["GET"]}}],"collection":[{"href":"https:\/\/safari.mx\/index.php\/wp-json\/wp\/v2\/product"}],"about":[{"href":"https:\/\/safari.mx\/index.php\/wp-json\/wp\/v2\/types\/product"}],"replies":[{"embeddable":true,"href":"https:\/\/safari.mx\/index.php\/wp-json\/wp\/v2\/comments?post=38148"}],"wp:featuredmedia":[{"embeddable":true,"href":"https:\/\/safari.mx\/index.php\/wp-json\/wp\/v2\/media\/38149"}],"wp:attachment":[{"href":"https:\/\/safari.mx\/index.php\/wp-json\/wp\/v2\/media?parent=38148"}],"wp:term":[{"taxonomy":"product_cat","embeddable":true,"href":"https:\/\/safari.mx\/index.php\/wp-json\/wp\/v2\/product_cat?post=38148"},{"taxonomy":"product_tag","embeddable":true,"href":"https:\/\/safari.mx\/index.php\/wp-json\/wp\/v2\/product_tag?post=38148"}],"curies":[{"name":"wp","href":"https:\/\/api.w.org\/{rel}","templated":true}]}}