{"id":38150,"date":"2024-08-13T15:12:24","date_gmt":"2024-08-13T15:12:24","guid":{"rendered":"https:\/\/safari.mx\/index.php\/product\/escape-100ml-calvin-klein\/"},"modified":"2024-08-13T15:12:28","modified_gmt":"2024-08-13T15:12:28","slug":"escape-100ml-calvin-klein","status":"publish","type":"product","link":"https:\/\/safari.mx\/index.php\/product\/escape-100ml-calvin-klein\/","title":{"rendered":"Escape &#8211; 100ml &#8211; Calvin Klein"},"content":{"rendered":"<p>Acordes: Arom\u00e1tico, afrutados, florales, herbal, dulce, fresco especiado, fresco, verde, amaderado, bals\u00e1mico.<\/p>\n","protected":false},"excerpt":{"rendered":"<p>Escape de Calvin Klein es una fragancia de la familia olfativa Floral Acu\u00e1tica para Mujeres. Escape se lanz\u00f3 en 1991. La Nariz detr\u00e1s de esta fragrancia es Claude Dir. Las Notas de Salida son mel\u00f3n, manzanilla, cal\u00e9ndula, cempas\u00fachil (tagete, clavel\u00f3n), jacinto, chabacano, musgo de roble, manzana, cilantro, mandarina, ylang-ylang, lichi, grosellas negras y casia; las Notas de Coraz\u00f3n son durazno (melocot\u00f3n), lirio de los valles (muguete), clavel, rosa, jazm\u00edn y clavos de olor; las Notas de Fondo son musgo de roble, almizcle, s\u00e1ndalo, \u00e1mbar, vetiver, cedro y vainilla.<\/p>\n","protected":false},"featured_media":38154,"comment_status":"open","ping_status":"open","template":"","meta":[],"product_cat":[639,381,342,340,353,362,370,343,339,428,431],"product_tag":[],"class_list":{"0":"post-38150","1":"product","2":"type-product","3":"status-publish","4":"has-post-thumbnail","6":"product_cat-perfumes-de-linea-dama-perfumes-de-linea","7":"product_cat-calvin-klein-marca","8":"product_cat-clasificacion","9":"product_cat-concentracion","10":"product_cat-disenador-clasificacion","11":"product_cat-eau-de-parfum-concentracion","12":"product_cat-femenino-genero","13":"product_cat-genero","14":"product_cat-marca","15":"product_cat-perfumes-de-linea","16":"product_cat-perfumes-disenador-perfumes-de-linea","18":"first","19":"instock","20":"purchasable","21":"product-type-simple","22":"add-to-wishlist-after_add_to_cart"},"aioseo_notices":[],"_links":{"self":[{"href":"https:\/\/safari.mx\/index.php\/wp-json\/wp\/v2\/product\/38150","targetHints":{"allow":["GET"]}}],"collection":[{"href":"https:\/\/safari.mx\/index.php\/wp-json\/wp\/v2\/product"}],"about":[{"href":"https:\/\/safari.mx\/index.php\/wp-json\/wp\/v2\/types\/product"}],"replies":[{"embeddable":true,"href":"https:\/\/safari.mx\/index.php\/wp-json\/wp\/v2\/comments?post=38150"}],"wp:featuredmedia":[{"embeddable":true,"href":"https:\/\/safari.mx\/index.php\/wp-json\/wp\/v2\/media\/38154"}],"wp:attachment":[{"href":"https:\/\/safari.mx\/index.php\/wp-json\/wp\/v2\/media?parent=38150"}],"wp:term":[{"taxonomy":"product_cat","embeddable":true,"href":"https:\/\/safari.mx\/index.php\/wp-json\/wp\/v2\/product_cat?post=38150"},{"taxonomy":"product_tag","embeddable":true,"href":"https:\/\/safari.mx\/index.php\/wp-json\/wp\/v2\/product_tag?post=38150"}],"curies":[{"name":"wp","href":"https:\/\/api.w.org\/{rel}","templated":true}]}}