{"id":38249,"date":"2024-08-13T15:22:40","date_gmt":"2024-08-13T15:22:40","guid":{"rendered":"https:\/\/safari.mx\/index.php\/product\/212-men-heroes-forever-young-150ml-carolina-herrera-2\/"},"modified":"2024-08-13T15:22:45","modified_gmt":"2024-08-13T15:22:45","slug":"212-men-heroes-forever-young-150ml-carolina-herrera-2","status":"publish","type":"product","link":"https:\/\/safari.mx\/index.php\/product\/212-men-heroes-forever-young-150ml-carolina-herrera-2\/","title":{"rendered":"212 Men Heroes Forever Young 150Ml &#8211; Carolina Herrera"},"content":{"rendered":"<p><strong>ACORDES:<\/strong> Arom\u00e1tico, afrutados, herbal, c\u00e1lido especiado, cannabis, dulce, almizclado, fresco, fresco especiado, acu\u00e1tico.<\/p>\n","protected":false},"excerpt":{"rendered":"<p>212 Heroes de Carolina Herrera es una fragancia de la familia olfativa Arom\u00e1tica Frutal para Hombres. 212 Heroes se lanz\u00f3 en 2021. 212 Heroes fue creada por Domitille Michalon Bertier, Juliette Karagueuzoglou y Carlos Benaim. Las Notas de Salida son pera, marihuana (cannabis) y jengibre; las Notas de Coraz\u00f3n son geranio y salvia; las Notas de Fondo son almizcle y cuero.<\/p>\n","protected":false},"featured_media":38250,"comment_status":"open","ping_status":"open","template":"","meta":[],"product_cat":[385,342,340,353,354,343,339,351,428,430,431],"product_tag":[],"class_list":{"0":"post-38249","1":"product","2":"type-product","3":"status-publish","4":"has-post-thumbnail","6":"product_cat-carolina-herrera-marca","7":"product_cat-clasificacion","8":"product_cat-concentracion","9":"product_cat-disenador-clasificacion","10":"product_cat-eau-de-toilette-concentracion","11":"product_cat-genero","12":"product_cat-marca","13":"product_cat-masculino-genero","14":"product_cat-perfumes-de-linea","15":"product_cat-perfumes-de-linea-caballero","16":"product_cat-perfumes-disenador-perfumes-de-linea","17":"ts_product_brand-carolina-herrera","19":"first","20":"instock","21":"purchasable","22":"product-type-simple","23":"add-to-wishlist-after_add_to_cart"},"aioseo_notices":[],"_links":{"self":[{"href":"https:\/\/safari.mx\/index.php\/wp-json\/wp\/v2\/product\/38249","targetHints":{"allow":["GET"]}}],"collection":[{"href":"https:\/\/safari.mx\/index.php\/wp-json\/wp\/v2\/product"}],"about":[{"href":"https:\/\/safari.mx\/index.php\/wp-json\/wp\/v2\/types\/product"}],"replies":[{"embeddable":true,"href":"https:\/\/safari.mx\/index.php\/wp-json\/wp\/v2\/comments?post=38249"}],"wp:featuredmedia":[{"embeddable":true,"href":"https:\/\/safari.mx\/index.php\/wp-json\/wp\/v2\/media\/38250"}],"wp:attachment":[{"href":"https:\/\/safari.mx\/index.php\/wp-json\/wp\/v2\/media?parent=38249"}],"wp:term":[{"taxonomy":"product_cat","embeddable":true,"href":"https:\/\/safari.mx\/index.php\/wp-json\/wp\/v2\/product_cat?post=38249"},{"taxonomy":"product_tag","embeddable":true,"href":"https:\/\/safari.mx\/index.php\/wp-json\/wp\/v2\/product_tag?post=38249"}],"curies":[{"name":"wp","href":"https:\/\/api.w.org\/{rel}","templated":true}]}}