{"id":38253,"date":"2024-08-13T15:22:53","date_gmt":"2024-08-13T15:22:53","guid":{"rendered":"https:\/\/safari.mx\/index.php\/product\/212-men-nyc-100ml-carolina-herrera-2\/"},"modified":"2024-08-13T15:22:58","modified_gmt":"2024-08-13T15:22:58","slug":"212-men-nyc-200ml-carolina-herrera","status":"publish","type":"product","link":"https:\/\/safari.mx\/index.php\/product\/212-men-nyc-200ml-carolina-herrera\/","title":{"rendered":"212 Men Nyc 200Ml &#8211; Carolina Herrera"},"content":{"rendered":"<p><strong>ACORDES:<\/strong> C\u00edtrico, verde, c\u00e1lido especiado, arom\u00e1tico, amaderado, atalcado, fresco especiado, almizclado, lavanda, violeta.<\/p>\n","protected":false},"excerpt":{"rendered":"<p>212 Men de Carolina Herrera es una fragancia de la familia olfativa Almizcle Amaderado Floral para Hombres. 212 Men se lanz\u00f3 en 1999. 212 Men fue creada por Alberto Morillas, Rosendo Mateu y Ann Gottlieb. Las Notas de Salida son notas verdes, toronja (pomelo), especias, bergamota, lavanda y petit grain; las Notas de Coraz\u00f3n son jengibre, violeta, gardenia y salvia; las Notas de Fondo son almizcle, s\u00e1ndalo, incienso, vetiver, madera de gaiac y l\u00e1dano.<\/p>\n","protected":false},"featured_media":38255,"comment_status":"open","ping_status":"open","template":"","meta":[],"product_cat":[385,342,340,353,354,343,339,351,428,430,431],"product_tag":[],"class_list":{"0":"post-38253","1":"product","2":"type-product","3":"status-publish","4":"has-post-thumbnail","6":"product_cat-carolina-herrera-marca","7":"product_cat-clasificacion","8":"product_cat-concentracion","9":"product_cat-disenador-clasificacion","10":"product_cat-eau-de-toilette-concentracion","11":"product_cat-genero","12":"product_cat-marca","13":"product_cat-masculino-genero","14":"product_cat-perfumes-de-linea","15":"product_cat-perfumes-de-linea-caballero","16":"product_cat-perfumes-disenador-perfumes-de-linea","17":"ts_product_brand-carolina-herrera","19":"first","20":"instock","21":"purchasable","22":"product-type-simple","23":"add-to-wishlist-after_add_to_cart"},"aioseo_notices":[],"_links":{"self":[{"href":"https:\/\/safari.mx\/index.php\/wp-json\/wp\/v2\/product\/38253","targetHints":{"allow":["GET"]}}],"collection":[{"href":"https:\/\/safari.mx\/index.php\/wp-json\/wp\/v2\/product"}],"about":[{"href":"https:\/\/safari.mx\/index.php\/wp-json\/wp\/v2\/types\/product"}],"replies":[{"embeddable":true,"href":"https:\/\/safari.mx\/index.php\/wp-json\/wp\/v2\/comments?post=38253"}],"wp:featuredmedia":[{"embeddable":true,"href":"https:\/\/safari.mx\/index.php\/wp-json\/wp\/v2\/media\/38255"}],"wp:attachment":[{"href":"https:\/\/safari.mx\/index.php\/wp-json\/wp\/v2\/media?parent=38253"}],"wp:term":[{"taxonomy":"product_cat","embeddable":true,"href":"https:\/\/safari.mx\/index.php\/wp-json\/wp\/v2\/product_cat?post=38253"},{"taxonomy":"product_tag","embeddable":true,"href":"https:\/\/safari.mx\/index.php\/wp-json\/wp\/v2\/product_tag?post=38253"}],"curies":[{"name":"wp","href":"https:\/\/api.w.org\/{rel}","templated":true}]}}