{"id":38264,"date":"2024-08-13T15:23:22","date_gmt":"2024-08-13T15:23:22","guid":{"rendered":"https:\/\/safari.mx\/index.php\/product\/212-vip-black-100ml-carolina-herrera\/"},"modified":"2024-08-13T15:23:27","modified_gmt":"2024-08-13T15:23:27","slug":"212-vip-black-100ml-carolina-herrera","status":"publish","type":"product","link":"https:\/\/safari.mx\/index.php\/product\/212-vip-black-100ml-carolina-herrera\/","title":{"rendered":"212 Vip Black 100Ml &#8211; Carolina Herrera"},"content":{"rendered":"<p><strong>ACORDES:<\/strong> Arom\u00e1tico, avainillado, especiado suave, an\u00eds, almizclado, lavanda, atalcado, amargo, dulce.<\/p>\n","protected":false},"excerpt":{"rendered":"<p>212 VIP Black de Carolina Herrera es una fragancia de la familia olfativa Arom\u00e1tica Foug\u00e8re para Hombres. 212 VIP Black se lanz\u00f3 en 2017. 212 VIP Black fue creada por Carlos Benaim y Anne Flipo. Las Notas de Salida son absenta, an\u00eds y hinojo; la Nota de Coraz\u00f3n es lavanda; las Notas de Fondo son vaina de vainilla negra y almizcle.<\/p>\n","protected":false},"featured_media":38266,"comment_status":"open","ping_status":"open","template":"","meta":[],"product_cat":[385,342,340,353,354,343,339,351,428,430,431],"product_tag":[],"class_list":{"0":"post-38264","1":"product","2":"type-product","3":"status-publish","4":"has-post-thumbnail","6":"product_cat-carolina-herrera-marca","7":"product_cat-clasificacion","8":"product_cat-concentracion","9":"product_cat-disenador-clasificacion","10":"product_cat-eau-de-toilette-concentracion","11":"product_cat-genero","12":"product_cat-marca","13":"product_cat-masculino-genero","14":"product_cat-perfumes-de-linea","15":"product_cat-perfumes-de-linea-caballero","16":"product_cat-perfumes-disenador-perfumes-de-linea","17":"ts_product_brand-carolina-herrera","19":"first","20":"instock","21":"purchasable","22":"product-type-simple","23":"add-to-wishlist-after_add_to_cart"},"aioseo_notices":[],"_links":{"self":[{"href":"https:\/\/safari.mx\/index.php\/wp-json\/wp\/v2\/product\/38264","targetHints":{"allow":["GET"]}}],"collection":[{"href":"https:\/\/safari.mx\/index.php\/wp-json\/wp\/v2\/product"}],"about":[{"href":"https:\/\/safari.mx\/index.php\/wp-json\/wp\/v2\/types\/product"}],"replies":[{"embeddable":true,"href":"https:\/\/safari.mx\/index.php\/wp-json\/wp\/v2\/comments?post=38264"}],"wp:featuredmedia":[{"embeddable":true,"href":"https:\/\/safari.mx\/index.php\/wp-json\/wp\/v2\/media\/38266"}],"wp:attachment":[{"href":"https:\/\/safari.mx\/index.php\/wp-json\/wp\/v2\/media?parent=38264"}],"wp:term":[{"taxonomy":"product_cat","embeddable":true,"href":"https:\/\/safari.mx\/index.php\/wp-json\/wp\/v2\/product_cat?post=38264"},{"taxonomy":"product_tag","embeddable":true,"href":"https:\/\/safari.mx\/index.php\/wp-json\/wp\/v2\/product_tag?post=38264"}],"curies":[{"name":"wp","href":"https:\/\/api.w.org\/{rel}","templated":true}]}}