{"id":38272,"date":"2024-08-13T15:23:38","date_gmt":"2024-08-13T15:23:38","guid":{"rendered":"https:\/\/safari.mx\/index.php\/product\/bad-boy-100ml-carolina-herrera\/"},"modified":"2024-10-07T21:52:42","modified_gmt":"2024-10-07T21:52:42","slug":"bad-boy-100ml-carolina-herrera","status":"publish","type":"product","link":"https:\/\/safari.mx\/index.php\/product\/bad-boy-100ml-carolina-herrera\/","title":{"rendered":"Bad Boy 100Ml &#8211; Carolina Herrera"},"content":{"rendered":"<p><strong>ACORDES:<\/strong> C\u00e1lido especiado, fresco especiado, cacao, avainillado, arom\u00e1tico, dulce, c\u00edtrico, \u00e1mbar, amaderado.<\/p>\n","protected":false},"excerpt":{"rendered":"<p>Bad Boy de Carolina Herrera es una fragancia de la familia olfativa \u00c1mbar Especiada para Hombres. Bad Boy se lanz\u00f3 en 2019. Bad Boy fue creada por Quentin Bisch y Louise Turner. Las Notas de Salida son pimienta blanca, bergamota y pimienta rosa; las Notas de Coraz\u00f3n son cedro y esclarea; las Notas de Fondo son haba tonka y cacao.<\/p>\n","protected":false},"featured_media":41432,"comment_status":"open","ping_status":"closed","template":"","meta":[],"product_cat":[385,342,340,353,354,343,339,351,428,430,431],"product_tag":[],"class_list":{"0":"post-38272","1":"product","2":"type-product","3":"status-publish","4":"has-post-thumbnail","6":"product_cat-carolina-herrera-marca","7":"product_cat-clasificacion","8":"product_cat-concentracion","9":"product_cat-disenador-clasificacion","10":"product_cat-eau-de-toilette-concentracion","11":"product_cat-genero","12":"product_cat-marca","13":"product_cat-masculino-genero","14":"product_cat-perfumes-de-linea","15":"product_cat-perfumes-de-linea-caballero","16":"product_cat-perfumes-disenador-perfumes-de-linea","17":"ts_product_brand-carolina-herrera","19":"first","20":"instock","21":"purchasable","22":"product-type-simple","23":"add-to-wishlist-after_add_to_cart"},"aioseo_notices":[],"_links":{"self":[{"href":"https:\/\/safari.mx\/index.php\/wp-json\/wp\/v2\/product\/38272","targetHints":{"allow":["GET"]}}],"collection":[{"href":"https:\/\/safari.mx\/index.php\/wp-json\/wp\/v2\/product"}],"about":[{"href":"https:\/\/safari.mx\/index.php\/wp-json\/wp\/v2\/types\/product"}],"replies":[{"embeddable":true,"href":"https:\/\/safari.mx\/index.php\/wp-json\/wp\/v2\/comments?post=38272"}],"wp:featuredmedia":[{"embeddable":true,"href":"https:\/\/safari.mx\/index.php\/wp-json\/wp\/v2\/media\/41432"}],"wp:attachment":[{"href":"https:\/\/safari.mx\/index.php\/wp-json\/wp\/v2\/media?parent=38272"}],"wp:term":[{"taxonomy":"product_cat","embeddable":true,"href":"https:\/\/safari.mx\/index.php\/wp-json\/wp\/v2\/product_cat?post=38272"},{"taxonomy":"product_tag","embeddable":true,"href":"https:\/\/safari.mx\/index.php\/wp-json\/wp\/v2\/product_tag?post=38272"}],"curies":[{"name":"wp","href":"https:\/\/api.w.org\/{rel}","templated":true}]}}