{"id":38288,"date":"2024-08-13T15:24:10","date_gmt":"2024-08-13T15:24:10","guid":{"rendered":"https:\/\/safari.mx\/index.php\/product\/herrera-for-men-100ml-carolina-herrera\/"},"modified":"2024-08-13T15:24:14","modified_gmt":"2024-08-13T15:24:14","slug":"herrera-for-men-100ml-carolina-herrera","status":"publish","type":"product","link":"https:\/\/safari.mx\/index.php\/product\/herrera-for-men-100ml-carolina-herrera\/","title":{"rendered":"Herrera for Men 100ml &#8211; Carolina Herrera"},"content":{"rendered":"<p><strong>ACORDES:<\/strong> Arom\u00e1tico, fresco especiado, tabaco, c\u00e1lido especiado, c\u00edtrico, amaderado, dulce, lavanda, florales, \u00e1mbar.<\/p>\n","protected":false},"excerpt":{"rendered":"<p>Herrera For Men de Carolina Herrera es una fragancia de la familia olfativa Almizcle Amaderado Floral para Hombres. Herrera For Men se lanz\u00f3 en 1991. Herrera For Men fue creada por Rosendo Mateu y Carlos Benaim. Las Notas de Salida son lim\u00f3n (lima \u00e1cida), lavanda, romero y neroli; las Notas de Coraz\u00f3n son clavos de olor, geranio y tr\u00e9bol blanco; las Notas de Fondo son tabaco, s\u00e1ndalo y \u00e1mbar gris.<\/p>\n","protected":false},"featured_media":38289,"comment_status":"open","ping_status":"open","template":"","meta":[],"product_cat":[385,342,340,353,354,343,339,351,428,430,431],"product_tag":[],"class_list":{"0":"post-38288","1":"product","2":"type-product","3":"status-publish","4":"has-post-thumbnail","6":"product_cat-carolina-herrera-marca","7":"product_cat-clasificacion","8":"product_cat-concentracion","9":"product_cat-disenador-clasificacion","10":"product_cat-eau-de-toilette-concentracion","11":"product_cat-genero","12":"product_cat-marca","13":"product_cat-masculino-genero","14":"product_cat-perfumes-de-linea","15":"product_cat-perfumes-de-linea-caballero","16":"product_cat-perfumes-disenador-perfumes-de-linea","17":"ts_product_brand-carolina-herrera","19":"first","20":"instock","21":"purchasable","22":"product-type-simple","23":"add-to-wishlist-after_add_to_cart"},"aioseo_notices":[],"_links":{"self":[{"href":"https:\/\/safari.mx\/index.php\/wp-json\/wp\/v2\/product\/38288","targetHints":{"allow":["GET"]}}],"collection":[{"href":"https:\/\/safari.mx\/index.php\/wp-json\/wp\/v2\/product"}],"about":[{"href":"https:\/\/safari.mx\/index.php\/wp-json\/wp\/v2\/types\/product"}],"replies":[{"embeddable":true,"href":"https:\/\/safari.mx\/index.php\/wp-json\/wp\/v2\/comments?post=38288"}],"wp:featuredmedia":[{"embeddable":true,"href":"https:\/\/safari.mx\/index.php\/wp-json\/wp\/v2\/media\/38289"}],"wp:attachment":[{"href":"https:\/\/safari.mx\/index.php\/wp-json\/wp\/v2\/media?parent=38288"}],"wp:term":[{"taxonomy":"product_cat","embeddable":true,"href":"https:\/\/safari.mx\/index.php\/wp-json\/wp\/v2\/product_cat?post=38288"},{"taxonomy":"product_tag","embeddable":true,"href":"https:\/\/safari.mx\/index.php\/wp-json\/wp\/v2\/product_tag?post=38288"}],"curies":[{"name":"wp","href":"https:\/\/api.w.org\/{rel}","templated":true}]}}