{"id":38306,"date":"2024-08-13T15:24:52","date_gmt":"2024-08-13T15:24:52","guid":{"rendered":"https:\/\/safari.mx\/index.php\/product\/good-girl-150ml-carolina-herrera\/"},"modified":"2024-08-13T15:24:56","modified_gmt":"2024-08-13T15:24:56","slug":"good-girl-150ml-carolina-herrera","status":"publish","type":"product","link":"https:\/\/safari.mx\/index.php\/product\/good-girl-150ml-carolina-herrera\/","title":{"rendered":"Good Girl 150Ml &#8211; Carolina Herrera"},"content":{"rendered":"<p><strong>ACORDES:<\/strong> Dulce, floral blanco, c\u00e1lido especiado, avainillado, cacao, \u00e1mbar, amaderado, nardos, almendrado, atalcado.<\/p>\n","protected":false},"excerpt":{"rendered":"<p>Good Girl de Carolina Herrera es una fragancia de la familia olfativa \u00c1mbar Floral para Mujeres. Good Girl se lanz\u00f3 en 2016. Good Girl fue creada por Louise Turner y Quentin Bisch. Las Notas de Salida son almendra, caf\u00e9, bergamota y lim\u00f3n (lima \u00e1cida); las Notas de Coraz\u00f3n son nardos, jazm\u00edn sambac (sampaguita), flor de azahar del naranjo, ra\u00edz de lirio y rosa de Bulgaria (rosa Damascena de Bulgaria); las Notas de Fondo son haba tonka, cacao, vainilla, pralin\u00e9, s\u00e1ndalo, almizcle, \u00e1mbar, madera de cachemira, canela, pachul\u00ed y cedro.<\/p>\n","protected":false},"featured_media":38308,"comment_status":"open","ping_status":"open","template":"","meta":[],"product_cat":[639,385,342,340,353,362,370,343,339,428,431],"product_tag":[],"class_list":{"0":"post-38306","1":"product","2":"type-product","3":"status-publish","4":"has-post-thumbnail","6":"product_cat-perfumes-de-linea-dama-perfumes-de-linea","7":"product_cat-carolina-herrera-marca","8":"product_cat-clasificacion","9":"product_cat-concentracion","10":"product_cat-disenador-clasificacion","11":"product_cat-eau-de-parfum-concentracion","12":"product_cat-femenino-genero","13":"product_cat-genero","14":"product_cat-marca","15":"product_cat-perfumes-de-linea","16":"product_cat-perfumes-disenador-perfumes-de-linea","17":"ts_product_brand-carolina-herrera","19":"first","20":"instock","21":"purchasable","22":"product-type-simple","23":"add-to-wishlist-after_add_to_cart"},"aioseo_notices":[],"_links":{"self":[{"href":"https:\/\/safari.mx\/index.php\/wp-json\/wp\/v2\/product\/38306","targetHints":{"allow":["GET"]}}],"collection":[{"href":"https:\/\/safari.mx\/index.php\/wp-json\/wp\/v2\/product"}],"about":[{"href":"https:\/\/safari.mx\/index.php\/wp-json\/wp\/v2\/types\/product"}],"replies":[{"embeddable":true,"href":"https:\/\/safari.mx\/index.php\/wp-json\/wp\/v2\/comments?post=38306"}],"wp:featuredmedia":[{"embeddable":true,"href":"https:\/\/safari.mx\/index.php\/wp-json\/wp\/v2\/media\/38308"}],"wp:attachment":[{"href":"https:\/\/safari.mx\/index.php\/wp-json\/wp\/v2\/media?parent=38306"}],"wp:term":[{"taxonomy":"product_cat","embeddable":true,"href":"https:\/\/safari.mx\/index.php\/wp-json\/wp\/v2\/product_cat?post=38306"},{"taxonomy":"product_tag","embeddable":true,"href":"https:\/\/safari.mx\/index.php\/wp-json\/wp\/v2\/product_tag?post=38306"}],"curies":[{"name":"wp","href":"https:\/\/api.w.org\/{rel}","templated":true}]}}