{"id":38319,"date":"2024-08-13T15:25:34","date_gmt":"2024-08-13T15:25:34","guid":{"rendered":"https:\/\/safari.mx\/index.php\/product\/very-good-girl-glam-80ml-carolina-herrera\/"},"modified":"2024-08-13T15:25:38","modified_gmt":"2024-08-13T15:25:38","slug":"coach-100ml-coach","status":"publish","type":"product","link":"https:\/\/safari.mx\/index.php\/product\/coach-100ml-coach\/","title":{"rendered":"Coach 100ml &#8211; Coach"},"content":{"rendered":"<p><strong>ACORDES:<\/strong> C\u00edtrico, arom\u00e1tico, \u00e1mbar, fresco especiado, afrutados, amaderado, dulce, c\u00e1lido especiado, lavanda, anim\u00e1lico.<\/p>\n","protected":false},"excerpt":{"rendered":"<p>Coach for Men de Coach es una fragancia de la familia olfativa Amaderada Arom\u00e1tica para Hombres. Coach for Men se lanz\u00f3 en 2017. Coach for Men fue creada por Anne Flipo y Bruno Jovanovic. Las Notas de Salida son pera, kumquat (naranja enana), bergamota, lavanda y toronja (pomelo); las Notas de Coraz\u00f3n son cardamomo, geranio y cilantro; las Notas de Fondo son \u00e1mbar gris, gamuza, Amberwood y vetiver de Hait\u00ed.<\/p>\n","protected":false},"featured_media":38325,"comment_status":"open","ping_status":"open","template":"","meta":[],"product_cat":[521,342,340,353,354,343,339,351,428,430,431],"product_tag":[],"class_list":{"0":"post-38319","1":"product","2":"type-product","3":"status-publish","4":"has-post-thumbnail","6":"product_cat-coach-marca","7":"product_cat-clasificacion","8":"product_cat-concentracion","9":"product_cat-disenador-clasificacion","10":"product_cat-eau-de-toilette-concentracion","11":"product_cat-genero","12":"product_cat-marca","13":"product_cat-masculino-genero","14":"product_cat-perfumes-de-linea","15":"product_cat-perfumes-de-linea-caballero","16":"product_cat-perfumes-disenador-perfumes-de-linea","17":"ts_product_brand-coach","19":"first","20":"instock","21":"purchasable","22":"product-type-simple","23":"add-to-wishlist-after_add_to_cart"},"aioseo_notices":[],"_links":{"self":[{"href":"https:\/\/safari.mx\/index.php\/wp-json\/wp\/v2\/product\/38319","targetHints":{"allow":["GET"]}}],"collection":[{"href":"https:\/\/safari.mx\/index.php\/wp-json\/wp\/v2\/product"}],"about":[{"href":"https:\/\/safari.mx\/index.php\/wp-json\/wp\/v2\/types\/product"}],"replies":[{"embeddable":true,"href":"https:\/\/safari.mx\/index.php\/wp-json\/wp\/v2\/comments?post=38319"}],"wp:featuredmedia":[{"embeddable":true,"href":"https:\/\/safari.mx\/index.php\/wp-json\/wp\/v2\/media\/38325"}],"wp:attachment":[{"href":"https:\/\/safari.mx\/index.php\/wp-json\/wp\/v2\/media?parent=38319"}],"wp:term":[{"taxonomy":"product_cat","embeddable":true,"href":"https:\/\/safari.mx\/index.php\/wp-json\/wp\/v2\/product_cat?post=38319"},{"taxonomy":"product_tag","embeddable":true,"href":"https:\/\/safari.mx\/index.php\/wp-json\/wp\/v2\/product_tag?post=38319"}],"curies":[{"name":"wp","href":"https:\/\/api.w.org\/{rel}","templated":true}]}}